 {"id":3310,"date":"2025-12-11T18:42:28","date_gmt":"2025-12-11T10:42:28","guid":{"rendered":"https:\/\/oqitop.com\/?post_type=product&#038;p=3310"},"modified":"2026-01-14T16:32:42","modified_gmt":"2026-01-14T08:32:42","slug":"99-5-purity-fe-foam-iron-metal-foam-for-laboratory-research","status":"publish","type":"product","link":"https:\/\/oqitop.com\/pt\/product\/99-5-purity-fe-foam-iron-metal-foam-for-laboratory-research\/","title":{"rendered":"99.5% Purity Fe Foam Iron Metal Foam For Laboratory Research"},"content":{"rendered":"<h3 style=\"text-align: center;\"><span style=\"color: #ff0000;\">99.5% Purity Fe Foam Iron Metal Foam For Laboratory Research<\/span><\/h3>\n<p><iframe src=\"https:\/\/www.youtube.com\/embed\/66OLtBu6DmE?rel=0\" allowfullscreen=\"allowfullscreen\" data-mce-fragment=\"1\"><span data-mce-type=\"bookmark\" style=\"display: inline-block; width: 0px; overflow: hidden; line-height: 0;\" class=\"mce_SELRES_start\"><\/span><span data-mce-type=\"bookmark\" style=\"display: inline-block; width: 0px; overflow: hidden; line-height: 0;\" class=\"mce_SELRES_start\"><\/span><\/iframe><\/p>\n<p class=\"p\" align=\"justify\"><strong>Vantagem<\/strong><\/p>\n<p class=\"p\" align=\"justify\"><a href=\"https:\/\/oqitop.com\/pt\/produtos\/espuma-metalica\/iron-foam\/\" target=\"_blank\" rel=\"nofollow noopener\">Espuma de ferro<\/a> e as suas ligas s\u00e3o leves, com absor\u00e7\u00e3o de som, isolamento t\u00e9rmico, amortecimento de vibra\u00e7\u00f5es e absor\u00e7\u00e3o de choques.<br \/>\n1. Absor\u00e7\u00e3o sonora: a estrutura porosa tem caracter\u00edsticas de absor\u00e7\u00e3o de frequ\u00eancia ampla.<br \/>\n2. Isolamento ac\u00fastico: atrav\u00e9s de um tratamento adicional, \u00e9 poss\u00edvel interceptar ru\u00eddos elevados, e o efeito de isolamento ac\u00fastico \u00e9 bom.<br \/>\n3. Blindagem contra ondas eletr\u00f3nicas: Blindagem contra ondas eletr\u00f3nicas de cerca de 90 dB.<br \/>\n4. Processabilidade: pode cortar, dobrar e simplesmente colar.<br \/>\n5. Resist\u00eancia ao fogo: mant\u00e9m a forma est\u00e1vel, dif\u00edcil de queimar sob alta temperatura, resist\u00eancia a altas temperaturas.<br \/>\n6. Forte condutividade t\u00e9rmica.<br \/>\n7. Possui boa permeabilidade ao ar e fun\u00e7\u00e3o de filtragem, e a estabilidade do fluxo de g\u00e1s e fluido \u00e9 super forte.<br \/>\n8. Resist\u00eancia a altas temperaturas acima de 1100 \u2103, estrutura porosa uniforme e r\u00e1pida transfer\u00eancia de calor.<\/p>\n<p class=\"p\" align=\"justify\"><strong>Especifica\u00e7\u00f5es<\/strong><\/p>\n<table border=\"1\" cellspacing=\"0\">\n<tbody>\n<tr>\n<td valign=\"top\" width=\"89\">\n<p class=\"p\" align=\"center\"><span class=\"15\">Item<\/span><\/p>\n<\/td>\n<td valign=\"top\" width=\"298\">\n<p class=\"p\" align=\"center\"><span class=\"15\">Especifica\u00e7\u00f5es produz\u00edveis<\/span><\/p>\n<\/td>\n<td colspan=\"2\" valign=\"top\" width=\"231\">\n<p class=\"p\" align=\"center\"><span class=\"15\">Especifica\u00e7\u00f5es de refer\u00eancia<\/span><\/p>\n<\/td>\n<\/tr>\n<tr>\n<td valign=\"top\" width=\"89\">\n<p class=\"p\" align=\"center\">PPI<\/p>\n<\/td>\n<td valign=\"top\" width=\"298\">\n<p class=\"p\" align=\"center\"><span class=\"15\">8-110 (\u00b12\/5\/10)<\/span><\/p>\n<\/td>\n<td valign=\"top\" width=\"104\">\n<p class=\"p\" align=\"center\"><span class=\"15\">110 \u00b1 10<\/span><\/p>\n<\/td>\n<td valign=\"top\" width=\"127\">\n<p class=\"p\" align=\"center\"><span class=\"15\">13\u00b12<\/span><\/p>\n<\/td>\n<\/tr>\n<tr>\n<td valign=\"top\" width=\"89\">\n<p class=\"p\" align=\"center\"><span class=\"15\">Densidade superficial<\/span><span class=\"15\">\u00a0<\/span><span class=\"15\">(g\/m\u00b2)<\/span><\/p>\n<\/td>\n<td valign=\"top\" width=\"298\">\n<p class=\"p\" align=\"center\"><span class=\"15\">250-5000 (\u00b15%)<\/span><\/p>\n<\/td>\n<td valign=\"top\" width=\"104\">\n<p class=\"p\" align=\"center\"><span class=\"15\">380 \u00b1 25<\/span><\/p>\n<\/td>\n<td valign=\"top\" width=\"127\">\n<p class=\"p\" align=\"center\"><span class=\"15\">2000 \u00b1 100<\/span><\/p>\n<\/td>\n<\/tr>\n<tr>\n<td valign=\"top\" width=\"89\">\n<p class=\"p\" align=\"center\"><span class=\"15\">tamanho<\/span><span class=\"15\">(mm)<\/span><\/p>\n<\/td>\n<td valign=\"top\" width=\"298\">\n<p class=\"p\" align=\"center\"><span class=\"15\">20-1000 (\u00b10,5\/1,0\/2,0)<\/span><\/p>\n<\/td>\n<td valign=\"top\" width=\"104\">\n<p class=\"p\" align=\"center\"><span class=\"15\">500 \u00b1 0,5<\/span><\/p>\n<\/td>\n<td valign=\"top\" width=\"127\">\n<p class=\"p\" align=\"center\"><span class=\"15\">500\u00b12<\/span><\/p>\n<\/td>\n<\/tr>\n<tr>\n<td valign=\"top\" width=\"89\">\n<p class=\"p\" align=\"center\">Apar\u00eancia<\/p>\n<\/td>\n<td colspan=\"3\" valign=\"top\" width=\"530\">\n<p class=\"p\" align=\"center\"><span class=\"15\">Cinza prateado, sem manchas pretas, pontos cegos, orif\u00edcios e rachaduras<\/span><\/p>\n<\/td>\n<\/tr>\n<tr>\n<td rowspan=\"3\" valign=\"center\" width=\"89\">\n<p class=\"p\" align=\"center\"><span class=\"15\">C<\/span><span class=\"15\">qu\u00edmico\u00a0<\/span><span class=\"15\">C<\/span><span class=\"15\">composi\u00e7\u00e3o<\/span><\/p>\n<\/td>\n<td valign=\"top\" width=\"298\">\n<p class=\"p\"><span class=\"15\">P<\/span><span class=\"15\">ure\u00a0<\/span><span class=\"15\">I<\/span><span class=\"15\">ron<\/span><\/p>\n<\/td>\n<td colspan=\"2\" valign=\"top\" width=\"231\">\n<p class=\"p\"><span class=\"15\">(Fe): \u226499,91 TP3T<\/span><\/p>\n<\/td>\n<\/tr>\n<tr>\n<td valign=\"top\" width=\"298\">\n<p class=\"p\"><span class=\"15\">(C): \u22640,030%<\/span><\/p>\n<\/td>\n<td colspan=\"2\" valign=\"top\" width=\"231\">\n<p class=\"p\"><span class=\"15\">(S): \u22640,008%<\/span><\/p>\n<\/td>\n<\/tr>\n<tr>\n<td valign=\"top\" width=\"298\">\n<p class=\"p\"><span class=\"15\">(Si): 0,0051 TP3T<\/span><\/p>\n<\/td>\n<td colspan=\"2\" valign=\"top\" width=\"231\">\n<p class=\"p\"><span class=\"15\">(Cu): \u22640,005%<\/span><\/p>\n<\/td>\n<\/tr>\n<\/tbody>\n<\/table>\n<p><b><strong>Para personalizar v\u00e1rias espumas met\u00e1licas, clique na imagem abaixo para obter mais detalhes:<\/strong><\/b><\/p>\n<table>\n<tbody>\n<tr>\n<td>&nbsp;<\/p>\n<figure id=\"attachment_2567\" class=\"wp-caption aligncenter\" aria-describedby=\"caption-attachment-2567\"><a href=\"https:\/\/oqitop.com\/pt\/produtos\/espuma-metalica\/copper-foam\/\"><img decoding=\"async\" class=\"wp-image-2567 size-thumbnail\" title=\"Espuma de n\u00edquel de alta condutividade para pesquisa de el\u00e9trodos de bateria 1\" src=\"https:\/\/oqitop.com\/wp-content\/uploads\/2025\/12\/Copper-Foam-150x150.jpg\" sizes=\"(max-width: 150px) 100vw, 150px\" srcset=\"https:\/\/oqitop.com\/wp-content\/uploads\/2025\/12\/Copper-Foam-150x150.jpg 150w, https:\/\/oqitop.com\/wp-content\/uploads\/2025\/12\/Copper-Foam-300x300.jpg 300w, https:\/\/oqitop.com\/wp-content\/uploads\/2025\/12\/Copper-Foam.jpg 600w\" alt=\"\" width=\"150\" height=\"150\" \/><\/a><figcaption id=\"caption-attachment-2567\" class=\"wp-caption-text\"><a href=\"https:\/\/oqitop.com\/pt\/produtos\/espuma-metalica\/copper-foam\/\">Espuma de cobre<\/a><\/figcaption><\/figure>\n<\/td>\n<td>&nbsp;<\/p>\n<figure id=\"attachment_2568\" class=\"wp-caption aligncenter\" aria-describedby=\"caption-attachment-2568\"><a href=\"https:\/\/oqitop.com\/pt\/produtos\/espuma-metalica\/nickel-foam\/\"><img decoding=\"async\" class=\"wp-image-2568 size-thumbnail\" title=\"Espuma de n\u00edquel de alta condutividade para pesquisa de el\u00e9trodos de bateria 2\" src=\"https:\/\/oqitop.com\/wp-content\/uploads\/2025\/12\/Nickel-Foam-150x150.png\" sizes=\"(max-width: 150px) 100vw, 150px\" srcset=\"https:\/\/oqitop.com\/wp-content\/uploads\/2025\/12\/Nickel-Foam-150x150.png 150w, https:\/\/oqitop.com\/wp-content\/uploads\/2025\/12\/Nickel-Foam-300x300.png 300w, https:\/\/oqitop.com\/wp-content\/uploads\/2025\/12\/Nickel-Foam.png 500w\" alt=\"\" width=\"150\" height=\"150\" \/><\/a><figcaption id=\"caption-attachment-2568\" class=\"wp-caption-text\"><a href=\"https:\/\/oqitop.com\/pt\/produtos\/espuma-metalica\/nickel-foam\/\">Espuma de n\u00edquel<\/a><\/figcaption><\/figure>\n<\/td>\n<td>&nbsp;<\/p>\n<figure id=\"attachment_2569\" class=\"wp-caption aligncenter\" aria-describedby=\"caption-attachment-2569\"><a href=\"https:\/\/oqitop.com\/pt\/produtos\/espuma-metalica\/titanium-foam\/\"><img decoding=\"async\" class=\"wp-image-2569 size-thumbnail\" title=\"Espuma de n\u00edquel de alta condutividade para pesquisa de el\u00e9trodos de bateria 3\" src=\"https:\/\/oqitop.com\/wp-content\/uploads\/2025\/12\/Ti-Foam-150x150.png\" sizes=\"(max-width: 150px) 100vw, 150px\" srcset=\"https:\/\/oqitop.com\/wp-content\/uploads\/2025\/12\/Ti-Foam-150x150.png 150w, https:\/\/oqitop.com\/wp-content\/uploads\/2025\/12\/Ti-Foam-300x300.png 300w, https:\/\/oqitop.com\/wp-content\/uploads\/2025\/12\/Ti-Foam.png 500w\" alt=\"\" width=\"150\" height=\"150\" \/><\/a><figcaption id=\"caption-attachment-2569\" class=\"wp-caption-text\"><a href=\"https:\/\/oqitop.com\/pt\/produtos\/espuma-metalica\/titanium-foam\/\">Espuma de tit\u00e2nio<\/a><\/figcaption><\/figure>\n<\/td>\n<td>&nbsp;<\/p>\n<figure id=\"attachment_2571\" class=\"wp-caption aligncenter\" aria-describedby=\"caption-attachment-2571\"><a href=\"https:\/\/oqitop.com\/pt\/produtos\/espuma-metalica\/aluminum-foam\/\"><img loading=\"lazy\" decoding=\"async\" class=\"wp-image-2571 size-thumbnail\" title=\"Espuma de n\u00edquel de alta condutividade para pesquisa de el\u00e9trodos de bateria 4\" src=\"https:\/\/oqitop.com\/wp-content\/uploads\/2025\/12\/Aluminum-Foam-1-150x150.png\" sizes=\"(max-width: 150px) 100vw, 150px\" srcset=\"https:\/\/oqitop.com\/wp-content\/uploads\/2025\/12\/Aluminum-Foam-1-150x150.png 150w, https:\/\/oqitop.com\/wp-content\/uploads\/2025\/12\/Aluminum-Foam-1-300x300.png 300w, https:\/\/oqitop.com\/wp-content\/uploads\/2025\/12\/Aluminum-Foam-1.png 529w\" alt=\"\" width=\"150\" height=\"150\" \/><\/a><figcaption id=\"caption-attachment-2571\" class=\"wp-caption-text\"><a href=\"https:\/\/oqitop.com\/pt\/produtos\/espuma-metalica\/aluminum-foam\/\">Espuma de alum\u00ednio<\/a><\/figcaption><\/figure>\n<\/td>\n<\/tr>\n<tr>\n<td>&nbsp;<\/p>\n<figure id=\"attachment_2572\" class=\"wp-caption aligncenter\" aria-describedby=\"caption-attachment-2572\"><a href=\"https:\/\/oqitop.com\/pt\/produtos\/espuma-metalica\/iron-nickel-foam\/\"><img loading=\"lazy\" decoding=\"async\" class=\"wp-image-2572 size-thumbnail\" title=\"Espuma de n\u00edquel de alta condutividade para pesquisa de el\u00e9trodos de bateria 5\" src=\"https:\/\/oqitop.com\/wp-content\/uploads\/2025\/12\/Iron-Nickel-Foam-150x150.jpg\" sizes=\"(max-width: 150px) 100vw, 150px\" srcset=\"https:\/\/oqitop.com\/wp-content\/uploads\/2025\/12\/Iron-Nickel-Foam-150x150.jpg 150w, https:\/\/oqitop.com\/wp-content\/uploads\/2025\/12\/Iron-Nickel-Foam-300x300.jpg 300w, https:\/\/oqitop.com\/wp-content\/uploads\/2025\/12\/Iron-Nickel-Foam.jpg 720w\" alt=\"\" width=\"150\" height=\"150\" \/><\/a><figcaption id=\"caption-attachment-2572\" class=\"wp-caption-text\"><a href=\"https:\/\/oqitop.com\/pt\/produtos\/espuma-metalica\/iron-nickel-foam\/\">Espuma de ferro e n\u00edquel<\/a><\/figcaption><\/figure>\n<\/td>\n<td>&nbsp;<\/p>\n<figure id=\"attachment_2573\" class=\"wp-caption aligncenter\" aria-describedby=\"caption-attachment-2573\"><a href=\"https:\/\/oqitop.com\/pt\/produtos\/espuma-metalica\/carbon-foam\/\"><img loading=\"lazy\" decoding=\"async\" class=\"wp-image-2573 size-thumbnail\" title=\"Espuma de n\u00edquel de alta condutividade para pesquisa de el\u00e9trodos de bateria 6\" src=\"https:\/\/oqitop.com\/wp-content\/uploads\/2025\/12\/Carbon-Foam-150x150.png\" sizes=\"(max-width: 150px) 100vw, 150px\" srcset=\"https:\/\/oqitop.com\/wp-content\/uploads\/2025\/12\/Carbon-Foam-150x150.png 150w, https:\/\/oqitop.com\/wp-content\/uploads\/2025\/12\/Carbon-Foam-300x300.png 300w, https:\/\/oqitop.com\/wp-content\/uploads\/2025\/12\/Carbon-Foam-768x768.png 768w, https:\/\/oqitop.com\/wp-content\/uploads\/2025\/12\/Carbon-Foam.png 1000w\" alt=\"\" width=\"150\" height=\"150\" \/><\/a><figcaption id=\"caption-attachment-2573\" class=\"wp-caption-text\"><a href=\"https:\/\/oqitop.com\/pt\/produtos\/espuma-metalica\/carbon-foam\/\">Espuma de carbono<\/a><\/figcaption><\/figure>\n<\/td>\n<td>&nbsp;<\/p>\n<figure id=\"attachment_2574\" class=\"wp-caption aligncenter\" aria-describedby=\"caption-attachment-2574\"><a href=\"https:\/\/oqitop.com\/pt\/produtos\/espuma-metalica\/espuma-prateada\/\"><img loading=\"lazy\" decoding=\"async\" class=\"wp-image-2574 size-thumbnail\" title=\"Espuma de n\u00edquel de alta condutividade para pesquisa de el\u00e9trodos de bateria 7\" src=\"https:\/\/oqitop.com\/wp-content\/uploads\/2025\/12\/Silver-Foam-150x150.jpg\" sizes=\"(max-width: 150px) 100vw, 150px\" srcset=\"https:\/\/oqitop.com\/wp-content\/uploads\/2025\/12\/Silver-Foam-150x150.jpg 150w, https:\/\/oqitop.com\/wp-content\/uploads\/2025\/12\/Silver-Foam-300x300.jpg 300w, https:\/\/oqitop.com\/wp-content\/uploads\/2025\/12\/Silver-Foam.jpg 726w\" alt=\"\" width=\"150\" height=\"150\" \/><\/a><figcaption id=\"caption-attachment-2574\" class=\"wp-caption-text\"><a href=\"https:\/\/oqitop.com\/pt\/produtos\/espuma-metalica\/espuma-prateada\/\">Espuma Prateada<\/a><\/figcaption><\/figure>\n<\/td>\n<td>&nbsp;<\/p>\n<figure id=\"attachment_2575\" class=\"wp-caption aligncenter\" aria-describedby=\"caption-attachment-2575\"><a href=\"https:\/\/oqitop.com\/pt\/produtos\/espuma-metalica\/cobalt-foamhttps%3a\/\/oqitop.com\/produtos\/espuma-metalica\/cobalt-foam\/\"><img loading=\"lazy\" decoding=\"async\" class=\"wp-image-2575 size-thumbnail\" title=\"Espuma de n\u00edquel de alta condutividade para pesquisa de el\u00e9trodos de bateria 8\" src=\"https:\/\/oqitop.com\/wp-content\/uploads\/2025\/12\/Cobalt-Foam-150x150.jpg\" sizes=\"(max-width: 150px) 100vw, 150px\" srcset=\"https:\/\/oqitop.com\/wp-content\/uploads\/2025\/12\/Cobalt-Foam-150x150.jpg 150w, https:\/\/oqitop.com\/wp-content\/uploads\/2025\/12\/Cobalt-Foam-300x300.jpg 300w, https:\/\/oqitop.com\/wp-content\/uploads\/2025\/12\/Cobalt-Foam-768x768.jpg 768w, https:\/\/oqitop.com\/wp-content\/uploads\/2025\/12\/Cobalt-Foam.jpg 800w\" alt=\"\" width=\"150\" height=\"150\" \/><\/a><figcaption id=\"caption-attachment-2575\" class=\"wp-caption-text\"><a href=\"https:\/\/oqitop.com\/pt\/produtos\/espuma-metalica\/cobalt-foam\/\">Espuma de cobalto<\/a><\/figcaption><\/figure>\n<\/td>\n<\/tr>\n<\/tbody>\n<\/table>\n<p><img loading=\"lazy\" decoding=\"async\" class=\"aligncenter size-full wp-image-3275\" src=\"https:\/\/oqitop.com\/wp-content\/uploads\/2025\/12\/11111-2.png\" alt=\"\" width=\"1024\" height=\"180\" title=\"\" srcset=\"https:\/\/oqitop.com\/wp-content\/uploads\/2025\/12\/11111-2.png 1024w, https:\/\/oqitop.com\/wp-content\/uploads\/2025\/12\/11111-2-300x53.png 300w, https:\/\/oqitop.com\/wp-content\/uploads\/2025\/12\/11111-2-768x135.png 768w\" sizes=\"(max-width: 1024px) 100vw, 1024px\" \/><img loading=\"lazy\" decoding=\"async\" class=\"aligncenter size-full wp-image-3276\" src=\"https:\/\/oqitop.com\/wp-content\/uploads\/2025\/12\/22222-3.jpg\" alt=\"\" width=\"1024\" height=\"1024\" title=\"\" srcset=\"https:\/\/oqitop.com\/wp-content\/uploads\/2025\/12\/22222-3.jpg 1024w, https:\/\/oqitop.com\/wp-content\/uploads\/2025\/12\/22222-3-300x300.jpg 300w, https:\/\/oqitop.com\/wp-content\/uploads\/2025\/12\/22222-3-150x150.jpg 150w, https:\/\/oqitop.com\/wp-content\/uploads\/2025\/12\/22222-3-768x768.jpg 768w\" sizes=\"(max-width: 1024px) 100vw, 1024px\" \/><img loading=\"lazy\" decoding=\"async\" class=\"aligncenter size-full wp-image-3277\" src=\"https:\/\/oqitop.com\/wp-content\/uploads\/2025\/12\/33333-6.jpg\" alt=\"\" width=\"1024\" height=\"1024\" title=\"\" srcset=\"https:\/\/oqitop.com\/wp-content\/uploads\/2025\/12\/33333-6.jpg 1024w, https:\/\/oqitop.com\/wp-content\/uploads\/2025\/12\/33333-6-300x300.jpg 300w, https:\/\/oqitop.com\/wp-content\/uploads\/2025\/12\/33333-6-150x150.jpg 150w, https:\/\/oqitop.com\/wp-content\/uploads\/2025\/12\/33333-6-768x768.jpg 768w\" sizes=\"(max-width: 1024px) 100vw, 1024px\" \/><img loading=\"lazy\" decoding=\"async\" class=\"aligncenter size-full wp-image-3278\" src=\"https:\/\/oqitop.com\/wp-content\/uploads\/2025\/12\/55555-5.jpg\" alt=\"\" width=\"1024\" height=\"677\" title=\"\" srcset=\"https:\/\/oqitop.com\/wp-content\/uploads\/2025\/12\/55555-5.jpg 1024w, https:\/\/oqitop.com\/wp-content\/uploads\/2025\/12\/55555-5-300x198.jpg 300w, https:\/\/oqitop.com\/wp-content\/uploads\/2025\/12\/55555-5-768x508.jpg 768w\" sizes=\"(max-width: 1024px) 100vw, 1024px\" \/><\/p>","protected":false},"featured_media":3311,"template":"","meta":{"_acf_changed":false,"site-sidebar-layout":"default","site-content-layout":"","ast-site-content-layout":"default","site-content-style":"default","site-sidebar-style":"default","ast-global-header-display":"","ast-banner-title-visibility":"","ast-main-header-display":"","ast-hfb-above-header-display":"","ast-hfb-below-header-display":"","ast-hfb-mobile-header-display":"","site-post-title":"","ast-breadcrumbs-content":"","ast-featured-img":"","footer-sml-layout":"","theme-transparent-header-meta":"default","adv-header-id-meta":"","stick-header-meta":"default","header-above-stick-meta":"","header-main-stick-meta":"","header-below-stick-meta":"","astra-migrate-meta-layouts":"set","ast-page-background-enabled":"default","ast-page-background-meta":{"desktop":{"background-color":"var(--ast-global-color-4)","background-image":"","background-repeat":"repeat","background-position":"center center","background-size":"auto","background-attachment":"scroll","background-type":"","background-media":"","overlay-type":"","overlay-color":"","overlay-opacity":"","overlay-gradient":""},"tablet":{"background-color":"","background-image":"","background-repeat":"repeat","background-position":"center center","background-size":"auto","background-attachment":"scroll","background-type":"","background-media":"","overlay-type":"","overlay-color":"","overlay-opacity":"","overlay-gradient":""},"mobile":{"background-color":"","background-image":"","background-repeat":"repeat","background-position":"center center","background-size":"auto","background-attachment":"scroll","background-type":"","background-media":"","overlay-type":"","overlay-color":"","overlay-opacity":"","overlay-gradient":""}},"ast-content-background-meta":{"desktop":{"background-color":"var(--ast-global-color-5)","background-image":"","background-repeat":"repeat","background-position":"center center","background-size":"auto","background-attachment":"scroll","background-type":"","background-media":"","overlay-type":"","overlay-color":"","overlay-opacity":"","overlay-gradient":""},"tablet":{"background-color":"var(--ast-global-color-5)","background-image":"","background-repeat":"repeat","background-position":"center center","background-size":"auto","background-attachment":"scroll","background-type":"","background-media":"","overlay-type":"","overlay-color":"","overlay-opacity":"","overlay-gradient":""},"mobile":{"background-color":"var(--ast-global-color-5)","background-image":"","background-repeat":"repeat","background-position":"center center","background-size":"auto","background-attachment":"scroll","background-type":"","background-media":"","overlay-type":"","overlay-color":"","overlay-opacity":"","overlay-gradient":""}}},"tags":[],"products":[212,200],"class_list":["post-3310","product","type-product","status-publish","has-post-thumbnail","hentry","products-iron-foam","products-metal-foam"],"acf":[],"_links":{"self":[{"href":"https:\/\/oqitop.com\/pt\/wp-json\/wp\/v2\/product\/3310","targetHints":{"allow":["GET"]}}],"collection":[{"href":"https:\/\/oqitop.com\/pt\/wp-json\/wp\/v2\/product"}],"about":[{"href":"https:\/\/oqitop.com\/pt\/wp-json\/wp\/v2\/types\/product"}],"wp:featuredmedia":[{"embeddable":true,"href":"https:\/\/oqitop.com\/pt\/wp-json\/wp\/v2\/media\/3311"}],"wp:attachment":[{"href":"https:\/\/oqitop.com\/pt\/wp-json\/wp\/v2\/media?parent=3310"}],"wp:term":[{"taxonomy":"post_tag","embeddable":true,"href":"https:\/\/oqitop.com\/pt\/wp-json\/wp\/v2\/tags?post=3310"},{"taxonomy":"products","embeddable":true,"href":"https:\/\/oqitop.com\/pt\/wp-json\/wp\/v2\/products?post=3310"}],"curies":[{"name":"wp","href":"https:\/\/api.w.org\/{rel}","templated":true}]}}