 {"id":3353,"date":"2025-12-12T15:20:58","date_gmt":"2025-12-12T07:20:58","guid":{"rendered":"https:\/\/oqitop.com\/?post_type=product&#038;p=3353"},"modified":"2026-01-14T16:47:22","modified_gmt":"2026-01-14T08:47:22","slug":"filtro-de-espuma-ceramica-de-carboneto-de-sic-silicio-poroso","status":"publish","type":"product","link":"https:\/\/oqitop.com\/pt\/product\/filtro-de-espuma-ceramica-de-carboneto-de-sic-silicio-poroso\/","title":{"rendered":"Filtro de espuma cer\u00e2mica de carboneto de sil\u00edcio SiC poroso"},"content":{"rendered":"<h3 style=\"text-align: center;\"><span style=\"color: #ff0000;\">Filtro de espuma cer\u00e2mica de carboneto de sil\u00edcio SiC poroso<\/span><\/h3>\n<p><iframe src=\"https:\/\/www.youtube.com\/embed\/1OCKuHZn1r0?rel=0\" allowfullscreen=\"allowfullscreen\" data-mce-fragment=\"1\"><span data-mce-type=\"bookmark\" style=\"display: inline-block; width: 0px; overflow: hidden; line-height: 0;\" class=\"mce_SELRES_start\"><\/span><\/iframe><\/p>\n<p align=\"left\"><strong>Introdu\u00e7\u00e3o<\/strong><\/p>\n<div><a href=\"https:\/\/oqitop.com\/pt\/produtos\/espuma-metalica\/ceramic-foamhttps%3a\/\/oqitop.com\/produtos\/espuma-metalica\/ceramic-foam\/\" target=\"_blank\" rel=\"nofollow noopener\"><strong>Espuma cer\u00e2mica<\/strong><\/a>\u00a0s\u00e3o as cer\u00e2micas porosas de terceira gera\u00e7\u00e3o, que foram recentemente desenvolvidas depois das cer\u00e2micas porosas normais e das cer\u00e2micas alveolares. As cer\u00e2micas de espuma podem formar-se com muitas voltas e reviravoltas de numerosos orif\u00edcios min\u00fasculos, que t\u00eam muitas vantagens, tais como alta resist\u00eancia, resist\u00eancia a altas temperaturas e boa filtra\u00e7\u00e3o e adsor\u00e7\u00e3o. Podem ser amplamente utilizadas na metalurgia, fundi\u00e7\u00e3o, ind\u00fastria qu\u00edmica, prote\u00e7\u00e3o ambiental, ind\u00fastria ligeira alimentar e poupan\u00e7a de energia. A porosidade \u00e9 mais do que 80%, a resist\u00eancia \u00e0 tra\u00e7\u00e3o \u00e9 2.2MPa, a temperatura de amolecimento \u00e9 mais do que 1500 \u2103; os materiais s\u00e3o \u00f3xido de alum\u00ednio, \u00f3xido de magn\u00e9sio e carboneto de sil\u00edcio. Os produtos de formato especial podem ser preparados de acordo com as necessidades, com pequena gravidade espec\u00edfica, resist\u00eancia \u00e0 corros\u00e3o e resist\u00eancia \u00e0 eros\u00e3o<\/div>\n<p class=\"p\" align=\"justify\"><strong>Principais carater\u00edsticas<\/strong><\/p>\n<div><\/div>\n<div class=\"table-responsive\">\n<table border=\"1\" cellspacing=\"0\">\n<tbody>\n<tr>\n<td valign=\"center\" width=\"85\">\n<p class=\"\" align=\"center\">Mat\u00e9ria-prima<\/p>\n<\/td>\n<td valign=\"center\" width=\"144\">\n<p class=\"\" align=\"center\">Alumina<\/p>\n<\/td>\n<td valign=\"center\" width=\"136\">\n<p class=\"\" align=\"center\">Carboneto de sil\u00edcio<\/p>\n<\/td>\n<td valign=\"center\">\n<p class=\"\" align=\"center\">Zirc\u00f3nio<\/p>\n<\/td>\n<td valign=\"center\">\n<p class=\"\" align=\"center\">\u00d3xido de magn\u00e9sio<\/p>\n<\/td>\n<\/tr>\n<tr>\n<td valign=\"center\" width=\"85\">\n<p class=\"\" align=\"center\">Cor<\/p>\n<\/td>\n<td valign=\"center\" width=\"144\">\n<p class=\"\" align=\"center\">Branco<\/p>\n<\/td>\n<td valign=\"center\" width=\"136\">\n<p class=\"\" align=\"center\">Preto cinzento<\/p>\n<\/td>\n<td valign=\"center\">\n<p class=\"\" align=\"center\">Amarelo<\/p>\n<\/td>\n<td valign=\"center\">\n<p class=\"\" align=\"center\">Amarelo escuro<\/p>\n<\/td>\n<\/tr>\n<tr>\n<td valign=\"center\" width=\"85\">\n<p class=\"\" align=\"center\">Densidade dos poros<\/p>\n<\/td>\n<td valign=\"center\" width=\"144\">\n<p class=\"\" align=\"center\">8-60ppi<\/p>\n<\/td>\n<td valign=\"center\" width=\"136\">\n<p class=\"\" align=\"center\">8-60ppi<\/p>\n<\/td>\n<td valign=\"center\">\n<p class=\"\" align=\"center\">8-60ppi<\/p>\n<\/td>\n<td valign=\"center\">\n<p class=\"\" align=\"center\">8-60ppi<\/p>\n<\/td>\n<\/tr>\n<tr>\n<td valign=\"center\" width=\"85\">\n<p class=\"\" align=\"center\">Porosidade<\/p>\n<\/td>\n<td valign=\"center\" width=\"144\">\n<p class=\"\" align=\"center\">80-90%<\/p>\n<\/td>\n<td valign=\"center\" width=\"136\">\n<p class=\"\" align=\"center\">80-90%<\/p>\n<\/td>\n<td valign=\"center\">\n<p class=\"\" align=\"center\">80-90%<\/p>\n<\/td>\n<td valign=\"center\">\n<p class=\"\" align=\"center\">80-90%<\/p>\n<\/td>\n<\/tr>\n<tr>\n<td valign=\"center\" width=\"85\">\n<p class=\"\" align=\"center\">Resist\u00eancia ao fogo<\/p>\n<\/td>\n<td valign=\"center\" width=\"144\">\n<p class=\"\" align=\"center\"><i><span class=\"15\">\u22641100\u2103<\/span><\/i><\/p>\n<\/td>\n<td valign=\"center\" width=\"136\">\n<p class=\"\" align=\"center\"><i><span class=\"15\">\u22641500\u2103<\/span><\/i><\/p>\n<\/td>\n<td valign=\"center\">\n<p class=\"\" align=\"center\"><i><span class=\"15\">\u22641700\u2103<\/span><\/i><\/p>\n<\/td>\n<td valign=\"center\">\n<p class=\"\" align=\"center\"><i><span class=\"15\">\u22641000\u2103<\/span><\/i><\/p>\n<\/td>\n<\/tr>\n<tr>\n<td valign=\"center\" width=\"85\">\n<p class=\"\" align=\"center\">Resist\u00eancia \u00e0 flex\u00e3o<\/p>\n<\/td>\n<td valign=\"center\" width=\"144\">\n<p class=\"\" align=\"center\">&gt;0,6Mpa<\/p>\n<\/td>\n<td valign=\"center\" width=\"136\">\n<p class=\"\" align=\"center\">&gt;0,8Mpa<\/p>\n<\/td>\n<td valign=\"center\">\n<p class=\"\" align=\"center\">&gt;1,0Mpa<\/p>\n<\/td>\n<td valign=\"center\">\n<p class=\"\" align=\"center\">&gt;0,6Mpa<\/p>\n<\/td>\n<\/tr>\n<tr>\n<td valign=\"center\" width=\"85\">\n<p class=\"\" align=\"center\">resist\u00eancia \u00e0 compress\u00e3o<\/p>\n<\/td>\n<td valign=\"center\" width=\"144\">\n<p class=\"\" align=\"center\">&gt;0,8Mpa<\/p>\n<\/td>\n<td valign=\"center\" width=\"136\">\n<p class=\"\" align=\"center\">&gt;0,9Mpa<\/p>\n<\/td>\n<td valign=\"center\">\n<p class=\"\" align=\"center\">&gt;1,2Mpa<\/p>\n<\/td>\n<td valign=\"center\">\n<p class=\"\" align=\"center\">&gt;0,8Mpa<\/p>\n<\/td>\n<\/tr>\n<tr>\n<td valign=\"center\" width=\"85\">\n<p class=\"\" align=\"center\">Densidade aparente<\/p>\n<\/td>\n<td valign=\"center\" width=\"144\">\n<p class=\"\" align=\"center\">0,3-0,45g\/cm\u00b3<\/p>\n<\/td>\n<td valign=\"center\" width=\"136\">\n<p class=\"\" align=\"center\">0,35-0,5g\/cm\u00b3<\/p>\n<\/td>\n<td valign=\"center\">\n<p class=\"\" align=\"center\">0,9-1,5g\/cm\u00b3<\/p>\n<\/td>\n<td valign=\"center\">\n<p class=\"\" align=\"center\">0,35-0,5g\/cm\u00b3<\/p>\n<\/td>\n<\/tr>\n<tr>\n<td valign=\"center\" width=\"85\">\n<p class=\"\" align=\"center\">Resist\u00eancia ao choque t\u00e9rmico<\/p>\n<\/td>\n<td valign=\"center\" width=\"144\">\n<p class=\"\" align=\"center\">6 vezes\/1100<i><span class=\"15\">\u2103<\/span><\/i><\/p>\n<\/td>\n<td valign=\"center\" width=\"136\">\n<p class=\"\" align=\"center\">6 vezes\/1100<i><span class=\"15\">\u2103<\/span><\/i><\/p>\n<\/td>\n<td valign=\"center\">\n<p class=\"\" align=\"center\">6 vezes\/1100<i><span class=\"15\">\u2103<\/span><\/i><\/p>\n<\/td>\n<td valign=\"center\">\n<p class=\"\" align=\"center\">6 vezes\/1100<i><span class=\"15\">\u2103<\/span><\/i><\/p>\n<\/td>\n<\/tr>\n<tr>\n<td valign=\"center\" width=\"85\">\n<p class=\"\" align=\"center\">Aplica\u00e7\u00e3o<\/p>\n<\/td>\n<td valign=\"center\" width=\"144\">\n<p class=\"p\" align=\"center\">Liga de alum\u00ednio e outros<\/p>\n<p class=\"p\" align=\"center\">Ligas n\u00e3o ferrosas<\/p>\n<\/td>\n<td valign=\"center\" width=\"136\">\n<p class=\"p\" align=\"center\">Ferro fundido d\u00factil<\/p>\n<p class=\"p\" align=\"center\">ferro male\u00e1vel<\/p>\n<p class=\"p\" align=\"center\">Ferro fundido cinzento e outros ferros fundidos<\/p>\n<p class=\"p\" align=\"center\">\n<\/td>\n<td valign=\"center\">\n<p class=\"p\" align=\"center\">Uma liga met\u00e1lica com elevado ponto de fus\u00e3o, como o a\u00e7o<\/p>\n<p class=\"p\" align=\"center\">Liga de a\u00e7o<\/p>\n<p class=\"p\" align=\"center\">A\u00e7o inoxid\u00e1vel, etc.<\/p>\n<\/td>\n<td valign=\"center\">\n<p class=\"\" align=\"center\">Magn\u00e9sio e ligas de alta atividade<\/p>\n<\/td>\n<\/tr>\n<\/tbody>\n<\/table>\n<p><strong>Dados de refer\u00eancia do fluxo (10ppi)<\/strong><\/p>\n<table border=\"1\" cellspacing=\"0\" cellpadding=\"0\">\n<tbody>\n<tr>\n<td width=\"117\">\n<p align=\"center\">Tamanho (mm)<\/p>\n<\/td>\n<td width=\"336\">\n<p align=\"center\">Peso do filtro (kg)<\/p>\n<\/td>\n<\/tr>\n<tr>\n<td width=\"117\">\n<p align=\"center\">50\u00d750\u00d722<\/p>\n<\/td>\n<td width=\"336\">\n<p align=\"center\">30<\/p>\n<\/td>\n<\/tr>\n<tr>\n<td width=\"117\">\n<p align=\"center\">75\u00d750\u00d722<\/p>\n<\/td>\n<td width=\"336\">\n<p align=\"center\">40<\/p>\n<\/td>\n<\/tr>\n<tr>\n<td width=\"117\">\n<p align=\"center\">75\u00d775\u00d722<\/p>\n<\/td>\n<td width=\"336\">\n<p align=\"center\">60<\/p>\n<\/td>\n<\/tr>\n<tr>\n<td width=\"117\">\n<p align=\"center\">75\u00d7100\u00d722<\/p>\n<\/td>\n<td width=\"336\">\n<p align=\"center\">80<\/p>\n<\/td>\n<\/tr>\n<tr>\n<td width=\"117\">\n<p align=\"center\">100\u00d7100\u00d722<\/p>\n<\/td>\n<td width=\"336\">\n<p align=\"center\">100<\/p>\n<\/td>\n<\/tr>\n<tr>\n<td width=\"117\">\n<p align=\"center\">\u042450\u00d722<\/p>\n<\/td>\n<td width=\"336\">\n<p align=\"center\">18<\/p>\n<\/td>\n<\/tr>\n<tr>\n<td width=\"117\">\n<p align=\"center\">\u042480\u00d722<\/p>\n<\/td>\n<td width=\"336\">\n<p align=\"center\">50<\/p>\n<\/td>\n<\/tr>\n<tr>\n<td width=\"117\">\n<p align=\"center\">\u042490\u00d722<\/p>\n<\/td>\n<td width=\"336\">\n<p align=\"center\">70<\/p>\n<\/td>\n<\/tr>\n<\/tbody>\n<\/table>\n<p><b><strong>Para personalizar v\u00e1rias espumas met\u00e1licas, clique na imagem abaixo para obter mais detalhes:<\/strong><\/b><\/p>\n<table>\n<tbody>\n<tr>\n<td>&nbsp;<\/p>\n<figure id=\"attachment_2567\" class=\"wp-caption aligncenter\" aria-describedby=\"caption-attachment-2567\"><a href=\"https:\/\/oqitop.com\/pt\/produtos\/espuma-metalica\/copper-foam\/\"><img decoding=\"async\" class=\"wp-image-2567 size-thumbnail\" title=\"Espuma de n\u00edquel de alta condutividade para pesquisa de el\u00e9trodos de bateria 1\" src=\"https:\/\/oqitop.com\/wp-content\/uploads\/2025\/12\/Copper-Foam-150x150.jpg\" sizes=\"(max-width: 150px) 100vw, 150px\" srcset=\"https:\/\/oqitop.com\/wp-content\/uploads\/2025\/12\/Copper-Foam-150x150.jpg 150w, https:\/\/oqitop.com\/wp-content\/uploads\/2025\/12\/Copper-Foam-300x300.jpg 300w, https:\/\/oqitop.com\/wp-content\/uploads\/2025\/12\/Copper-Foam.jpg 600w\" alt=\"\" width=\"150\" height=\"150\" \/><\/a><figcaption id=\"caption-attachment-2567\" class=\"wp-caption-text\"><a href=\"https:\/\/oqitop.com\/pt\/produtos\/espuma-metalica\/copper-foam\/\">Espuma de cobre<\/a><\/figcaption><\/figure>\n<\/td>\n<td>&nbsp;<\/p>\n<figure id=\"attachment_2568\" class=\"wp-caption aligncenter\" aria-describedby=\"caption-attachment-2568\"><a href=\"https:\/\/oqitop.com\/pt\/produtos\/espuma-metalica\/nickel-foam\/\"><img decoding=\"async\" class=\"wp-image-2568 size-thumbnail\" title=\"Espuma de n\u00edquel de alta condutividade para pesquisa de el\u00e9trodos de bateria 2\" src=\"https:\/\/oqitop.com\/wp-content\/uploads\/2025\/12\/Nickel-Foam-150x150.png\" sizes=\"(max-width: 150px) 100vw, 150px\" srcset=\"https:\/\/oqitop.com\/wp-content\/uploads\/2025\/12\/Nickel-Foam-150x150.png 150w, https:\/\/oqitop.com\/wp-content\/uploads\/2025\/12\/Nickel-Foam-300x300.png 300w, https:\/\/oqitop.com\/wp-content\/uploads\/2025\/12\/Nickel-Foam.png 500w\" alt=\"\" width=\"150\" height=\"150\" \/><\/a><figcaption id=\"caption-attachment-2568\" class=\"wp-caption-text\"><a href=\"https:\/\/oqitop.com\/pt\/produtos\/espuma-metalica\/nickel-foam\/\">Espuma de n\u00edquel<\/a><\/figcaption><\/figure>\n<\/td>\n<td>&nbsp;<\/p>\n<figure id=\"attachment_2569\" class=\"wp-caption aligncenter\" aria-describedby=\"caption-attachment-2569\"><a href=\"https:\/\/oqitop.com\/pt\/produtos\/espuma-metalica\/titanium-foam\/\"><img decoding=\"async\" class=\"wp-image-2569 size-thumbnail\" title=\"Espuma de n\u00edquel de alta condutividade para pesquisa de el\u00e9trodos de bateria 3\" src=\"https:\/\/oqitop.com\/wp-content\/uploads\/2025\/12\/Ti-Foam-150x150.png\" sizes=\"(max-width: 150px) 100vw, 150px\" srcset=\"https:\/\/oqitop.com\/wp-content\/uploads\/2025\/12\/Ti-Foam-150x150.png 150w, https:\/\/oqitop.com\/wp-content\/uploads\/2025\/12\/Ti-Foam-300x300.png 300w, https:\/\/oqitop.com\/wp-content\/uploads\/2025\/12\/Ti-Foam.png 500w\" alt=\"\" width=\"150\" height=\"150\" \/><\/a><figcaption id=\"caption-attachment-2569\" class=\"wp-caption-text\"><a href=\"https:\/\/oqitop.com\/pt\/produtos\/espuma-metalica\/titanium-foam\/\">Espuma de tit\u00e2nio<\/a><\/figcaption><\/figure>\n<\/td>\n<td>&nbsp;<\/p>\n<figure id=\"attachment_2571\" class=\"wp-caption aligncenter\" aria-describedby=\"caption-attachment-2571\"><a href=\"https:\/\/oqitop.com\/pt\/produtos\/espuma-metalica\/aluminum-foam\/\"><img loading=\"lazy\" decoding=\"async\" class=\"wp-image-2571 size-thumbnail\" title=\"Espuma de n\u00edquel de alta condutividade para pesquisa de el\u00e9trodos de bateria 4\" src=\"https:\/\/oqitop.com\/wp-content\/uploads\/2025\/12\/Aluminum-Foam-1-150x150.png\" sizes=\"(max-width: 150px) 100vw, 150px\" srcset=\"https:\/\/oqitop.com\/wp-content\/uploads\/2025\/12\/Aluminum-Foam-1-150x150.png 150w, https:\/\/oqitop.com\/wp-content\/uploads\/2025\/12\/Aluminum-Foam-1-300x300.png 300w, https:\/\/oqitop.com\/wp-content\/uploads\/2025\/12\/Aluminum-Foam-1.png 529w\" alt=\"\" width=\"150\" height=\"150\" \/><\/a><figcaption id=\"caption-attachment-2571\" class=\"wp-caption-text\"><a href=\"https:\/\/oqitop.com\/pt\/produtos\/espuma-metalica\/aluminum-foam\/\">Espuma de alum\u00ednio<\/a><\/figcaption><\/figure>\n<\/td>\n<\/tr>\n<tr>\n<td>&nbsp;<\/p>\n<figure id=\"attachment_2572\" class=\"wp-caption aligncenter\" aria-describedby=\"caption-attachment-2572\"><a href=\"https:\/\/oqitop.com\/pt\/produtos\/espuma-metalica\/iron-nickel-foam\/\"><img loading=\"lazy\" decoding=\"async\" class=\"wp-image-2572 size-thumbnail\" title=\"Espuma de n\u00edquel de alta condutividade para pesquisa de el\u00e9trodos de bateria 5\" src=\"https:\/\/oqitop.com\/wp-content\/uploads\/2025\/12\/Iron-Nickel-Foam-150x150.jpg\" sizes=\"(max-width: 150px) 100vw, 150px\" srcset=\"https:\/\/oqitop.com\/wp-content\/uploads\/2025\/12\/Iron-Nickel-Foam-150x150.jpg 150w, https:\/\/oqitop.com\/wp-content\/uploads\/2025\/12\/Iron-Nickel-Foam-300x300.jpg 300w, https:\/\/oqitop.com\/wp-content\/uploads\/2025\/12\/Iron-Nickel-Foam.jpg 720w\" alt=\"\" width=\"150\" height=\"150\" \/><\/a><figcaption id=\"caption-attachment-2572\" class=\"wp-caption-text\"><a href=\"https:\/\/oqitop.com\/pt\/produtos\/espuma-metalica\/iron-nickel-foam\/\">Espuma de ferro e n\u00edquel<\/a><\/figcaption><\/figure>\n<\/td>\n<td>&nbsp;<\/p>\n<figure id=\"attachment_2573\" class=\"wp-caption aligncenter\" aria-describedby=\"caption-attachment-2573\"><a href=\"https:\/\/oqitop.com\/pt\/produtos\/espuma-metalica\/carbon-foam\/\"><img loading=\"lazy\" decoding=\"async\" class=\"wp-image-2573 size-thumbnail\" title=\"Espuma de n\u00edquel de alta condutividade para pesquisa de el\u00e9trodos de bateria 6\" src=\"https:\/\/oqitop.com\/wp-content\/uploads\/2025\/12\/Carbon-Foam-150x150.png\" sizes=\"(max-width: 150px) 100vw, 150px\" srcset=\"https:\/\/oqitop.com\/wp-content\/uploads\/2025\/12\/Carbon-Foam-150x150.png 150w, https:\/\/oqitop.com\/wp-content\/uploads\/2025\/12\/Carbon-Foam-300x300.png 300w, https:\/\/oqitop.com\/wp-content\/uploads\/2025\/12\/Carbon-Foam-768x768.png 768w, https:\/\/oqitop.com\/wp-content\/uploads\/2025\/12\/Carbon-Foam.png 1000w\" alt=\"\" width=\"150\" height=\"150\" \/><\/a><figcaption id=\"caption-attachment-2573\" class=\"wp-caption-text\"><a href=\"https:\/\/oqitop.com\/pt\/produtos\/espuma-metalica\/carbon-foam\/\">Espuma de carbono<\/a><\/figcaption><\/figure>\n<\/td>\n<td>&nbsp;<\/p>\n<figure id=\"attachment_2574\" class=\"wp-caption aligncenter\" aria-describedby=\"caption-attachment-2574\"><a href=\"https:\/\/oqitop.com\/pt\/produtos\/espuma-metalica\/espuma-prateada\/\"><img loading=\"lazy\" decoding=\"async\" class=\"wp-image-2574 size-thumbnail\" title=\"Espuma de n\u00edquel de alta condutividade para pesquisa de el\u00e9trodos de bateria 7\" src=\"https:\/\/oqitop.com\/wp-content\/uploads\/2025\/12\/Silver-Foam-150x150.jpg\" sizes=\"(max-width: 150px) 100vw, 150px\" srcset=\"https:\/\/oqitop.com\/wp-content\/uploads\/2025\/12\/Silver-Foam-150x150.jpg 150w, https:\/\/oqitop.com\/wp-content\/uploads\/2025\/12\/Silver-Foam-300x300.jpg 300w, https:\/\/oqitop.com\/wp-content\/uploads\/2025\/12\/Silver-Foam.jpg 726w\" alt=\"\" width=\"150\" height=\"150\" \/><\/a><figcaption id=\"caption-attachment-2574\" class=\"wp-caption-text\"><a href=\"https:\/\/oqitop.com\/pt\/produtos\/espuma-metalica\/espuma-prateada\/\">Espuma Prateada<\/a><\/figcaption><\/figure>\n<\/td>\n<td>&nbsp;<\/p>\n<figure id=\"attachment_2575\" class=\"wp-caption aligncenter\" aria-describedby=\"caption-attachment-2575\"><a href=\"https:\/\/oqitop.com\/pt\/produtos\/espuma-metalica\/cobalt-foamhttps%3a\/\/oqitop.com\/produtos\/espuma-metalica\/cobalt-foam\/\"><img loading=\"lazy\" decoding=\"async\" class=\"wp-image-2575 size-thumbnail\" title=\"Espuma de n\u00edquel de alta condutividade para pesquisa de el\u00e9trodos de bateria 8\" src=\"https:\/\/oqitop.com\/wp-content\/uploads\/2025\/12\/Cobalt-Foam-150x150.jpg\" sizes=\"(max-width: 150px) 100vw, 150px\" srcset=\"https:\/\/oqitop.com\/wp-content\/uploads\/2025\/12\/Cobalt-Foam-150x150.jpg 150w, https:\/\/oqitop.com\/wp-content\/uploads\/2025\/12\/Cobalt-Foam-300x300.jpg 300w, https:\/\/oqitop.com\/wp-content\/uploads\/2025\/12\/Cobalt-Foam-768x768.jpg 768w, https:\/\/oqitop.com\/wp-content\/uploads\/2025\/12\/Cobalt-Foam.jpg 800w\" alt=\"\" width=\"150\" height=\"150\" \/><\/a><figcaption id=\"caption-attachment-2575\" class=\"wp-caption-text\"><a href=\"https:\/\/oqitop.com\/pt\/produtos\/espuma-metalica\/cobalt-foam\/\">Espuma de cobalto<\/a><\/figcaption><\/figure>\n<\/td>\n<\/tr>\n<\/tbody>\n<\/table>\n<p><img loading=\"lazy\" decoding=\"async\" class=\"aligncenter size-full wp-image-3349\" src=\"https:\/\/oqitop.com\/wp-content\/uploads\/2025\/12\/1111.jpg\" alt=\"\" width=\"1024\" height=\"732\" title=\"\" srcset=\"https:\/\/oqitop.com\/wp-content\/uploads\/2025\/12\/1111.jpg 1024w, https:\/\/oqitop.com\/wp-content\/uploads\/2025\/12\/1111-300x214.jpg 300w, https:\/\/oqitop.com\/wp-content\/uploads\/2025\/12\/1111-768x549.jpg 768w\" sizes=\"(max-width: 1024px) 100vw, 1024px\" \/><img loading=\"lazy\" decoding=\"async\" class=\"aligncenter size-full wp-image-3350\" src=\"https:\/\/oqitop.com\/wp-content\/uploads\/2025\/12\/11111-6.jpg\" alt=\"\" width=\"1024\" height=\"1024\" title=\"\" srcset=\"https:\/\/oqitop.com\/wp-content\/uploads\/2025\/12\/11111-6.jpg 1024w, https:\/\/oqitop.com\/wp-content\/uploads\/2025\/12\/11111-6-300x300.jpg 300w, https:\/\/oqitop.com\/wp-content\/uploads\/2025\/12\/11111-6-150x150.jpg 150w, https:\/\/oqitop.com\/wp-content\/uploads\/2025\/12\/11111-6-768x768.jpg 768w\" sizes=\"(max-width: 1024px) 100vw, 1024px\" \/><img loading=\"lazy\" decoding=\"async\" class=\"aligncenter size-full wp-image-3351\" src=\"https:\/\/oqitop.com\/wp-content\/uploads\/2025\/12\/22222-1.png\" alt=\"\" width=\"1024\" height=\"1024\" title=\"\" srcset=\"https:\/\/oqitop.com\/wp-content\/uploads\/2025\/12\/22222-1.png 1024w, https:\/\/oqitop.com\/wp-content\/uploads\/2025\/12\/22222-1-300x300.png 300w, https:\/\/oqitop.com\/wp-content\/uploads\/2025\/12\/22222-1-150x150.png 150w, https:\/\/oqitop.com\/wp-content\/uploads\/2025\/12\/22222-1-768x768.png 768w\" sizes=\"(max-width: 1024px) 100vw, 1024px\" \/><img loading=\"lazy\" decoding=\"async\" class=\"aligncenter size-full wp-image-3352\" src=\"https:\/\/oqitop.com\/wp-content\/uploads\/2025\/12\/55555-7.jpg\" alt=\"\" width=\"1024\" height=\"677\" title=\"\" srcset=\"https:\/\/oqitop.com\/wp-content\/uploads\/2025\/12\/55555-7.jpg 1024w, https:\/\/oqitop.com\/wp-content\/uploads\/2025\/12\/55555-7-300x198.jpg 300w, https:\/\/oqitop.com\/wp-content\/uploads\/2025\/12\/55555-7-768x508.jpg 768w\" sizes=\"(max-width: 1024px) 100vw, 1024px\" \/><\/p>\n<\/div>","protected":false},"featured_media":3354,"template":"","meta":{"_acf_changed":false,"site-sidebar-layout":"default","site-content-layout":"","ast-site-content-layout":"default","site-content-style":"default","site-sidebar-style":"default","ast-global-header-display":"","ast-banner-title-visibility":"","ast-main-header-display":"","ast-hfb-above-header-display":"","ast-hfb-below-header-display":"","ast-hfb-mobile-header-display":"","site-post-title":"","ast-breadcrumbs-content":"","ast-featured-img":"","footer-sml-layout":"","theme-transparent-header-meta":"default","adv-header-id-meta":"","stick-header-meta":"default","header-above-stick-meta":"","header-main-stick-meta":"","header-below-stick-meta":"","astra-migrate-meta-layouts":"set","ast-page-background-enabled":"default","ast-page-background-meta":{"desktop":{"background-color":"var(--ast-global-color-4)","background-image":"","background-repeat":"repeat","background-position":"center center","background-size":"auto","background-attachment":"scroll","background-type":"","background-media":"","overlay-type":"","overlay-color":"","overlay-opacity":"","overlay-gradient":""},"tablet":{"background-color":"","background-image":"","background-repeat":"repeat","background-position":"center center","background-size":"auto","background-attachment":"scroll","background-type":"","background-media":"","overlay-type":"","overlay-color":"","overlay-opacity":"","overlay-gradient":""},"mobile":{"background-color":"","background-image":"","background-repeat":"repeat","background-position":"center center","background-size":"auto","background-attachment":"scroll","background-type":"","background-media":"","overlay-type":"","overlay-color":"","overlay-opacity":"","overlay-gradient":""}},"ast-content-background-meta":{"desktop":{"background-color":"var(--ast-global-color-5)","background-image":"","background-repeat":"repeat","background-position":"center center","background-size":"auto","background-attachment":"scroll","background-type":"","background-media":"","overlay-type":"","overlay-color":"","overlay-opacity":"","overlay-gradient":""},"tablet":{"background-color":"var(--ast-global-color-5)","background-image":"","background-repeat":"repeat","background-position":"center center","background-size":"auto","background-attachment":"scroll","background-type":"","background-media":"","overlay-type":"","overlay-color":"","overlay-opacity":"","overlay-gradient":""},"mobile":{"background-color":"var(--ast-global-color-5)","background-image":"","background-repeat":"repeat","background-position":"center center","background-size":"auto","background-attachment":"scroll","background-type":"","background-media":"","overlay-type":"","overlay-color":"","overlay-opacity":"","overlay-gradient":""}}},"tags":[],"products":[214,200],"class_list":["post-3353","product","type-product","status-publish","has-post-thumbnail","hentry","products-ceramic-foam","products-metal-foam"],"acf":[],"_links":{"self":[{"href":"https:\/\/oqitop.com\/pt\/wp-json\/wp\/v2\/product\/3353","targetHints":{"allow":["GET"]}}],"collection":[{"href":"https:\/\/oqitop.com\/pt\/wp-json\/wp\/v2\/product"}],"about":[{"href":"https:\/\/oqitop.com\/pt\/wp-json\/wp\/v2\/types\/product"}],"wp:featuredmedia":[{"embeddable":true,"href":"https:\/\/oqitop.com\/pt\/wp-json\/wp\/v2\/media\/3354"}],"wp:attachment":[{"href":"https:\/\/oqitop.com\/pt\/wp-json\/wp\/v2\/media?parent=3353"}],"wp:term":[{"taxonomy":"post_tag","embeddable":true,"href":"https:\/\/oqitop.com\/pt\/wp-json\/wp\/v2\/tags?post=3353"},{"taxonomy":"products","embeddable":true,"href":"https:\/\/oqitop.com\/pt\/wp-json\/wp\/v2\/products?post=3353"}],"curies":[{"name":"wp","href":"https:\/\/api.w.org\/{rel}","templated":true}]}}