 {"id":3363,"date":"2025-12-12T17:02:14","date_gmt":"2025-12-12T09:02:14","guid":{"rendered":"https:\/\/oqitop.com\/?post_type=product&#038;p=3363"},"modified":"2026-01-14T16:50:39","modified_gmt":"2026-01-14T08:50:39","slug":"custom-metal-foams-customized-ss-al-ni-fe-cu-ti-foam","status":"publish","type":"product","link":"https:\/\/oqitop.com\/pt\/product\/custom-metal-foams-customized-ss-al-ni-fe-cu-ti-foam\/","title":{"rendered":"Custom Metal Foams Customized SS\/Al\/Ni\/Fe\/Cu\/Ti Foam"},"content":{"rendered":"<h3 style=\"text-align: center;\"><span style=\"color: #ff0000;\">Custom Metal Foams Customized SS\/Al\/Ni\/Fe\/Cu\/Ti Foam<\/span><\/h3>\n<p><strong>Product Introduction:<\/strong><\/p>\n<p>Oqitop offers a wide variety of metal foam types, including but not limited to aluminum, copper, nickel, titanium, chromium, and more. Whether you&#8217;re in the industrial, scientific research, or any other field, we provide a diverse range of high-quality metal foams to meet your project requirements.<\/p>\n<p><strong>C<\/strong><strong>ustomization Requirements:<\/strong><\/p>\n<p>(1\uff09Type of Metal Foam Required<\/p>\n<p>For alloy foams, provide the desired elemental composition.\u00a0If you have any other specific requirements or details related to your project, please include them.<\/p>\n<p>(2)\u00a0 Purity of the Metal Foam Required<\/p>\n<p>(3)\u00a0 Dimensions and Thickness of Metal Foam<\/p>\n<p>(4)\u00a0 Order Quantity<\/p>\n<p>(5) Additional Information<\/p>\n<p>Once you provide the above information, please contact us via email, and we will promptly offer\u00a0you a personalized quotation. Our team is dedicated to delivering tailored solutions to meet your\u00a0unique needs.<\/p>\n<p><b><strong>Para personalizar v\u00e1rias espumas met\u00e1licas, clique na imagem abaixo para obter mais detalhes:<\/strong><\/b><\/p>\n<table>\n<tbody>\n<tr>\n<td>&nbsp;<\/p>\n<figure id=\"attachment_2567\" class=\"wp-caption aligncenter\" aria-describedby=\"caption-attachment-2567\"><a href=\"https:\/\/oqitop.com\/pt\/produtos\/espuma-metalica\/copper-foam\/\"><img decoding=\"async\" class=\"wp-image-2567 size-thumbnail\" title=\"Espuma de n\u00edquel de alta condutividade para pesquisa de el\u00e9trodos de bateria 1\" src=\"https:\/\/oqitop.com\/wp-content\/uploads\/2025\/12\/Copper-Foam-150x150.jpg\" sizes=\"(max-width: 150px) 100vw, 150px\" srcset=\"https:\/\/oqitop.com\/wp-content\/uploads\/2025\/12\/Copper-Foam-150x150.jpg 150w, https:\/\/oqitop.com\/wp-content\/uploads\/2025\/12\/Copper-Foam-300x300.jpg 300w, https:\/\/oqitop.com\/wp-content\/uploads\/2025\/12\/Copper-Foam.jpg 600w\" alt=\"\" width=\"150\" height=\"150\" \/><\/a><figcaption id=\"caption-attachment-2567\" class=\"wp-caption-text\"><a href=\"https:\/\/oqitop.com\/pt\/produtos\/espuma-metalica\/copper-foam\/\">Espuma de cobre<\/a><\/figcaption><\/figure>\n<\/td>\n<td>&nbsp;<\/p>\n<figure id=\"attachment_2568\" class=\"wp-caption aligncenter\" aria-describedby=\"caption-attachment-2568\"><a href=\"https:\/\/oqitop.com\/pt\/produtos\/espuma-metalica\/nickel-foam\/\"><img decoding=\"async\" class=\"wp-image-2568 size-thumbnail\" title=\"Espuma de n\u00edquel de alta condutividade para pesquisa de el\u00e9trodos de bateria 2\" src=\"https:\/\/oqitop.com\/wp-content\/uploads\/2025\/12\/Nickel-Foam-150x150.png\" sizes=\"(max-width: 150px) 100vw, 150px\" srcset=\"https:\/\/oqitop.com\/wp-content\/uploads\/2025\/12\/Nickel-Foam-150x150.png 150w, https:\/\/oqitop.com\/wp-content\/uploads\/2025\/12\/Nickel-Foam-300x300.png 300w, https:\/\/oqitop.com\/wp-content\/uploads\/2025\/12\/Nickel-Foam.png 500w\" alt=\"\" width=\"150\" height=\"150\" \/><\/a><figcaption id=\"caption-attachment-2568\" class=\"wp-caption-text\"><a href=\"https:\/\/oqitop.com\/pt\/produtos\/espuma-metalica\/nickel-foam\/\">Espuma de n\u00edquel<\/a><\/figcaption><\/figure>\n<\/td>\n<td>&nbsp;<\/p>\n<figure id=\"attachment_2569\" class=\"wp-caption aligncenter\" aria-describedby=\"caption-attachment-2569\"><a href=\"https:\/\/oqitop.com\/pt\/produtos\/espuma-metalica\/titanium-foam\/\"><img decoding=\"async\" class=\"wp-image-2569 size-thumbnail\" title=\"Espuma de n\u00edquel de alta condutividade para pesquisa de el\u00e9trodos de bateria 3\" src=\"https:\/\/oqitop.com\/wp-content\/uploads\/2025\/12\/Ti-Foam-150x150.png\" sizes=\"(max-width: 150px) 100vw, 150px\" srcset=\"https:\/\/oqitop.com\/wp-content\/uploads\/2025\/12\/Ti-Foam-150x150.png 150w, https:\/\/oqitop.com\/wp-content\/uploads\/2025\/12\/Ti-Foam-300x300.png 300w, https:\/\/oqitop.com\/wp-content\/uploads\/2025\/12\/Ti-Foam.png 500w\" alt=\"\" width=\"150\" height=\"150\" \/><\/a><figcaption id=\"caption-attachment-2569\" class=\"wp-caption-text\"><a href=\"https:\/\/oqitop.com\/pt\/produtos\/espuma-metalica\/titanium-foam\/\">Espuma de tit\u00e2nio<\/a><\/figcaption><\/figure>\n<\/td>\n<td>&nbsp;<\/p>\n<figure id=\"attachment_2571\" class=\"wp-caption aligncenter\" aria-describedby=\"caption-attachment-2571\"><a href=\"https:\/\/oqitop.com\/pt\/produtos\/espuma-metalica\/aluminum-foam\/\"><img loading=\"lazy\" decoding=\"async\" class=\"wp-image-2571 size-thumbnail\" title=\"Espuma de n\u00edquel de alta condutividade para pesquisa de el\u00e9trodos de bateria 4\" src=\"https:\/\/oqitop.com\/wp-content\/uploads\/2025\/12\/Aluminum-Foam-1-150x150.png\" sizes=\"(max-width: 150px) 100vw, 150px\" srcset=\"https:\/\/oqitop.com\/wp-content\/uploads\/2025\/12\/Aluminum-Foam-1-150x150.png 150w, https:\/\/oqitop.com\/wp-content\/uploads\/2025\/12\/Aluminum-Foam-1-300x300.png 300w, https:\/\/oqitop.com\/wp-content\/uploads\/2025\/12\/Aluminum-Foam-1.png 529w\" alt=\"\" width=\"150\" height=\"150\" \/><\/a><figcaption id=\"caption-attachment-2571\" class=\"wp-caption-text\"><a href=\"https:\/\/oqitop.com\/pt\/produtos\/espuma-metalica\/aluminum-foam\/\">Espuma de alum\u00ednio<\/a><\/figcaption><\/figure>\n<\/td>\n<\/tr>\n<tr>\n<td>&nbsp;<\/p>\n<figure id=\"attachment_2572\" class=\"wp-caption aligncenter\" aria-describedby=\"caption-attachment-2572\"><a href=\"https:\/\/oqitop.com\/pt\/produtos\/espuma-metalica\/iron-nickel-foam\/\"><img loading=\"lazy\" decoding=\"async\" class=\"wp-image-2572 size-thumbnail\" title=\"Espuma de n\u00edquel de alta condutividade para pesquisa de el\u00e9trodos de bateria 5\" src=\"https:\/\/oqitop.com\/wp-content\/uploads\/2025\/12\/Iron-Nickel-Foam-150x150.jpg\" sizes=\"(max-width: 150px) 100vw, 150px\" srcset=\"https:\/\/oqitop.com\/wp-content\/uploads\/2025\/12\/Iron-Nickel-Foam-150x150.jpg 150w, https:\/\/oqitop.com\/wp-content\/uploads\/2025\/12\/Iron-Nickel-Foam-300x300.jpg 300w, https:\/\/oqitop.com\/wp-content\/uploads\/2025\/12\/Iron-Nickel-Foam.jpg 720w\" alt=\"\" width=\"150\" height=\"150\" \/><\/a><figcaption id=\"caption-attachment-2572\" class=\"wp-caption-text\"><a href=\"https:\/\/oqitop.com\/pt\/produtos\/espuma-metalica\/iron-nickel-foam\/\">Espuma de ferro e n\u00edquel<\/a><\/figcaption><\/figure>\n<\/td>\n<td>&nbsp;<\/p>\n<figure id=\"attachment_2573\" class=\"wp-caption aligncenter\" aria-describedby=\"caption-attachment-2573\"><a href=\"https:\/\/oqitop.com\/pt\/produtos\/espuma-metalica\/carbon-foam\/\"><img loading=\"lazy\" decoding=\"async\" class=\"wp-image-2573 size-thumbnail\" title=\"Espuma de n\u00edquel de alta condutividade para pesquisa de el\u00e9trodos de bateria 6\" src=\"https:\/\/oqitop.com\/wp-content\/uploads\/2025\/12\/Carbon-Foam-150x150.png\" sizes=\"(max-width: 150px) 100vw, 150px\" srcset=\"https:\/\/oqitop.com\/wp-content\/uploads\/2025\/12\/Carbon-Foam-150x150.png 150w, https:\/\/oqitop.com\/wp-content\/uploads\/2025\/12\/Carbon-Foam-300x300.png 300w, https:\/\/oqitop.com\/wp-content\/uploads\/2025\/12\/Carbon-Foam-768x768.png 768w, https:\/\/oqitop.com\/wp-content\/uploads\/2025\/12\/Carbon-Foam.png 1000w\" alt=\"\" width=\"150\" height=\"150\" \/><\/a><figcaption id=\"caption-attachment-2573\" class=\"wp-caption-text\"><a href=\"https:\/\/oqitop.com\/pt\/produtos\/espuma-metalica\/carbon-foam\/\">Espuma de carbono<\/a><\/figcaption><\/figure>\n<\/td>\n<td>&nbsp;<\/p>\n<figure id=\"attachment_2574\" class=\"wp-caption aligncenter\" aria-describedby=\"caption-attachment-2574\"><a href=\"https:\/\/oqitop.com\/pt\/produtos\/espuma-metalica\/espuma-prateada\/\"><img loading=\"lazy\" decoding=\"async\" class=\"wp-image-2574 size-thumbnail\" title=\"Espuma de n\u00edquel de alta condutividade para pesquisa de el\u00e9trodos de bateria 7\" src=\"https:\/\/oqitop.com\/wp-content\/uploads\/2025\/12\/Silver-Foam-150x150.jpg\" sizes=\"(max-width: 150px) 100vw, 150px\" srcset=\"https:\/\/oqitop.com\/wp-content\/uploads\/2025\/12\/Silver-Foam-150x150.jpg 150w, https:\/\/oqitop.com\/wp-content\/uploads\/2025\/12\/Silver-Foam-300x300.jpg 300w, https:\/\/oqitop.com\/wp-content\/uploads\/2025\/12\/Silver-Foam.jpg 726w\" alt=\"\" width=\"150\" height=\"150\" \/><\/a><figcaption id=\"caption-attachment-2574\" class=\"wp-caption-text\"><a href=\"https:\/\/oqitop.com\/pt\/produtos\/espuma-metalica\/espuma-prateada\/\">Espuma Prateada<\/a><\/figcaption><\/figure>\n<\/td>\n<td>&nbsp;<\/p>\n<figure id=\"attachment_2575\" class=\"wp-caption aligncenter\" aria-describedby=\"caption-attachment-2575\"><a href=\"https:\/\/oqitop.com\/pt\/produtos\/espuma-metalica\/cobalt-foamhttps%3a\/\/oqitop.com\/produtos\/espuma-metalica\/cobalt-foam\/\"><img loading=\"lazy\" decoding=\"async\" class=\"wp-image-2575 size-thumbnail\" title=\"Espuma de n\u00edquel de alta condutividade para pesquisa de el\u00e9trodos de bateria 8\" src=\"https:\/\/oqitop.com\/wp-content\/uploads\/2025\/12\/Cobalt-Foam-150x150.jpg\" sizes=\"(max-width: 150px) 100vw, 150px\" srcset=\"https:\/\/oqitop.com\/wp-content\/uploads\/2025\/12\/Cobalt-Foam-150x150.jpg 150w, https:\/\/oqitop.com\/wp-content\/uploads\/2025\/12\/Cobalt-Foam-300x300.jpg 300w, https:\/\/oqitop.com\/wp-content\/uploads\/2025\/12\/Cobalt-Foam-768x768.jpg 768w, https:\/\/oqitop.com\/wp-content\/uploads\/2025\/12\/Cobalt-Foam.jpg 800w\" alt=\"\" width=\"150\" height=\"150\" \/><\/a><figcaption id=\"caption-attachment-2575\" class=\"wp-caption-text\"><a href=\"https:\/\/oqitop.com\/pt\/produtos\/espuma-metalica\/cobalt-foam\/\">Espuma de cobalto<\/a><\/figcaption><\/figure>\n<\/td>\n<\/tr>\n<\/tbody>\n<\/table>\n<p class=\"table-responsive\"><strong>Fornecemos uma variedade de produtos de espuma de liga especial e podemos personaliz\u00e1-los de acordo com as especifica\u00e7\u00f5es do cliente.<img loading=\"lazy\" decoding=\"async\" class=\"aligncenter size-full wp-image-3221\" title=\"High Purity Nickel Copper Foam Alloy Metal Foam Sheet 1\" src=\"https:\/\/oqitop.com\/wp-content\/uploads\/2025\/12\/11111-4.jpg\" sizes=\"(max-width: 1024px) 100vw, 1024px\" srcset=\"https:\/\/oqitop.com\/wp-content\/uploads\/2025\/12\/11111-4.jpg 1024w, https:\/\/oqitop.com\/wp-content\/uploads\/2025\/12\/11111-4-300x139.jpg 300w, https:\/\/oqitop.com\/wp-content\/uploads\/2025\/12\/11111-4-768x357.jpg 768w\" alt=\"\" width=\"1024\" height=\"476\" \/><\/strong><img loading=\"lazy\" decoding=\"async\" class=\"aligncenter size-full wp-image-3369\" src=\"https:\/\/oqitop.com\/wp-content\/uploads\/2025\/12\/1111111.webp.jpg\" alt=\"\" width=\"1024\" height=\"415\" title=\"\" srcset=\"https:\/\/oqitop.com\/wp-content\/uploads\/2025\/12\/1111111.webp.jpg 1024w, https:\/\/oqitop.com\/wp-content\/uploads\/2025\/12\/1111111.webp-300x122.jpg 300w, https:\/\/oqitop.com\/wp-content\/uploads\/2025\/12\/1111111.webp-768x311.jpg 768w\" sizes=\"(max-width: 1024px) 100vw, 1024px\" \/><img loading=\"lazy\" decoding=\"async\" class=\"aligncenter size-full wp-image-3370\" src=\"https:\/\/oqitop.com\/wp-content\/uploads\/2025\/12\/55555-8.jpg\" alt=\"\" width=\"1024\" height=\"677\" title=\"\" srcset=\"https:\/\/oqitop.com\/wp-content\/uploads\/2025\/12\/55555-8.jpg 1024w, https:\/\/oqitop.com\/wp-content\/uploads\/2025\/12\/55555-8-300x198.jpg 300w, https:\/\/oqitop.com\/wp-content\/uploads\/2025\/12\/55555-8-768x508.jpg 768w\" sizes=\"(max-width: 1024px) 100vw, 1024px\" \/><\/p>","protected":false},"featured_media":3365,"template":"","meta":{"_acf_changed":false,"site-sidebar-layout":"default","site-content-layout":"","ast-site-content-layout":"default","site-content-style":"default","site-sidebar-style":"default","ast-global-header-display":"","ast-banner-title-visibility":"","ast-main-header-display":"","ast-hfb-above-header-display":"","ast-hfb-below-header-display":"","ast-hfb-mobile-header-display":"","site-post-title":"","ast-breadcrumbs-content":"","ast-featured-img":"","footer-sml-layout":"","theme-transparent-header-meta":"default","adv-header-id-meta":"","stick-header-meta":"default","header-above-stick-meta":"","header-main-stick-meta":"","header-below-stick-meta":"","astra-migrate-meta-layouts":"set","ast-page-background-enabled":"default","ast-page-background-meta":{"desktop":{"background-color":"var(--ast-global-color-4)","background-image":"","background-repeat":"repeat","background-position":"center center","background-size":"auto","background-attachment":"scroll","background-type":"","background-media":"","overlay-type":"","overlay-color":"","overlay-opacity":"","overlay-gradient":""},"tablet":{"background-color":"","background-image":"","background-repeat":"repeat","background-position":"center center","background-size":"auto","background-attachment":"scroll","background-type":"","background-media":"","overlay-type":"","overlay-color":"","overlay-opacity":"","overlay-gradient":""},"mobile":{"background-color":"","background-image":"","background-repeat":"repeat","background-position":"center center","background-size":"auto","background-attachment":"scroll","background-type":"","background-media":"","overlay-type":"","overlay-color":"","overlay-opacity":"","overlay-gradient":""}},"ast-content-background-meta":{"desktop":{"background-color":"var(--ast-global-color-5)","background-image":"","background-repeat":"repeat","background-position":"center center","background-size":"auto","background-attachment":"scroll","background-type":"","background-media":"","overlay-type":"","overlay-color":"","overlay-opacity":"","overlay-gradient":""},"tablet":{"background-color":"var(--ast-global-color-5)","background-image":"","background-repeat":"repeat","background-position":"center center","background-size":"auto","background-attachment":"scroll","background-type":"","background-media":"","overlay-type":"","overlay-color":"","overlay-opacity":"","overlay-gradient":""},"mobile":{"background-color":"var(--ast-global-color-5)","background-image":"","background-repeat":"repeat","background-position":"center center","background-size":"auto","background-attachment":"scroll","background-type":"","background-media":"","overlay-type":"","overlay-color":"","overlay-opacity":"","overlay-gradient":""}}},"tags":[],"products":[215,200],"class_list":["post-3363","product","type-product","status-publish","has-post-thumbnail","hentry","products-customized-foam","products-metal-foam"],"acf":[],"_links":{"self":[{"href":"https:\/\/oqitop.com\/pt\/wp-json\/wp\/v2\/product\/3363","targetHints":{"allow":["GET"]}}],"collection":[{"href":"https:\/\/oqitop.com\/pt\/wp-json\/wp\/v2\/product"}],"about":[{"href":"https:\/\/oqitop.com\/pt\/wp-json\/wp\/v2\/types\/product"}],"wp:featuredmedia":[{"embeddable":true,"href":"https:\/\/oqitop.com\/pt\/wp-json\/wp\/v2\/media\/3365"}],"wp:attachment":[{"href":"https:\/\/oqitop.com\/pt\/wp-json\/wp\/v2\/media?parent=3363"}],"wp:term":[{"taxonomy":"post_tag","embeddable":true,"href":"https:\/\/oqitop.com\/pt\/wp-json\/wp\/v2\/tags?post=3363"},{"taxonomy":"products","embeddable":true,"href":"https:\/\/oqitop.com\/pt\/wp-json\/wp\/v2\/products?post=3363"}],"curies":[{"name":"wp","href":"https:\/\/api.w.org\/{rel}","templated":true}]}}