 {"id":3530,"date":"2025-12-13T21:34:04","date_gmt":"2025-12-13T13:34:04","guid":{"rendered":"https:\/\/oqitop.com\/?post_type=product&#038;p=3530"},"modified":"2026-01-14T17:11:36","modified_gmt":"2026-01-14T09:11:36","slug":"versatile-ceramic-fiber-blanket-for-lab-and-industrial-thermal-insulation","status":"publish","type":"product","link":"https:\/\/oqitop.com\/pt\/product\/versatile-ceramic-fiber-blanket-for-lab-and-industrial-thermal-insulation\/","title":{"rendered":"Manta vers\u00e1til de fibra cer\u00e2mica para isolamento t\u00e9rmico em laborat\u00f3rios e ind\u00fastrias"},"content":{"rendered":"<h4 style=\"text-align: center;\"><span style=\"color: #ff0000;\">Manta vers\u00e1til de fibra cer\u00e2mica para isolamento t\u00e9rmico em laborat\u00f3rios e ind\u00fastrias<\/span><\/h4>\n<p><iframe src=\"https:\/\/www.youtube.com\/embed\/6XUnksbmDAc?rel=0\" allowfullscreen=\"allowfullscreen\" data-mce-fragment=\"1\"><\/iframe><\/p>\n<p><b><strong>Introdu\u00e7\u00e3o<\/strong><\/b><\/p>\n<p><b><strong><a href=\"https:\/\/oqitop.com\/pt\/produtos\/metal-felt\/feltro-de-silicato-de-alumina\/\">Aluminum Silicate Felt<\/a><\/strong><\/b>\u00a0is mainly made of fire-resistant insulation cotton with high temperature resistance as the top priority. The colors are mainly white and bluish white, and it is produced through multiple procedures such as high-temperature calcination, melting, spraying, glue spraying, wire spinning, and molding at temperatures above 1300 \u2103. Mainly used as insulation and refractory materials for pipeline equipment in steel mills, power plants, petroleum, petrochemical, smelting, boilers, fertilizer plants, and thermal power plants. Aluminum silicate needle punched blanket has a soft texture, low density, low thermal conductivity, good waterproof performance, good acid and alkali resistance, high operating temperature, non-toxic, and pollution-free.<\/p>\n<p><b><strong>Product Features<\/strong><\/b><br \/>\n\u25ce Environmentally friendly<br \/>\n\u25ce Safe and effective fire-resistant properties<br \/>\n\u25ce No smoke generation<br \/>\n\u25ce Soft texture<br \/>\n\u25ce Lightweight in nature<br \/>\n\u25ce Sound absorption<\/p>\n<p><b><strong>Dimens\u00f5es<\/strong><\/b><\/p>\n<div class=\"table-responsive\">\n<table>\n<tbody>\n<tr>\n<td width=\"175\">10mm*0.61m*15m<\/td>\n<td width=\"175\">20mm*0.61m*7.2m<\/td>\n<td width=\"263\">30mm*0.61m*5m<\/td>\n<\/tr>\n<tr>\n<td width=\"175\">30mm*0.61m*5m<\/td>\n<td width=\"175\">40mm*0.61m*3.6m<\/td>\n<td width=\"263\">50mm*0.61m*15m<\/td>\n<\/tr>\n<tr>\n<td colspan=\"3\" width=\"614\"><b><strong>O tamanho pode ser personalizado<\/strong><\/b><\/td>\n<\/tr>\n<\/tbody>\n<\/table>\n<\/div>\n<p><b><strong>Para personalizar v\u00e1rios feltros de fibra, clique em<\/strong><\/b><b><strong>k a imagem abaixo para obter detalhes\uff1a<\/strong><\/b><\/p>\n<div class=\"table-responsive\">\n<table>\n<tbody>\n<tr>\n<td width=\"33%\">&nbsp;<\/p>\n<figure id=\"attachment_3385\" class=\"wp-caption aligncenter\" aria-describedby=\"caption-attachment-3385\"><a href=\"https:\/\/oqitop.com\/pt\/produtos\/metal-felt\/feltro-de-silicato-de-alumina\/\"><img fetchpriority=\"high\" decoding=\"async\" class=\"size-medium wp-image-3385\" title=\"Feltro de fibra de tit\u00e2nio Ti de alta qualidade para pesquisa laboratorial 3\" src=\"https:\/\/oqitop.com\/wp-content\/uploads\/2025\/12\/11-20-300x300.jpg\" sizes=\"(max-width: 300px) 100vw, 300px\" srcset=\"https:\/\/oqitop.com\/wp-content\/uploads\/2025\/12\/11-20-300x300.jpg 300w, https:\/\/oqitop.com\/wp-content\/uploads\/2025\/12\/11-20-150x150.jpg 150w, https:\/\/oqitop.com\/wp-content\/uploads\/2025\/12\/11-20-768x768.jpg 768w, https:\/\/oqitop.com\/wp-content\/uploads\/2025\/12\/11-20.jpg 800w\" alt=\"\" width=\"300\" height=\"300\" \/><\/a><figcaption id=\"caption-attachment-3385\" class=\"wp-caption-text\"><a href=\"https:\/\/oqitop.com\/pt\/produtos\/metal-felt\/feltro-de-silicato-de-alumina\/\">Feltro de silicato de alumina<\/a><\/figcaption><\/figure>\n<\/td>\n<td width=\"33%\">&nbsp;<\/p>\n<figure id=\"attachment_3386\" class=\"wp-caption aligncenter\" aria-describedby=\"caption-attachment-3386\"><a href=\"https:\/\/oqitop.com\/pt\/produtos\/metal-felt\/titanium-felt\/\"><img decoding=\"async\" class=\"wp-image-3386 size-medium\" title=\"Feltro de fibra de tit\u00e2nio Ti de alta qualidade para pesquisa em laborat\u00f3rio 4\" src=\"https:\/\/oqitop.com\/wp-content\/uploads\/2025\/12\/22-10-300x300.jpg\" sizes=\"(max-width: 300px) 100vw, 300px\" srcset=\"https:\/\/oqitop.com\/wp-content\/uploads\/2025\/12\/22-10-300x300.jpg 300w, https:\/\/oqitop.com\/wp-content\/uploads\/2025\/12\/22-10-150x150.jpg 150w, https:\/\/oqitop.com\/wp-content\/uploads\/2025\/12\/22-10-768x768.jpg 768w, https:\/\/oqitop.com\/wp-content\/uploads\/2025\/12\/22-10.jpg 800w\" alt=\"\" width=\"300\" height=\"300\" \/><\/a><figcaption id=\"caption-attachment-3386\" class=\"wp-caption-text\"><a href=\"https:\/\/oqitop.com\/pt\/produtos\/metal-felt\/titanium-felt\/\">Feltro de tit\u00e2nio<\/a><\/figcaption><\/figure>\n<\/td>\n<td width=\"33%\">&nbsp;<\/p>\n<figure id=\"attachment_3387\" class=\"wp-caption aligncenter\" aria-describedby=\"caption-attachment-3387\"><a href=\"https:\/\/oqitop.com\/pt\/produtos\/metal-felt\/feltro-de-niquel\/\"><img decoding=\"async\" class=\"size-medium wp-image-3387\" title=\"Feltro de fibra de tit\u00e2nio Ti de alta qualidade para pesquisa laboratorial 5\" src=\"https:\/\/oqitop.com\/wp-content\/uploads\/2025\/12\/33-7-300x300.jpg\" sizes=\"(max-width: 300px) 100vw, 300px\" srcset=\"https:\/\/oqitop.com\/wp-content\/uploads\/2025\/12\/33-7-300x300.jpg 300w, https:\/\/oqitop.com\/wp-content\/uploads\/2025\/12\/33-7-150x150.jpg 150w, https:\/\/oqitop.com\/wp-content\/uploads\/2025\/12\/33-7-768x768.jpg 768w, https:\/\/oqitop.com\/wp-content\/uploads\/2025\/12\/33-7.jpg 800w\" alt=\"\" width=\"300\" height=\"300\" \/><\/a><figcaption id=\"caption-attachment-3387\" class=\"wp-caption-text\"><a href=\"https:\/\/oqitop.com\/pt\/produtos\/metal-felt\/feltro-de-niquel\/\">Feltro de n\u00edquel<\/a><\/figcaption><\/figure>\n<\/td>\n<\/tr>\n<tr>\n<td width=\"33%\">&nbsp;<\/p>\n<figure id=\"attachment_3388\" class=\"wp-caption aligncenter\" aria-describedby=\"caption-attachment-3388\"><a href=\"https:\/\/oqitop.com\/pt\/produtos\/metal-felt\/feltro-de-carbono\/\"><img loading=\"lazy\" decoding=\"async\" class=\"size-medium wp-image-3388\" title=\"Feltro de fibra de tit\u00e2nio Ti de alta qualidade para pesquisa laboratorial 6\" src=\"https:\/\/oqitop.com\/wp-content\/uploads\/2025\/12\/44-300x300.png\" sizes=\"(max-width: 300px) 100vw, 300px\" srcset=\"https:\/\/oqitop.com\/wp-content\/uploads\/2025\/12\/44-300x300.png 300w, https:\/\/oqitop.com\/wp-content\/uploads\/2025\/12\/44-150x150.png 150w, https:\/\/oqitop.com\/wp-content\/uploads\/2025\/12\/44-768x768.png 768w, https:\/\/oqitop.com\/wp-content\/uploads\/2025\/12\/44.png 800w\" alt=\"\" width=\"300\" height=\"300\" \/><\/a><figcaption id=\"caption-attachment-3388\" class=\"wp-caption-text\"><a href=\"https:\/\/oqitop.com\/pt\/produtos\/metal-felt\/feltro-de-carbono\/\">Feltro de carbono<\/a><\/figcaption><\/figure>\n<\/td>\n<td width=\"33%\">&nbsp;<\/p>\n<figure id=\"attachment_3389\" class=\"wp-caption aligncenter\" aria-describedby=\"caption-attachment-3389\"><a href=\"https:\/\/oqitop.com\/pt\/produtos\/metal-felt\/preoxidized-felt\/\"><img loading=\"lazy\" decoding=\"async\" class=\"size-medium wp-image-3389\" title=\"Feltro de fibra de tit\u00e2nio Ti de alta qualidade para pesquisa laboratorial 7\" src=\"https:\/\/oqitop.com\/wp-content\/uploads\/2025\/12\/55-3-300x300.jpg\" sizes=\"(max-width: 300px) 100vw, 300px\" srcset=\"https:\/\/oqitop.com\/wp-content\/uploads\/2025\/12\/55-3-300x300.jpg 300w, https:\/\/oqitop.com\/wp-content\/uploads\/2025\/12\/55-3-150x150.jpg 150w, https:\/\/oqitop.com\/wp-content\/uploads\/2025\/12\/55-3-768x768.jpg 768w, https:\/\/oqitop.com\/wp-content\/uploads\/2025\/12\/55-3.jpg 800w\" alt=\"\" width=\"300\" height=\"300\" \/><\/a><figcaption id=\"caption-attachment-3389\" class=\"wp-caption-text\"><a href=\"https:\/\/oqitop.com\/pt\/produtos\/metal-felt\/preoxidized-felt\/\">Feltro pr\u00e9-oxidado<\/a><\/figcaption><\/figure>\n<\/td>\n<td width=\"33%\">&nbsp;<\/p>\n<figure id=\"attachment_3390\" class=\"wp-caption aligncenter\" aria-describedby=\"caption-attachment-3390\"><a href=\"https:\/\/oqitop.com\/pt\/produtos\/metal-felt\/stainless-steel-felt\/\"><img loading=\"lazy\" decoding=\"async\" class=\"size-medium wp-image-3390\" title=\"Feltro de fibra de tit\u00e2nio Ti de alta qualidade para pesquisa laboratorial 8\" src=\"https:\/\/oqitop.com\/wp-content\/uploads\/2025\/12\/66-300x300.jpg\" sizes=\"(max-width: 300px) 100vw, 300px\" srcset=\"https:\/\/oqitop.com\/wp-content\/uploads\/2025\/12\/66-300x300.jpg 300w, https:\/\/oqitop.com\/wp-content\/uploads\/2025\/12\/66-150x150.jpg 150w, https:\/\/oqitop.com\/wp-content\/uploads\/2025\/12\/66-768x768.jpg 768w, https:\/\/oqitop.com\/wp-content\/uploads\/2025\/12\/66.jpg 800w\" alt=\"\" width=\"300\" height=\"300\" \/><\/a><figcaption id=\"caption-attachment-3390\" class=\"wp-caption-text\"><a href=\"https:\/\/oqitop.com\/pt\/produtos\/metal-felt\/stainless-steel-felt\/\">Feltro de a\u00e7o inoxid\u00e1vel<\/a><\/figcaption><\/figure>\n<\/td>\n<\/tr>\n<\/tbody>\n<\/table>\n<\/div>\n<p><img loading=\"lazy\" decoding=\"async\" class=\"aligncenter size-full wp-image-3517\" title=\"Silica-alumina Needled Blanket High-temperature Alumina Silicate Roll Felt 1\" src=\"https:\/\/oqitop.com\/wp-content\/uploads\/2025\/12\/11-21.jpg\" sizes=\"(max-width: 1024px) 100vw, 1024px\" srcset=\"https:\/\/oqitop.com\/wp-content\/uploads\/2025\/12\/11-21.jpg 1024w, https:\/\/oqitop.com\/wp-content\/uploads\/2025\/12\/11-21-300x240.jpg 300w, https:\/\/oqitop.com\/wp-content\/uploads\/2025\/12\/11-21-768x614.jpg 768w\" alt=\"\" width=\"1024\" height=\"819\" \/><img loading=\"lazy\" decoding=\"async\" class=\"aligncenter size-full wp-image-3518\" title=\"Silica-alumina Needled Blanket High-temperature Alumina Silicate Roll Felt 2\" src=\"https:\/\/oqitop.com\/wp-content\/uploads\/2025\/12\/22-11.jpg\" sizes=\"(max-width: 1024px) 100vw, 1024px\" srcset=\"https:\/\/oqitop.com\/wp-content\/uploads\/2025\/12\/22-11.jpg 1024w, https:\/\/oqitop.com\/wp-content\/uploads\/2025\/12\/22-11-267x300.jpg 267w, https:\/\/oqitop.com\/wp-content\/uploads\/2025\/12\/22-11-910x1024.jpg 910w, https:\/\/oqitop.com\/wp-content\/uploads\/2025\/12\/22-11-768x864.jpg 768w\" alt=\"\" width=\"1024\" height=\"1152\" \/><img loading=\"lazy\" decoding=\"async\" class=\"aligncenter size-full wp-image-3519\" title=\"Silica-alumina Needled Blanket High-temperature Alumina Silicate Roll Felt 3\" src=\"https:\/\/oqitop.com\/wp-content\/uploads\/2025\/12\/55555-11-1.jpg\" sizes=\"(max-width: 1024px) 100vw, 1024px\" srcset=\"https:\/\/oqitop.com\/wp-content\/uploads\/2025\/12\/55555-11-1.jpg 1024w, https:\/\/oqitop.com\/wp-content\/uploads\/2025\/12\/55555-11-1-300x198.jpg 300w, https:\/\/oqitop.com\/wp-content\/uploads\/2025\/12\/55555-11-1-768x508.jpg 768w\" alt=\"\" width=\"1024\" height=\"677\" \/><\/p>","protected":false},"featured_media":3531,"template":"","meta":{"_acf_changed":false,"site-sidebar-layout":"default","site-content-layout":"","ast-site-content-layout":"default","site-content-style":"default","site-sidebar-style":"default","ast-global-header-display":"","ast-banner-title-visibility":"","ast-main-header-display":"","ast-hfb-above-header-display":"","ast-hfb-below-header-display":"","ast-hfb-mobile-header-display":"","site-post-title":"","ast-breadcrumbs-content":"","ast-featured-img":"","footer-sml-layout":"","theme-transparent-header-meta":"default","adv-header-id-meta":"","stick-header-meta":"default","header-above-stick-meta":"","header-main-stick-meta":"","header-below-stick-meta":"","astra-migrate-meta-layouts":"set","ast-page-background-enabled":"default","ast-page-background-meta":{"desktop":{"background-color":"var(--ast-global-color-4)","background-image":"","background-repeat":"repeat","background-position":"center center","background-size":"auto","background-attachment":"scroll","background-type":"","background-media":"","overlay-type":"","overlay-color":"","overlay-opacity":"","overlay-gradient":""},"tablet":{"background-color":"","background-image":"","background-repeat":"repeat","background-position":"center center","background-size":"auto","background-attachment":"scroll","background-type":"","background-media":"","overlay-type":"","overlay-color":"","overlay-opacity":"","overlay-gradient":""},"mobile":{"background-color":"","background-image":"","background-repeat":"repeat","background-position":"center center","background-size":"auto","background-attachment":"scroll","background-type":"","background-media":"","overlay-type":"","overlay-color":"","overlay-opacity":"","overlay-gradient":""}},"ast-content-background-meta":{"desktop":{"background-color":"var(--ast-global-color-5)","background-image":"","background-repeat":"repeat","background-position":"center center","background-size":"auto","background-attachment":"scroll","background-type":"","background-media":"","overlay-type":"","overlay-color":"","overlay-opacity":"","overlay-gradient":""},"tablet":{"background-color":"var(--ast-global-color-5)","background-image":"","background-repeat":"repeat","background-position":"center center","background-size":"auto","background-attachment":"scroll","background-type":"","background-media":"","overlay-type":"","overlay-color":"","overlay-opacity":"","overlay-gradient":""},"mobile":{"background-color":"var(--ast-global-color-5)","background-image":"","background-repeat":"repeat","background-position":"center center","background-size":"auto","background-attachment":"scroll","background-type":"","background-media":"","overlay-type":"","overlay-color":"","overlay-opacity":"","overlay-gradient":""}}},"tags":[],"products":[220,216],"class_list":["post-3530","product","type-product","status-publish","has-post-thumbnail","hentry","products-alumina-silicate-felt","products-metal-felt"],"acf":[],"_links":{"self":[{"href":"https:\/\/oqitop.com\/pt\/wp-json\/wp\/v2\/product\/3530","targetHints":{"allow":["GET"]}}],"collection":[{"href":"https:\/\/oqitop.com\/pt\/wp-json\/wp\/v2\/product"}],"about":[{"href":"https:\/\/oqitop.com\/pt\/wp-json\/wp\/v2\/types\/product"}],"wp:featuredmedia":[{"embeddable":true,"href":"https:\/\/oqitop.com\/pt\/wp-json\/wp\/v2\/media\/3531"}],"wp:attachment":[{"href":"https:\/\/oqitop.com\/pt\/wp-json\/wp\/v2\/media?parent=3530"}],"wp:term":[{"taxonomy":"post_tag","embeddable":true,"href":"https:\/\/oqitop.com\/pt\/wp-json\/wp\/v2\/tags?post=3530"},{"taxonomy":"products","embeddable":true,"href":"https:\/\/oqitop.com\/pt\/wp-json\/wp\/v2\/products?post=3530"}],"curies":[{"name":"wp","href":"https:\/\/api.w.org\/{rel}","templated":true}]}}