 {"id":3793,"date":"2025-12-15T22:20:37","date_gmt":"2025-12-15T14:20:37","guid":{"rendered":"https:\/\/oqitop.com\/?post_type=product&#038;p=3793"},"modified":"2026-01-15T09:15:18","modified_gmt":"2026-01-15T01:15:18","slug":"rede-tecida-com-fio-de-niquel-para-pesquisa-em-laboratorio-malha-de-niquel-para-eletrodo-de-bateria-e-coletor-de-fluidos-etc","status":"publish","type":"product","link":"https:\/\/oqitop.com\/pt\/product\/rede-tecida-com-fio-de-niquel-para-pesquisa-em-laboratorio-malha-de-niquel-para-eletrodo-de-bateria-e-coletor-de-fluidos-etc\/","title":{"rendered":"Pesquisa laboratorial Rede tecida de fio de n\u00edquel Malha de n\u00edquel para el\u00e9trodo de bateria e coletor de fluidos, etc."},"content":{"rendered":"<h5 style=\"text-align: center;\"><span style=\"color: #ff0000;\"><strong>Pesquisa laboratorial Rede tecida de fio de n\u00edquel Malha de n\u00edquel para el\u00e9trodo de bateria e coletor de fluidos, etc.<\/strong><\/span><\/h5>\n<p>&nbsp;<\/p>\n<p><iframe src=\"https:\/\/www.youtube.com\/embed\/LyU2-OrRzTk?rel=0\" allowfullscreen=\"allowfullscreen\" data-mce-fragment=\"1\"><\/iframe><\/p>\n<h4 align=\"left\"><strong>Introdu\u00e7\u00e3o<\/strong><\/h4>\n<h5><sup>\u00b7<\/sup><sup>Usos: el\u00e9trodo de bateria, coletor de fluidos, experi\u00eancias universit\u00e1rias, blindagem de salas de m\u00e1quinas, filtragem de equipamentos, maricultura, energia, ind\u00fastria qu\u00edmica, etc.<\/sup><sup>.<\/sup><\/h5>\n<h5><sup>\u00b7A rede tecida com fio de n\u00edquel \u00e9 feita cruzando a urdidura e a trama do fio de n\u00edquel, e a malha \u00e9 quadrada ou retangular.<\/sup><\/h5>\n<h5><sup>\u00b7<\/sup><sup>Di\u00e2metro do fio: 0,028-5 m. Malha: 0,0355-50 m. Largura da malha: 100 mm-1000 mm, n\u00famero da malha; 1-400 malhas.<\/sup><\/h5>\n<p class=\"\">\u00b7Material: N\u00edquel N4 (Ni 201), N6 (Ni 200) (UNS NO2200\/W.Nr. 2.4060 e 2.4066)<\/p>\n<p class=\"\">\u00b7Di\u00e2metro do fio: 0,02-4 mm, personaliza\u00e7\u00e3o dispon\u00edvel<\/p>\n<p class=\"\">\u00b7Contagem de malhas: 1-635<\/p>\n<p class=\"\">\u00b7Tipo de tecido: Tecido simples, Tecido sarjado, Tecido holand\u00eas, Tecido holand\u00eas sarjado reverso.<\/p>\n<p class=\"\">\u00b7Norma: GB, ASTM, ASME<\/p>\n<p class=\"\"><strong>Especifica\u00e7\u00f5es<\/strong><\/p>\n<p class=\"\" align=\"justify\">Os tr\u00eas dados seguintes s\u00e3o o n\u00famero da malha, o di\u00e2metro do fio e a abertura.<img fetchpriority=\"high\" decoding=\"async\" class=\"aligncenter size-full wp-image-3784\" title=\"99,91 TP3T Pureza Malha de n\u00edquel Malha met\u00e1lica de n\u00edquel para pesquisa laboratorial 1\" src=\"https:\/\/oqitop.com\/wp-content\/uploads\/2025\/12\/11111-4-1.png\" sizes=\"(max-width: 1024px) 100vw, 1024px\" srcset=\"https:\/\/oqitop.com\/wp-content\/uploads\/2025\/12\/11111-4-1.png 1024w, https:\/\/oqitop.com\/wp-content\/uploads\/2025\/12\/11111-4-1-256x300.png 256w, https:\/\/oqitop.com\/wp-content\/uploads\/2025\/12\/11111-4-1-873x1024.png 873w, https:\/\/oqitop.com\/wp-content\/uploads\/2025\/12\/11111-4-1-768x901.png 768w\" alt=\"\" width=\"1024\" height=\"1201\" \/><img decoding=\"async\" class=\"aligncenter size-full wp-image-3785\" title=\"99,91 TP3T Pureza Malha de n\u00edquel Malha met\u00e1lica de n\u00edquel para pesquisa laboratorial 2\" src=\"https:\/\/oqitop.com\/wp-content\/uploads\/2025\/12\/2222-2.jpg\" sizes=\"(max-width: 1024px) 100vw, 1024px\" srcset=\"https:\/\/oqitop.com\/wp-content\/uploads\/2025\/12\/2222-2.jpg 1024w, https:\/\/oqitop.com\/wp-content\/uploads\/2025\/12\/2222-2-300x251.jpg 300w, https:\/\/oqitop.com\/wp-content\/uploads\/2025\/12\/2222-2-768x643.jpg 768w\" alt=\"\" width=\"1024\" height=\"857\" \/><\/p>\n<p><b><strong>Para personalizar v\u00e1rias malhas met\u00e1licas, clique na imagem abaixo para obter mais detalhes:<\/strong><\/b><\/p>\n<table>\n<tbody>\n<tr>\n<td>&nbsp;<\/p>\n<figure id=\"attachment_3760\" class=\"wp-caption aligncenter\" aria-describedby=\"caption-attachment-3760\"><a href=\"https:\/\/oqitop.com\/pt\/produtos\/metal-mesh\/aluminum-mesh\/\"><img decoding=\"async\" class=\"size-thumbnail wp-image-3760\" title=\"Malha met\u00e1lica de tit\u00e2nio Malha met\u00e1lica de tit\u00e2nio para tratamento de \u00e1gua em eletrolisador 2\" src=\"https:\/\/oqitop.com\/wp-content\/uploads\/2025\/12\/Aluminium-Mesh-150x150.jpg\" sizes=\"(max-width: 150px) 100vw, 150px\" srcset=\"https:\/\/oqitop.com\/wp-content\/uploads\/2025\/12\/Aluminium-Mesh-150x150.jpg 150w, https:\/\/oqitop.com\/wp-content\/uploads\/2025\/12\/Aluminium-Mesh-300x300.jpg 300w, https:\/\/oqitop.com\/wp-content\/uploads\/2025\/12\/Aluminium-Mesh-768x768.jpg 768w, https:\/\/oqitop.com\/wp-content\/uploads\/2025\/12\/Aluminium-Mesh.jpg 1000w\" alt=\"\" width=\"150\" height=\"150\" \/><\/a><figcaption id=\"caption-attachment-3760\" class=\"wp-caption-text\"><a href=\"https:\/\/oqitop.com\/pt\/produtos\/metal-mesh\/aluminum-mesh\/\">Malha de alum\u00ednio<\/a><\/figcaption><\/figure>\n<\/td>\n<td>&nbsp;<\/p>\n<figure id=\"attachment_3761\" class=\"wp-caption aligncenter\" aria-describedby=\"caption-attachment-3761\"><a href=\"https:\/\/oqitop.com\/pt\/produtos\/metal-mesh\/copper-mesh\/\"><img loading=\"lazy\" decoding=\"async\" class=\"size-thumbnail wp-image-3761\" title=\"Malha met\u00e1lica de tit\u00e2nio Malha met\u00e1lica de tit\u00e2nio para tratamento de \u00e1gua com eletrolisador 3\" src=\"https:\/\/oqitop.com\/wp-content\/uploads\/2025\/12\/Copper-Mesh-150x150.jpg\" sizes=\"(max-width: 150px) 100vw, 150px\" srcset=\"https:\/\/oqitop.com\/wp-content\/uploads\/2025\/12\/Copper-Mesh-150x150.jpg 150w, https:\/\/oqitop.com\/wp-content\/uploads\/2025\/12\/Copper-Mesh-300x300.jpg 300w, https:\/\/oqitop.com\/wp-content\/uploads\/2025\/12\/Copper-Mesh-768x768.jpg 768w, https:\/\/oqitop.com\/wp-content\/uploads\/2025\/12\/Copper-Mesh.jpg 1000w\" alt=\"\" width=\"150\" height=\"150\" \/><\/a><figcaption id=\"caption-attachment-3761\" class=\"wp-caption-text\"><a href=\"https:\/\/oqitop.com\/pt\/produtos\/metal-mesh\/copper-mesh\/\">Malha de cobre<\/a><\/figcaption><\/figure>\n<\/td>\n<td>&nbsp;<\/p>\n<figure id=\"attachment_3762\" class=\"wp-caption aligncenter\" aria-describedby=\"caption-attachment-3762\"><a href=\"https:\/\/oqitop.com\/pt\/produtos\/metal-mesh\/tungsten-mesh\/\"><img loading=\"lazy\" decoding=\"async\" class=\"size-thumbnail wp-image-3762\" title=\"Malha met\u00e1lica de tit\u00e2nio Malha met\u00e1lica de tit\u00e2nio para tratamento de \u00e1gua com eletrolisador 4\" src=\"https:\/\/oqitop.com\/wp-content\/uploads\/2025\/12\/Tungsten-Mesh-150x150.jpg\" sizes=\"(max-width: 150px) 100vw, 150px\" srcset=\"https:\/\/oqitop.com\/wp-content\/uploads\/2025\/12\/Tungsten-Mesh-150x150.jpg 150w, https:\/\/oqitop.com\/wp-content\/uploads\/2025\/12\/Tungsten-Mesh-300x300.jpg 300w, https:\/\/oqitop.com\/wp-content\/uploads\/2025\/12\/Tungsten-Mesh.jpg 750w\" alt=\"\" width=\"150\" height=\"150\" \/><\/a><figcaption id=\"caption-attachment-3762\" class=\"wp-caption-text\"><a href=\"https:\/\/oqitop.com\/pt\/produtos\/metal-mesh\/tungsten-mesh\/\">Malha de tungst\u00e9nio<\/a><\/figcaption><\/figure>\n<\/td>\n<td>&nbsp;<\/p>\n<figure id=\"attachment_3763\" class=\"wp-caption aligncenter\" aria-describedby=\"caption-attachment-3763\"><a href=\"https:\/\/oqitop.com\/pt\/produtos\/metal-mesh\/malha-de-niquel\/\"><img loading=\"lazy\" decoding=\"async\" class=\"size-thumbnail wp-image-3763\" title=\"Malha met\u00e1lica de tit\u00e2nio Malha met\u00e1lica de tit\u00e2nio para tratamento de \u00e1gua com eletrolisador 5\" src=\"https:\/\/oqitop.com\/wp-content\/uploads\/2025\/12\/Nickel-Mesh-150x150.jpg\" sizes=\"(max-width: 150px) 100vw, 150px\" srcset=\"https:\/\/oqitop.com\/wp-content\/uploads\/2025\/12\/Nickel-Mesh-150x150.jpg 150w, https:\/\/oqitop.com\/wp-content\/uploads\/2025\/12\/Nickel-Mesh-300x300.jpg 300w, https:\/\/oqitop.com\/wp-content\/uploads\/2025\/12\/Nickel-Mesh-768x768.jpg 768w, https:\/\/oqitop.com\/wp-content\/uploads\/2025\/12\/Nickel-Mesh.jpg 800w\" alt=\"\" width=\"150\" height=\"150\" \/><\/a><figcaption id=\"caption-attachment-3763\" class=\"wp-caption-text\"><a href=\"https:\/\/oqitop.com\/pt\/produtos\/metal-mesh\/malha-de-niquel\/\">Malha de n\u00edquel<\/a><\/figcaption><\/figure>\n<\/td>\n<\/tr>\n<tr>\n<td>&nbsp;<\/p>\n<figure id=\"attachment_3764\" class=\"wp-caption aligncenter\" aria-describedby=\"caption-attachment-3764\"><a href=\"https:\/\/oqitop.com\/pt\/produtos\/metal-mesh\/titanium-mesh\/\"><img loading=\"lazy\" decoding=\"async\" class=\"size-thumbnail wp-image-3764\" title=\"Malha met\u00e1lica de tit\u00e2nio Malha met\u00e1lica de tit\u00e2nio para tratamento de \u00e1gua com eletrolisador 6\" src=\"https:\/\/oqitop.com\/wp-content\/uploads\/2025\/12\/Titanium-Mesh-150x150.jpg\" sizes=\"(max-width: 150px) 100vw, 150px\" srcset=\"https:\/\/oqitop.com\/wp-content\/uploads\/2025\/12\/Titanium-Mesh-150x150.jpg 150w, https:\/\/oqitop.com\/wp-content\/uploads\/2025\/12\/Titanium-Mesh-300x300.jpg 300w, https:\/\/oqitop.com\/wp-content\/uploads\/2025\/12\/Titanium-Mesh-768x768.jpg 768w, https:\/\/oqitop.com\/wp-content\/uploads\/2025\/12\/Titanium-Mesh.jpg 1001w\" alt=\"\" width=\"150\" height=\"150\" \/><\/a><figcaption id=\"caption-attachment-3764\" class=\"wp-caption-text\"><a href=\"https:\/\/oqitop.com\/pt\/produtos\/metal-mesh\/titanium-mesh\/\">Malha de tit\u00e2nio<\/a><\/figcaption><\/figure>\n<\/td>\n<td>&nbsp;<\/p>\n<figure id=\"attachment_3765\" class=\"wp-caption aligncenter\" aria-describedby=\"caption-attachment-3765\"><a href=\"https:\/\/oqitop.com\/pt\/produtos\/metal-mesh\/malha-de-prata\/\"><img loading=\"lazy\" decoding=\"async\" class=\"size-thumbnail wp-image-3765\" title=\"Malha met\u00e1lica de tit\u00e2nio Malha met\u00e1lica de tit\u00e2nio para tratamento de \u00e1gua com eletrolisador 7\" src=\"https:\/\/oqitop.com\/wp-content\/uploads\/2025\/12\/Silver-Mesh-150x150.png\" sizes=\"(max-width: 150px) 100vw, 150px\" srcset=\"https:\/\/oqitop.com\/wp-content\/uploads\/2025\/12\/Silver-Mesh-150x150.png 150w, https:\/\/oqitop.com\/wp-content\/uploads\/2025\/12\/Silver-Mesh-300x300.png 300w, https:\/\/oqitop.com\/wp-content\/uploads\/2025\/12\/Silver-Mesh-768x768.png 768w, https:\/\/oqitop.com\/wp-content\/uploads\/2025\/12\/Silver-Mesh.png 800w\" alt=\"\" width=\"150\" height=\"150\" \/><\/a><figcaption id=\"caption-attachment-3765\" class=\"wp-caption-text\"><a href=\"https:\/\/oqitop.com\/pt\/produtos\/metal-mesh\/malha-de-prata\/\">Malha Prateada<\/a><\/figcaption><\/figure>\n<\/td>\n<td>&nbsp;<\/p>\n<figure id=\"attachment_3766\" class=\"wp-caption aligncenter\" aria-describedby=\"caption-attachment-3766\"><a href=\"https:\/\/oqitop.com\/pt\/produtos\/metal-mesh\/molybdenum-mesh\/\"><img loading=\"lazy\" decoding=\"async\" class=\"size-thumbnail wp-image-3766\" title=\"Malha met\u00e1lica de tit\u00e2nio Malha met\u00e1lica de tit\u00e2nio para tratamento de \u00e1gua com eletrolisador 8\" src=\"https:\/\/oqitop.com\/wp-content\/uploads\/2025\/12\/Molybdenum-Mesh-150x150.jpg\" sizes=\"(max-width: 150px) 100vw, 150px\" srcset=\"https:\/\/oqitop.com\/wp-content\/uploads\/2025\/12\/Molybdenum-Mesh-150x150.jpg 150w, https:\/\/oqitop.com\/wp-content\/uploads\/2025\/12\/Molybdenum-Mesh-300x300.jpg 300w, https:\/\/oqitop.com\/wp-content\/uploads\/2025\/12\/Molybdenum-Mesh-1024x1024.jpg 1024w, https:\/\/oqitop.com\/wp-content\/uploads\/2025\/12\/Molybdenum-Mesh-768x768.jpg 768w, https:\/\/oqitop.com\/wp-content\/uploads\/2025\/12\/Molybdenum-Mesh.jpg 1500w\" alt=\"\" width=\"150\" height=\"150\" \/><\/a><figcaption id=\"caption-attachment-3766\" class=\"wp-caption-text\"><a href=\"https:\/\/oqitop.com\/pt\/produtos\/metal-mesh\/molybdenum-mesh\/\">Malha de molibd\u00e9nio<\/a><\/figcaption><\/figure>\n<\/td>\n<td>&nbsp;<\/p>\n<figure id=\"attachment_3767\" class=\"wp-caption aligncenter\" aria-describedby=\"caption-attachment-3767\"><a href=\"https:\/\/oqitop.com\/pt\/produtos\/metal-mesh\/stainless-steel-mesh\/\"><img loading=\"lazy\" decoding=\"async\" class=\"size-thumbnail wp-image-3767\" title=\"Malha met\u00e1lica de tit\u00e2nio Malha met\u00e1lica de tit\u00e2nio para tratamento de \u00e1gua com eletrolisador 9\" src=\"https:\/\/oqitop.com\/wp-content\/uploads\/2025\/12\/Steeless-Mesh-150x150.png\" sizes=\"(max-width: 150px) 100vw, 150px\" srcset=\"https:\/\/oqitop.com\/wp-content\/uploads\/2025\/12\/Steeless-Mesh-150x150.png 150w, https:\/\/oqitop.com\/wp-content\/uploads\/2025\/12\/Steeless-Mesh-300x300.png 300w, https:\/\/oqitop.com\/wp-content\/uploads\/2025\/12\/Steeless-Mesh-768x768.png 768w, https:\/\/oqitop.com\/wp-content\/uploads\/2025\/12\/Steeless-Mesh.png 800w\" alt=\"\" width=\"150\" height=\"150\" \/><\/a><figcaption id=\"caption-attachment-3767\" class=\"wp-caption-text\"><a href=\"https:\/\/oqitop.com\/pt\/produtos\/metal-mesh\/stainless-steel-mesh\/\">Malha sem a\u00e7o<\/a><\/figcaption><\/figure>\n<\/td>\n<\/tr>\n<\/tbody>\n<\/table>\n<p><strong>Tamb\u00e9m podemos personalizar v\u00e1rias malhas met\u00e1licas; entre em contacto connosco, se necess\u00e1rio.<img loading=\"lazy\" decoding=\"async\" class=\"aligncenter size-full wp-image-3787\" title=\"99,91 TP3T Pureza Malha de n\u00edquel Malha met\u00e1lica de n\u00edquel para pesquisa laboratorial 3\" src=\"https:\/\/oqitop.com\/wp-content\/uploads\/2025\/12\/12345-1.jpg\" sizes=\"(max-width: 1024px) 100vw, 1024px\" srcset=\"https:\/\/oqitop.com\/wp-content\/uploads\/2025\/12\/12345-1.jpg 1024w, https:\/\/oqitop.com\/wp-content\/uploads\/2025\/12\/12345-1-300x155.jpg 300w, https:\/\/oqitop.com\/wp-content\/uploads\/2025\/12\/12345-1-768x397.jpg 768w\" alt=\"\" width=\"1024\" height=\"529\" \/><\/strong><\/p>\n<div class=\"table-responsive\">\n<p><strong><img loading=\"lazy\" decoding=\"async\" class=\"aligncenter size-full wp-image-3786\" title=\"99,91 TP3T Pureza Malha de n\u00edquel Malha met\u00e1lica de n\u00edquel para pesquisa laboratorial 4\" src=\"https:\/\/oqitop.com\/wp-content\/uploads\/2025\/12\/55555-11-19.jpg\" sizes=\"(max-width: 1024px) 100vw, 1024px\" srcset=\"https:\/\/oqitop.com\/wp-content\/uploads\/2025\/12\/55555-11-19.jpg 1024w, https:\/\/oqitop.com\/wp-content\/uploads\/2025\/12\/55555-11-19-300x198.jpg 300w, https:\/\/oqitop.com\/wp-content\/uploads\/2025\/12\/55555-11-19-768x508.jpg 768w\" alt=\"\" width=\"1024\" height=\"677\" \/><\/strong><\/p>\n<\/div>","protected":false},"featured_media":4147,"template":"","meta":{"_acf_changed":false,"site-sidebar-layout":"default","site-content-layout":"","ast-site-content-layout":"default","site-content-style":"default","site-sidebar-style":"default","ast-global-header-display":"","ast-banner-title-visibility":"","ast-main-header-display":"","ast-hfb-above-header-display":"","ast-hfb-below-header-display":"","ast-hfb-mobile-header-display":"","site-post-title":"","ast-breadcrumbs-content":"","ast-featured-img":"","footer-sml-layout":"","theme-transparent-header-meta":"default","adv-header-id-meta":"","stick-header-meta":"default","header-above-stick-meta":"","header-main-stick-meta":"","header-below-stick-meta":"","astra-migrate-meta-layouts":"set","ast-page-background-enabled":"default","ast-page-background-meta":{"desktop":{"background-color":"var(--ast-global-color-4)","background-image":"","background-repeat":"repeat","background-position":"center center","background-size":"auto","background-attachment":"scroll","background-type":"","background-media":"","overlay-type":"","overlay-color":"","overlay-opacity":"","overlay-gradient":""},"tablet":{"background-color":"","background-image":"","background-repeat":"repeat","background-position":"center center","background-size":"auto","background-attachment":"scroll","background-type":"","background-media":"","overlay-type":"","overlay-color":"","overlay-opacity":"","overlay-gradient":""},"mobile":{"background-color":"","background-image":"","background-repeat":"repeat","background-position":"center center","background-size":"auto","background-attachment":"scroll","background-type":"","background-media":"","overlay-type":"","overlay-color":"","overlay-opacity":"","overlay-gradient":""}},"ast-content-background-meta":{"desktop":{"background-color":"var(--ast-global-color-5)","background-image":"","background-repeat":"repeat","background-position":"center center","background-size":"auto","background-attachment":"scroll","background-type":"","background-media":"","overlay-type":"","overlay-color":"","overlay-opacity":"","overlay-gradient":""},"tablet":{"background-color":"var(--ast-global-color-5)","background-image":"","background-repeat":"repeat","background-position":"center center","background-size":"auto","background-attachment":"scroll","background-type":"","background-media":"","overlay-type":"","overlay-color":"","overlay-opacity":"","overlay-gradient":""},"mobile":{"background-color":"var(--ast-global-color-5)","background-image":"","background-repeat":"repeat","background-position":"center center","background-size":"auto","background-attachment":"scroll","background-type":"","background-media":"","overlay-type":"","overlay-color":"","overlay-opacity":"","overlay-gradient":""}}},"tags":[],"products":[231,233],"class_list":["post-3793","product","type-product","status-publish","has-post-thumbnail","hentry","products-metal-mesh","products-nickel-mesh"],"acf":[],"_links":{"self":[{"href":"https:\/\/oqitop.com\/pt\/wp-json\/wp\/v2\/product\/3793","targetHints":{"allow":["GET"]}}],"collection":[{"href":"https:\/\/oqitop.com\/pt\/wp-json\/wp\/v2\/product"}],"about":[{"href":"https:\/\/oqitop.com\/pt\/wp-json\/wp\/v2\/types\/product"}],"wp:featuredmedia":[{"embeddable":true,"href":"https:\/\/oqitop.com\/pt\/wp-json\/wp\/v2\/media\/4147"}],"wp:attachment":[{"href":"https:\/\/oqitop.com\/pt\/wp-json\/wp\/v2\/media?parent=3793"}],"wp:term":[{"taxonomy":"post_tag","embeddable":true,"href":"https:\/\/oqitop.com\/pt\/wp-json\/wp\/v2\/tags?post=3793"},{"taxonomy":"products","embeddable":true,"href":"https:\/\/oqitop.com\/pt\/wp-json\/wp\/v2\/products?post=3793"}],"curies":[{"name":"wp","href":"https:\/\/api.w.org\/{rel}","templated":true}]}}