 {"id":3845,"date":"2025-12-16T13:39:26","date_gmt":"2025-12-16T05:39:26","guid":{"rendered":"https:\/\/oqitop.com\/?post_type=product&#038;p=3845"},"modified":"2026-01-15T09:45:18","modified_gmt":"2026-01-15T01:45:18","slug":"copper-mesh-cu-metal-mesh-copper-metal-mesh","status":"publish","type":"product","link":"https:\/\/oqitop.com\/pt\/product\/copper-mesh-cu-metal-mesh-copper-metal-mesh\/","title":{"rendered":"Copper Mesh Cu Metal Mesh Copper Metal Mesh"},"content":{"rendered":"<h3 style=\"text-align: center;\"><span style=\"color: #ff0000;\">Copper Mesh Cu Metal Mesh Copper Metal Mesh<\/span><\/h3>\n<p>&nbsp;<\/p>\n<p><iframe src=\"https:\/\/www.youtube.com\/embed\/Sav88kFuleY?rel=0\" allowfullscreen=\"allowfullscreen\" data-mce-fragment=\"1\"><\/iframe><\/p>\n<p align=\"left\"><strong>Introdu\u00e7\u00e3o<\/strong><\/p>\n<p class=\"\">\u00b7<strong><a href=\"https:\/\/oqitop.com\/pt\/produtos\/metal-mesh\/copper-mesh\/\" target=\"_blank\" rel=\"nofollow noopener\">Fine copper mesh<\/a><\/strong>\u00a0is designed with openings ranging from 0.001 inch to 0.005 inch (0.030 mm to 0.122 mm). This metal fabric is totally made by 100% copper. It is quite easy to any shapes with common knife or scissors.<\/p>\n<p class=\"\">\u00b7Micro aperture allows its many applications as screens and sieves. For example, it can be used as locomotive engine compartments for ventilation. Softness and flexibility makes it very easy to operate in producing handcrafts or artworks.<\/p>\n<p class=\"\">\u00b7Faraday cages often choose fine copper mesh as its material. The meshes are grounded to dissipate any electric currents generated by the external electromagnetic fields.<\/p>\n<p class=\"\">\u00b7Mateiral: 100% pure copper.<\/p>\n<p class=\"\">\u00b7Mesh size: 60\u2013300 mesh.<\/p>\n<p class=\"\">\u00b7Roll width: 0.914 m, 1.0 m, 1.22 m and customized sizes.<\/p>\n<p class=\"\">\u00b7Roll length: 30 m, 50 m, 100 m and customized lengths.<\/p>\n<p class=\"\">\u00b7Customized specifications on large quantity order are also available.<\/p>\n<p class=\"\"><strong>Especifica\u00e7\u00f5es<\/strong><\/p>\n<p class=\"\" align=\"justify\">Os tr\u00eas dados seguintes s\u00e3o o n\u00famero da malha, o di\u00e2metro do fio e a abertura.<img fetchpriority=\"high\" decoding=\"async\" class=\"aligncenter size-full wp-image-3832\" title=\"High purity Brass Wire Mesh Cu Metal Mesh Copper Metal Mesh Corrosion Resistance 1\" src=\"https:\/\/oqitop.com\/wp-content\/uploads\/2025\/12\/11111-4-4.png\" sizes=\"(max-width: 1024px) 100vw, 1024px\" srcset=\"https:\/\/oqitop.com\/wp-content\/uploads\/2025\/12\/11111-4-4.png 1024w, https:\/\/oqitop.com\/wp-content\/uploads\/2025\/12\/11111-4-4-256x300.png 256w, https:\/\/oqitop.com\/wp-content\/uploads\/2025\/12\/11111-4-4-873x1024.png 873w, https:\/\/oqitop.com\/wp-content\/uploads\/2025\/12\/11111-4-4-768x901.png 768w\" alt=\"\" width=\"1024\" height=\"1201\" \/><img decoding=\"async\" class=\"aligncenter size-full wp-image-3833\" title=\"High purity Brass Wire Mesh Cu Metal Mesh Copper Metal Mesh Corrosion Resistance 2\" src=\"https:\/\/oqitop.com\/wp-content\/uploads\/2025\/12\/77777.jpg\" sizes=\"(max-width: 1024px) 100vw, 1024px\" srcset=\"https:\/\/oqitop.com\/wp-content\/uploads\/2025\/12\/77777.jpg 1024w, https:\/\/oqitop.com\/wp-content\/uploads\/2025\/12\/77777-300x201.jpg 300w, https:\/\/oqitop.com\/wp-content\/uploads\/2025\/12\/77777-768x515.jpg 768w\" alt=\"\" width=\"1024\" height=\"687\" \/><\/p>\n<p><b><strong>Para personalizar v\u00e1rias malhas met\u00e1licas, clique na imagem abaixo para obter mais detalhes:<\/strong><\/b><\/p>\n<table>\n<tbody>\n<tr>\n<td>&nbsp;<\/p>\n<figure id=\"attachment_3760\" class=\"wp-caption aligncenter\" aria-describedby=\"caption-attachment-3760\"><a href=\"https:\/\/oqitop.com\/pt\/produtos\/metal-mesh\/aluminum-mesh\/\"><img decoding=\"async\" class=\"size-thumbnail wp-image-3760\" title=\"Malha met\u00e1lica de tit\u00e2nio Malha met\u00e1lica de tit\u00e2nio para tratamento de \u00e1gua em eletrolisador 2\" src=\"https:\/\/oqitop.com\/wp-content\/uploads\/2025\/12\/Aluminium-Mesh-150x150.jpg\" sizes=\"(max-width: 150px) 100vw, 150px\" srcset=\"https:\/\/oqitop.com\/wp-content\/uploads\/2025\/12\/Aluminium-Mesh-150x150.jpg 150w, https:\/\/oqitop.com\/wp-content\/uploads\/2025\/12\/Aluminium-Mesh-300x300.jpg 300w, https:\/\/oqitop.com\/wp-content\/uploads\/2025\/12\/Aluminium-Mesh-768x768.jpg 768w, https:\/\/oqitop.com\/wp-content\/uploads\/2025\/12\/Aluminium-Mesh.jpg 1000w\" alt=\"\" width=\"150\" height=\"150\" \/><\/a><figcaption id=\"caption-attachment-3760\" class=\"wp-caption-text\"><a href=\"https:\/\/oqitop.com\/pt\/produtos\/metal-mesh\/aluminum-mesh\/\">Malha de alum\u00ednio<\/a><\/figcaption><\/figure>\n<\/td>\n<td>&nbsp;<\/p>\n<figure id=\"attachment_3761\" class=\"wp-caption aligncenter\" aria-describedby=\"caption-attachment-3761\"><a href=\"https:\/\/oqitop.com\/pt\/produtos\/metal-mesh\/copper-mesh\/\"><img loading=\"lazy\" decoding=\"async\" class=\"size-thumbnail wp-image-3761\" title=\"Malha met\u00e1lica de tit\u00e2nio Malha met\u00e1lica de tit\u00e2nio para tratamento de \u00e1gua com eletrolisador 3\" src=\"https:\/\/oqitop.com\/wp-content\/uploads\/2025\/12\/Copper-Mesh-150x150.jpg\" sizes=\"(max-width: 150px) 100vw, 150px\" srcset=\"https:\/\/oqitop.com\/wp-content\/uploads\/2025\/12\/Copper-Mesh-150x150.jpg 150w, https:\/\/oqitop.com\/wp-content\/uploads\/2025\/12\/Copper-Mesh-300x300.jpg 300w, https:\/\/oqitop.com\/wp-content\/uploads\/2025\/12\/Copper-Mesh-768x768.jpg 768w, https:\/\/oqitop.com\/wp-content\/uploads\/2025\/12\/Copper-Mesh.jpg 1000w\" alt=\"\" width=\"150\" height=\"150\" \/><\/a><figcaption id=\"caption-attachment-3761\" class=\"wp-caption-text\"><a href=\"https:\/\/oqitop.com\/pt\/produtos\/metal-mesh\/copper-mesh\/\">Malha de cobre<\/a><\/figcaption><\/figure>\n<\/td>\n<td>&nbsp;<\/p>\n<figure id=\"attachment_3762\" class=\"wp-caption aligncenter\" aria-describedby=\"caption-attachment-3762\"><a href=\"https:\/\/oqitop.com\/pt\/produtos\/metal-mesh\/tungsten-mesh\/\"><img loading=\"lazy\" decoding=\"async\" class=\"size-thumbnail wp-image-3762\" title=\"Malha met\u00e1lica de tit\u00e2nio Malha met\u00e1lica de tit\u00e2nio para tratamento de \u00e1gua com eletrolisador 4\" src=\"https:\/\/oqitop.com\/wp-content\/uploads\/2025\/12\/Tungsten-Mesh-150x150.jpg\" sizes=\"(max-width: 150px) 100vw, 150px\" srcset=\"https:\/\/oqitop.com\/wp-content\/uploads\/2025\/12\/Tungsten-Mesh-150x150.jpg 150w, https:\/\/oqitop.com\/wp-content\/uploads\/2025\/12\/Tungsten-Mesh-300x300.jpg 300w, https:\/\/oqitop.com\/wp-content\/uploads\/2025\/12\/Tungsten-Mesh.jpg 750w\" alt=\"\" width=\"150\" height=\"150\" \/><\/a><figcaption id=\"caption-attachment-3762\" class=\"wp-caption-text\"><a href=\"https:\/\/oqitop.com\/pt\/produtos\/metal-mesh\/tungsten-mesh\/\">Malha de tungst\u00e9nio<\/a><\/figcaption><\/figure>\n<\/td>\n<td>&nbsp;<\/p>\n<figure id=\"attachment_3763\" class=\"wp-caption aligncenter\" aria-describedby=\"caption-attachment-3763\"><a href=\"https:\/\/oqitop.com\/pt\/produtos\/metal-mesh\/malha-de-niquel\/\"><img loading=\"lazy\" decoding=\"async\" class=\"size-thumbnail wp-image-3763\" title=\"Malha met\u00e1lica de tit\u00e2nio Malha met\u00e1lica de tit\u00e2nio para tratamento de \u00e1gua com eletrolisador 5\" src=\"https:\/\/oqitop.com\/wp-content\/uploads\/2025\/12\/Nickel-Mesh-150x150.jpg\" sizes=\"(max-width: 150px) 100vw, 150px\" srcset=\"https:\/\/oqitop.com\/wp-content\/uploads\/2025\/12\/Nickel-Mesh-150x150.jpg 150w, https:\/\/oqitop.com\/wp-content\/uploads\/2025\/12\/Nickel-Mesh-300x300.jpg 300w, https:\/\/oqitop.com\/wp-content\/uploads\/2025\/12\/Nickel-Mesh-768x768.jpg 768w, https:\/\/oqitop.com\/wp-content\/uploads\/2025\/12\/Nickel-Mesh.jpg 800w\" alt=\"\" width=\"150\" height=\"150\" \/><\/a><figcaption id=\"caption-attachment-3763\" class=\"wp-caption-text\"><a href=\"https:\/\/oqitop.com\/pt\/produtos\/metal-mesh\/malha-de-niquel\/\">Malha de n\u00edquel<\/a><\/figcaption><\/figure>\n<\/td>\n<\/tr>\n<tr>\n<td>&nbsp;<\/p>\n<figure id=\"attachment_3764\" class=\"wp-caption aligncenter\" aria-describedby=\"caption-attachment-3764\"><a href=\"https:\/\/oqitop.com\/pt\/produtos\/metal-mesh\/titanium-mesh\/\"><img loading=\"lazy\" decoding=\"async\" class=\"size-thumbnail wp-image-3764\" title=\"Malha met\u00e1lica de tit\u00e2nio Malha met\u00e1lica de tit\u00e2nio para tratamento de \u00e1gua com eletrolisador 6\" src=\"https:\/\/oqitop.com\/wp-content\/uploads\/2025\/12\/Titanium-Mesh-150x150.jpg\" sizes=\"(max-width: 150px) 100vw, 150px\" srcset=\"https:\/\/oqitop.com\/wp-content\/uploads\/2025\/12\/Titanium-Mesh-150x150.jpg 150w, https:\/\/oqitop.com\/wp-content\/uploads\/2025\/12\/Titanium-Mesh-300x300.jpg 300w, https:\/\/oqitop.com\/wp-content\/uploads\/2025\/12\/Titanium-Mesh-768x768.jpg 768w, https:\/\/oqitop.com\/wp-content\/uploads\/2025\/12\/Titanium-Mesh.jpg 1001w\" alt=\"\" width=\"150\" height=\"150\" \/><\/a><figcaption id=\"caption-attachment-3764\" class=\"wp-caption-text\"><a href=\"https:\/\/oqitop.com\/pt\/produtos\/metal-mesh\/titanium-mesh\/\">Malha de tit\u00e2nio<\/a><\/figcaption><\/figure>\n<\/td>\n<td>&nbsp;<\/p>\n<figure id=\"attachment_3765\" class=\"wp-caption aligncenter\" aria-describedby=\"caption-attachment-3765\"><a href=\"https:\/\/oqitop.com\/pt\/produtos\/metal-mesh\/malha-de-prata\/\"><img loading=\"lazy\" decoding=\"async\" class=\"size-thumbnail wp-image-3765\" title=\"Malha met\u00e1lica de tit\u00e2nio Malha met\u00e1lica de tit\u00e2nio para tratamento de \u00e1gua com eletrolisador 7\" src=\"https:\/\/oqitop.com\/wp-content\/uploads\/2025\/12\/Silver-Mesh-150x150.png\" sizes=\"(max-width: 150px) 100vw, 150px\" srcset=\"https:\/\/oqitop.com\/wp-content\/uploads\/2025\/12\/Silver-Mesh-150x150.png 150w, https:\/\/oqitop.com\/wp-content\/uploads\/2025\/12\/Silver-Mesh-300x300.png 300w, https:\/\/oqitop.com\/wp-content\/uploads\/2025\/12\/Silver-Mesh-768x768.png 768w, https:\/\/oqitop.com\/wp-content\/uploads\/2025\/12\/Silver-Mesh.png 800w\" alt=\"\" width=\"150\" height=\"150\" \/><\/a><figcaption id=\"caption-attachment-3765\" class=\"wp-caption-text\"><a href=\"https:\/\/oqitop.com\/pt\/produtos\/metal-mesh\/malha-de-prata\/\">Malha Prateada<\/a><\/figcaption><\/figure>\n<\/td>\n<td>&nbsp;<\/p>\n<figure id=\"attachment_3766\" class=\"wp-caption aligncenter\" aria-describedby=\"caption-attachment-3766\"><a href=\"https:\/\/oqitop.com\/pt\/produtos\/metal-mesh\/molybdenum-mesh\/\"><img loading=\"lazy\" decoding=\"async\" class=\"size-thumbnail wp-image-3766\" title=\"Malha met\u00e1lica de tit\u00e2nio Malha met\u00e1lica de tit\u00e2nio para tratamento de \u00e1gua com eletrolisador 8\" src=\"https:\/\/oqitop.com\/wp-content\/uploads\/2025\/12\/Molybdenum-Mesh-150x150.jpg\" sizes=\"(max-width: 150px) 100vw, 150px\" srcset=\"https:\/\/oqitop.com\/wp-content\/uploads\/2025\/12\/Molybdenum-Mesh-150x150.jpg 150w, https:\/\/oqitop.com\/wp-content\/uploads\/2025\/12\/Molybdenum-Mesh-300x300.jpg 300w, https:\/\/oqitop.com\/wp-content\/uploads\/2025\/12\/Molybdenum-Mesh-1024x1024.jpg 1024w, https:\/\/oqitop.com\/wp-content\/uploads\/2025\/12\/Molybdenum-Mesh-768x768.jpg 768w, https:\/\/oqitop.com\/wp-content\/uploads\/2025\/12\/Molybdenum-Mesh.jpg 1500w\" alt=\"\" width=\"150\" height=\"150\" \/><\/a><figcaption id=\"caption-attachment-3766\" class=\"wp-caption-text\"><a href=\"https:\/\/oqitop.com\/pt\/produtos\/metal-mesh\/molybdenum-mesh\/\">Malha de molibd\u00e9nio<\/a><\/figcaption><\/figure>\n<\/td>\n<td>&nbsp;<\/p>\n<figure id=\"attachment_3767\" class=\"wp-caption aligncenter\" aria-describedby=\"caption-attachment-3767\"><a href=\"https:\/\/oqitop.com\/pt\/produtos\/metal-mesh\/stainless-steel-mesh\/\"><img loading=\"lazy\" decoding=\"async\" class=\"size-thumbnail wp-image-3767\" title=\"Malha met\u00e1lica de tit\u00e2nio Malha met\u00e1lica de tit\u00e2nio para tratamento de \u00e1gua com eletrolisador 9\" src=\"https:\/\/oqitop.com\/wp-content\/uploads\/2025\/12\/Steeless-Mesh-150x150.png\" sizes=\"(max-width: 150px) 100vw, 150px\" srcset=\"https:\/\/oqitop.com\/wp-content\/uploads\/2025\/12\/Steeless-Mesh-150x150.png 150w, https:\/\/oqitop.com\/wp-content\/uploads\/2025\/12\/Steeless-Mesh-300x300.png 300w, https:\/\/oqitop.com\/wp-content\/uploads\/2025\/12\/Steeless-Mesh-768x768.png 768w, https:\/\/oqitop.com\/wp-content\/uploads\/2025\/12\/Steeless-Mesh.png 800w\" alt=\"\" width=\"150\" height=\"150\" \/><\/a><figcaption id=\"caption-attachment-3767\" class=\"wp-caption-text\"><a href=\"https:\/\/oqitop.com\/pt\/produtos\/metal-mesh\/stainless-steel-mesh\/\">Malha sem a\u00e7o<\/a><\/figcaption><\/figure>\n<\/td>\n<\/tr>\n<\/tbody>\n<\/table>\n<figure id=\"attachment_3767\" class=\"wp-caption aligncenter\" aria-describedby=\"caption-attachment-3767\"><\/figure>\n<p><strong>Tamb\u00e9m podemos personalizar v\u00e1rias malhas met\u00e1licas; entre em contacto connosco, se necess\u00e1rio.<\/strong><img loading=\"lazy\" decoding=\"async\" class=\"aligncenter size-full wp-image-3834\" title=\"High purity Brass Wire Mesh Cu Metal Mesh Copper Metal Mesh Corrosion Resistance 3\" src=\"https:\/\/oqitop.com\/wp-content\/uploads\/2025\/12\/33333-10.jpg\" sizes=\"(max-width: 1024px) 100vw, 1024px\" srcset=\"https:\/\/oqitop.com\/wp-content\/uploads\/2025\/12\/33333-10.jpg 1024w, https:\/\/oqitop.com\/wp-content\/uploads\/2025\/12\/33333-10-300x155.jpg 300w, https:\/\/oqitop.com\/wp-content\/uploads\/2025\/12\/33333-10-768x397.jpg 768w\" alt=\"\" width=\"1024\" height=\"529\" \/><img loading=\"lazy\" decoding=\"async\" class=\"aligncenter size-full wp-image-3835\" title=\"High purity Brass Wire Mesh Cu Metal Mesh Copper Metal Mesh Corrosion Resistance 4\" src=\"https:\/\/oqitop.com\/wp-content\/uploads\/2025\/12\/55555-11-22.jpg\" sizes=\"(max-width: 1024px) 100vw, 1024px\" srcset=\"https:\/\/oqitop.com\/wp-content\/uploads\/2025\/12\/55555-11-22.jpg 1024w, https:\/\/oqitop.com\/wp-content\/uploads\/2025\/12\/55555-11-22-300x198.jpg 300w, https:\/\/oqitop.com\/wp-content\/uploads\/2025\/12\/55555-11-22-768x508.jpg 768w\" alt=\"\" width=\"1024\" height=\"677\" \/><\/p>","protected":false},"featured_media":3846,"template":"","meta":{"_acf_changed":false,"site-sidebar-layout":"default","site-content-layout":"","ast-site-content-layout":"default","site-content-style":"default","site-sidebar-style":"default","ast-global-header-display":"","ast-banner-title-visibility":"","ast-main-header-display":"","ast-hfb-above-header-display":"","ast-hfb-below-header-display":"","ast-hfb-mobile-header-display":"","site-post-title":"","ast-breadcrumbs-content":"","ast-featured-img":"","footer-sml-layout":"","theme-transparent-header-meta":"default","adv-header-id-meta":"","stick-header-meta":"default","header-above-stick-meta":"","header-main-stick-meta":"","header-below-stick-meta":"","astra-migrate-meta-layouts":"set","ast-page-background-enabled":"default","ast-page-background-meta":{"desktop":{"background-color":"var(--ast-global-color-4)","background-image":"","background-repeat":"repeat","background-position":"center center","background-size":"auto","background-attachment":"scroll","background-type":"","background-media":"","overlay-type":"","overlay-color":"","overlay-opacity":"","overlay-gradient":""},"tablet":{"background-color":"","background-image":"","background-repeat":"repeat","background-position":"center center","background-size":"auto","background-attachment":"scroll","background-type":"","background-media":"","overlay-type":"","overlay-color":"","overlay-opacity":"","overlay-gradient":""},"mobile":{"background-color":"","background-image":"","background-repeat":"repeat","background-position":"center center","background-size":"auto","background-attachment":"scroll","background-type":"","background-media":"","overlay-type":"","overlay-color":"","overlay-opacity":"","overlay-gradient":""}},"ast-content-background-meta":{"desktop":{"background-color":"var(--ast-global-color-5)","background-image":"","background-repeat":"repeat","background-position":"center center","background-size":"auto","background-attachment":"scroll","background-type":"","background-media":"","overlay-type":"","overlay-color":"","overlay-opacity":"","overlay-gradient":""},"tablet":{"background-color":"var(--ast-global-color-5)","background-image":"","background-repeat":"repeat","background-position":"center center","background-size":"auto","background-attachment":"scroll","background-type":"","background-media":"","overlay-type":"","overlay-color":"","overlay-opacity":"","overlay-gradient":""},"mobile":{"background-color":"var(--ast-global-color-5)","background-image":"","background-repeat":"repeat","background-position":"center center","background-size":"auto","background-attachment":"scroll","background-type":"","background-media":"","overlay-type":"","overlay-color":"","overlay-opacity":"","overlay-gradient":""}}},"tags":[],"products":[236,231],"class_list":["post-3845","product","type-product","status-publish","has-post-thumbnail","hentry","products-copper-mesh","products-metal-mesh"],"acf":[],"_links":{"self":[{"href":"https:\/\/oqitop.com\/pt\/wp-json\/wp\/v2\/product\/3845","targetHints":{"allow":["GET"]}}],"collection":[{"href":"https:\/\/oqitop.com\/pt\/wp-json\/wp\/v2\/product"}],"about":[{"href":"https:\/\/oqitop.com\/pt\/wp-json\/wp\/v2\/types\/product"}],"wp:featuredmedia":[{"embeddable":true,"href":"https:\/\/oqitop.com\/pt\/wp-json\/wp\/v2\/media\/3846"}],"wp:attachment":[{"href":"https:\/\/oqitop.com\/pt\/wp-json\/wp\/v2\/media?parent=3845"}],"wp:term":[{"taxonomy":"post_tag","embeddable":true,"href":"https:\/\/oqitop.com\/pt\/wp-json\/wp\/v2\/tags?post=3845"},{"taxonomy":"products","embeddable":true,"href":"https:\/\/oqitop.com\/pt\/wp-json\/wp\/v2\/products?post=3845"}],"curies":[{"name":"wp","href":"https:\/\/api.w.org\/{rel}","templated":true}]}}