 {"id":4779,"date":"2026-01-04T15:07:12","date_gmt":"2026-01-04T07:07:12","guid":{"rendered":"https:\/\/oqitop.com\/?post_type=product&#038;p=4779"},"modified":"2026-01-15T16:37:16","modified_gmt":"2026-01-15T08:37:16","slug":"purity-99-99-silver-wire-mesh-ag-woven-mesh-for-battery-electrode","status":"publish","type":"product","link":"https:\/\/oqitop.com\/pt\/purity-99-99-silver-wire-mesh-ag-woven-mesh-for-battery-electrode\/","title":{"rendered":"Pureza 99.99% Malha de fio de prata Ag malha tecida para eletrodo de bateria"},"content":{"rendered":"<h3 style=\"text-align: center;\"><span style=\"color: #ff0000;\">Pureza 99.99% Malha de fio de prata Ag malha tecida para eletrodo de bateria<\/span><\/h3>\n<p><iframe src=\"https:\/\/www.youtube.com\/embed\/vjLqgbEHHyw?rel=0\" allowfullscreen=\"allowfullscreen\" data-mce-fragment=\"1\"><\/iframe><\/p>\n<p align=\"left\"><strong>Introdu\u00e7\u00e3o<\/strong><\/p>\n<p class=\"\">\u00b7<strong><a href=\"https:\/\/oqitop.com\/pt\/produtos\/metal-mesh\/malha-de-prata\/\" target=\"_blank\" rel=\"nofollow noopener\">Silver woven wire mesh<\/a><\/strong>\u00a0is manufactured from pure silver wire and it is woven through plain weave and twill weave into square meshes. Silver woven wire mesh has outstanding electric and heat transfer conductivity, it is better than the nickel woven wire mesh and any other metal woven wire mesh. Silver woven wire mesh has a widely application in electronic industry, electric power industry, aerospace and other industries.<\/p>\n<p class=\"\">\u00b7Silver wire mesh can also be expanded into diamond meshes to form silver expanded metal mesh.<\/p>\n<p class=\"\">\u00b7Material: silver wire.<\/p>\n<p class=\"\">\u00b7Purity: 99.6% \u2013 99.9%.<\/p>\n<p class=\"\">\u00b7Technique: woven.<\/p>\n<p class=\"\">\u00b7Weaving type: plain weave and twill weave.<\/p>\n<p class=\"\">\u00b7Wire diameter: 0.15mm \u2013 0.35mm.<\/p>\n<p class=\"\">\u00b7Mesh count: 20 mesh \u2013 60 mesh.<\/p>\n<p class=\"\">\u00b7Roll length: 30m or 50m.<\/p>\n<p class=\"\"><strong>Especifica\u00e7\u00f5es<\/strong><\/p>\n<p class=\"\" align=\"justify\">Os tr\u00eas dados seguintes s\u00e3o o n\u00famero da malha, o di\u00e2metro do fio e a abertura.<\/p>\n<p align=\"justify\"><img fetchpriority=\"high\" decoding=\"async\" class=\"aligncenter size-full wp-image-3851\" title=\"99.99% High Purity Conductive Silver Mesh Corrosion-Resistant Silver Woven Net 1\" src=\"https:\/\/oqitop.com\/wp-content\/uploads\/2025\/12\/11111-4-5.png\" sizes=\"(max-width: 1024px) 100vw, 1024px\" srcset=\"https:\/\/oqitop.com\/wp-content\/uploads\/2025\/12\/11111-4-5.png 1024w, https:\/\/oqitop.com\/wp-content\/uploads\/2025\/12\/11111-4-5-256x300.png 256w, https:\/\/oqitop.com\/wp-content\/uploads\/2025\/12\/11111-4-5-873x1024.png 873w, https:\/\/oqitop.com\/wp-content\/uploads\/2025\/12\/11111-4-5-768x901.png 768w\" alt=\"\" width=\"1024\" height=\"1201\" \/><img decoding=\"async\" class=\"aligncenter size-full wp-image-3852\" title=\"99.99% High Purity Conductive Silver Mesh Corrosion-Resistant Silver Woven Net 2\" src=\"https:\/\/oqitop.com\/wp-content\/uploads\/2025\/12\/2222-6.jpg\" sizes=\"(max-width: 1024px) 100vw, 1024px\" srcset=\"https:\/\/oqitop.com\/wp-content\/uploads\/2025\/12\/2222-6.jpg 1024w, https:\/\/oqitop.com\/wp-content\/uploads\/2025\/12\/2222-6-300x251.jpg 300w, https:\/\/oqitop.com\/wp-content\/uploads\/2025\/12\/2222-6-768x643.jpg 768w\" alt=\"\" width=\"1024\" height=\"857\" \/><\/p>\n<p><b><strong>Para personalizar v\u00e1rias malhas met\u00e1licas, clique na imagem abaixo para obter mais detalhes:<\/strong><\/b><\/p>\n<table>\n<tbody>\n<tr>\n<td>&nbsp;<\/p>\n<figure id=\"attachment_3760\" class=\"wp-caption aligncenter\" aria-describedby=\"caption-attachment-3760\"><a href=\"https:\/\/oqitop.com\/pt\/produtos\/metal-mesh\/aluminum-mesh\/\"><img decoding=\"async\" class=\"size-thumbnail wp-image-3760\" title=\"Malha met\u00e1lica de tit\u00e2nio Malha met\u00e1lica de tit\u00e2nio para tratamento de \u00e1gua em eletrolisador 2\" src=\"https:\/\/oqitop.com\/wp-content\/uploads\/2025\/12\/Aluminium-Mesh-150x150.jpg\" sizes=\"(max-width: 150px) 100vw, 150px\" srcset=\"https:\/\/oqitop.com\/wp-content\/uploads\/2025\/12\/Aluminium-Mesh-150x150.jpg 150w, https:\/\/oqitop.com\/wp-content\/uploads\/2025\/12\/Aluminium-Mesh-300x300.jpg 300w, https:\/\/oqitop.com\/wp-content\/uploads\/2025\/12\/Aluminium-Mesh-768x768.jpg 768w, https:\/\/oqitop.com\/wp-content\/uploads\/2025\/12\/Aluminium-Mesh.jpg 1000w\" alt=\"\" width=\"150\" height=\"150\" \/><\/a><figcaption id=\"caption-attachment-3760\" class=\"wp-caption-text\"><a href=\"https:\/\/oqitop.com\/pt\/produtos\/metal-mesh\/aluminum-mesh\/\">Malha de alum\u00ednio<\/a><\/figcaption><\/figure>\n<\/td>\n<td>&nbsp;<\/p>\n<figure id=\"attachment_3761\" class=\"wp-caption aligncenter\" aria-describedby=\"caption-attachment-3761\"><a href=\"https:\/\/oqitop.com\/pt\/produtos\/metal-mesh\/copper-mesh\/\"><img loading=\"lazy\" decoding=\"async\" class=\"size-thumbnail wp-image-3761\" title=\"Malha met\u00e1lica de tit\u00e2nio Malha met\u00e1lica de tit\u00e2nio para tratamento de \u00e1gua com eletrolisador 3\" src=\"https:\/\/oqitop.com\/wp-content\/uploads\/2025\/12\/Copper-Mesh-150x150.jpg\" sizes=\"(max-width: 150px) 100vw, 150px\" srcset=\"https:\/\/oqitop.com\/wp-content\/uploads\/2025\/12\/Copper-Mesh-150x150.jpg 150w, https:\/\/oqitop.com\/wp-content\/uploads\/2025\/12\/Copper-Mesh-300x300.jpg 300w, https:\/\/oqitop.com\/wp-content\/uploads\/2025\/12\/Copper-Mesh-768x768.jpg 768w, https:\/\/oqitop.com\/wp-content\/uploads\/2025\/12\/Copper-Mesh.jpg 1000w\" alt=\"\" width=\"150\" height=\"150\" \/><\/a><figcaption id=\"caption-attachment-3761\" class=\"wp-caption-text\"><a href=\"https:\/\/oqitop.com\/pt\/produtos\/metal-mesh\/copper-mesh\/\">Malha de cobre<\/a><\/figcaption><\/figure>\n<\/td>\n<td>&nbsp;<\/p>\n<figure id=\"attachment_3762\" class=\"wp-caption aligncenter\" aria-describedby=\"caption-attachment-3762\"><a href=\"https:\/\/oqitop.com\/pt\/produtos\/metal-mesh\/tungsten-mesh\/\"><img loading=\"lazy\" decoding=\"async\" class=\"size-thumbnail wp-image-3762\" title=\"Malha met\u00e1lica de tit\u00e2nio Malha met\u00e1lica de tit\u00e2nio para tratamento de \u00e1gua com eletrolisador 4\" src=\"https:\/\/oqitop.com\/wp-content\/uploads\/2025\/12\/Tungsten-Mesh-150x150.jpg\" sizes=\"(max-width: 150px) 100vw, 150px\" srcset=\"https:\/\/oqitop.com\/wp-content\/uploads\/2025\/12\/Tungsten-Mesh-150x150.jpg 150w, https:\/\/oqitop.com\/wp-content\/uploads\/2025\/12\/Tungsten-Mesh-300x300.jpg 300w, https:\/\/oqitop.com\/wp-content\/uploads\/2025\/12\/Tungsten-Mesh.jpg 750w\" alt=\"\" width=\"150\" height=\"150\" \/><\/a><figcaption id=\"caption-attachment-3762\" class=\"wp-caption-text\"><a href=\"https:\/\/oqitop.com\/pt\/produtos\/metal-mesh\/tungsten-mesh\/\">Malha de tungst\u00e9nio<\/a><\/figcaption><\/figure>\n<\/td>\n<td>&nbsp;<\/p>\n<figure id=\"attachment_3763\" class=\"wp-caption aligncenter\" aria-describedby=\"caption-attachment-3763\"><a href=\"https:\/\/oqitop.com\/pt\/produtos\/metal-mesh\/malha-de-niquel\/\"><img loading=\"lazy\" decoding=\"async\" class=\"size-thumbnail wp-image-3763\" title=\"Malha met\u00e1lica de tit\u00e2nio Malha met\u00e1lica de tit\u00e2nio para tratamento de \u00e1gua com eletrolisador 5\" src=\"https:\/\/oqitop.com\/wp-content\/uploads\/2025\/12\/Nickel-Mesh-150x150.jpg\" sizes=\"(max-width: 150px) 100vw, 150px\" srcset=\"https:\/\/oqitop.com\/wp-content\/uploads\/2025\/12\/Nickel-Mesh-150x150.jpg 150w, https:\/\/oqitop.com\/wp-content\/uploads\/2025\/12\/Nickel-Mesh-300x300.jpg 300w, https:\/\/oqitop.com\/wp-content\/uploads\/2025\/12\/Nickel-Mesh-768x768.jpg 768w, https:\/\/oqitop.com\/wp-content\/uploads\/2025\/12\/Nickel-Mesh.jpg 800w\" alt=\"\" width=\"150\" height=\"150\" \/><\/a><figcaption id=\"caption-attachment-3763\" class=\"wp-caption-text\"><a href=\"https:\/\/oqitop.com\/pt\/produtos\/metal-mesh\/malha-de-niquel\/\">Malha de n\u00edquel<\/a><\/figcaption><\/figure>\n<\/td>\n<\/tr>\n<tr>\n<td>&nbsp;<\/p>\n<figure id=\"attachment_3764\" class=\"wp-caption aligncenter\" aria-describedby=\"caption-attachment-3764\"><a href=\"https:\/\/oqitop.com\/pt\/produtos\/metal-mesh\/titanium-mesh\/\"><img loading=\"lazy\" decoding=\"async\" class=\"size-thumbnail wp-image-3764\" title=\"Malha met\u00e1lica de tit\u00e2nio Malha met\u00e1lica de tit\u00e2nio para tratamento de \u00e1gua com eletrolisador 6\" src=\"https:\/\/oqitop.com\/wp-content\/uploads\/2025\/12\/Titanium-Mesh-150x150.jpg\" sizes=\"(max-width: 150px) 100vw, 150px\" srcset=\"https:\/\/oqitop.com\/wp-content\/uploads\/2025\/12\/Titanium-Mesh-150x150.jpg 150w, https:\/\/oqitop.com\/wp-content\/uploads\/2025\/12\/Titanium-Mesh-300x300.jpg 300w, https:\/\/oqitop.com\/wp-content\/uploads\/2025\/12\/Titanium-Mesh-768x768.jpg 768w, https:\/\/oqitop.com\/wp-content\/uploads\/2025\/12\/Titanium-Mesh.jpg 1001w\" alt=\"\" width=\"150\" height=\"150\" \/><\/a><figcaption id=\"caption-attachment-3764\" class=\"wp-caption-text\"><a href=\"https:\/\/oqitop.com\/pt\/produtos\/metal-mesh\/titanium-mesh\/\">Malha de tit\u00e2nio<\/a><\/figcaption><\/figure>\n<\/td>\n<td>&nbsp;<\/p>\n<figure id=\"attachment_3765\" class=\"wp-caption aligncenter\" aria-describedby=\"caption-attachment-3765\"><a href=\"https:\/\/oqitop.com\/pt\/produtos\/metal-mesh\/malha-de-prata\/\"><img loading=\"lazy\" decoding=\"async\" class=\"size-thumbnail wp-image-3765\" title=\"Malha met\u00e1lica de tit\u00e2nio Malha met\u00e1lica de tit\u00e2nio para tratamento de \u00e1gua com eletrolisador 7\" src=\"https:\/\/oqitop.com\/wp-content\/uploads\/2025\/12\/Silver-Mesh-150x150.png\" sizes=\"(max-width: 150px) 100vw, 150px\" srcset=\"https:\/\/oqitop.com\/wp-content\/uploads\/2025\/12\/Silver-Mesh-150x150.png 150w, https:\/\/oqitop.com\/wp-content\/uploads\/2025\/12\/Silver-Mesh-300x300.png 300w, https:\/\/oqitop.com\/wp-content\/uploads\/2025\/12\/Silver-Mesh-768x768.png 768w, https:\/\/oqitop.com\/wp-content\/uploads\/2025\/12\/Silver-Mesh.png 800w\" alt=\"\" width=\"150\" height=\"150\" \/><\/a><figcaption id=\"caption-attachment-3765\" class=\"wp-caption-text\"><a href=\"https:\/\/oqitop.com\/pt\/produtos\/metal-mesh\/malha-de-prata\/\">Malha Prateada<\/a><\/figcaption><\/figure>\n<\/td>\n<td>&nbsp;<\/p>\n<figure id=\"attachment_3766\" class=\"wp-caption aligncenter\" aria-describedby=\"caption-attachment-3766\"><a href=\"https:\/\/oqitop.com\/pt\/produtos\/metal-mesh\/molybdenum-mesh\/\"><img loading=\"lazy\" decoding=\"async\" class=\"size-thumbnail wp-image-3766\" title=\"Malha met\u00e1lica de tit\u00e2nio Malha met\u00e1lica de tit\u00e2nio para tratamento de \u00e1gua com eletrolisador 8\" src=\"https:\/\/oqitop.com\/wp-content\/uploads\/2025\/12\/Molybdenum-Mesh-150x150.jpg\" sizes=\"(max-width: 150px) 100vw, 150px\" srcset=\"https:\/\/oqitop.com\/wp-content\/uploads\/2025\/12\/Molybdenum-Mesh-150x150.jpg 150w, https:\/\/oqitop.com\/wp-content\/uploads\/2025\/12\/Molybdenum-Mesh-300x300.jpg 300w, https:\/\/oqitop.com\/wp-content\/uploads\/2025\/12\/Molybdenum-Mesh-1024x1024.jpg 1024w, https:\/\/oqitop.com\/wp-content\/uploads\/2025\/12\/Molybdenum-Mesh-768x768.jpg 768w, https:\/\/oqitop.com\/wp-content\/uploads\/2025\/12\/Molybdenum-Mesh.jpg 1500w\" alt=\"\" width=\"150\" height=\"150\" \/><\/a><figcaption id=\"caption-attachment-3766\" class=\"wp-caption-text\"><a href=\"https:\/\/oqitop.com\/pt\/produtos\/metal-mesh\/molybdenum-mesh\/\">Malha de molibd\u00e9nio<\/a><\/figcaption><\/figure>\n<\/td>\n<td>&nbsp;<\/p>\n<figure id=\"attachment_3767\" class=\"wp-caption aligncenter\" aria-describedby=\"caption-attachment-3767\"><a href=\"https:\/\/oqitop.com\/pt\/produtos\/metal-mesh\/stainless-steel-mesh\/\"><img loading=\"lazy\" decoding=\"async\" class=\"size-thumbnail wp-image-3767\" title=\"Malha met\u00e1lica de tit\u00e2nio Malha met\u00e1lica de tit\u00e2nio para tratamento de \u00e1gua com eletrolisador 9\" src=\"https:\/\/oqitop.com\/wp-content\/uploads\/2025\/12\/Steeless-Mesh-150x150.png\" sizes=\"(max-width: 150px) 100vw, 150px\" srcset=\"https:\/\/oqitop.com\/wp-content\/uploads\/2025\/12\/Steeless-Mesh-150x150.png 150w, https:\/\/oqitop.com\/wp-content\/uploads\/2025\/12\/Steeless-Mesh-300x300.png 300w, https:\/\/oqitop.com\/wp-content\/uploads\/2025\/12\/Steeless-Mesh-768x768.png 768w, https:\/\/oqitop.com\/wp-content\/uploads\/2025\/12\/Steeless-Mesh.png 800w\" alt=\"\" width=\"150\" height=\"150\" \/><\/a><figcaption id=\"caption-attachment-3767\" class=\"wp-caption-text\"><a href=\"https:\/\/oqitop.com\/pt\/produtos\/metal-mesh\/stainless-steel-mesh\/\">Malha sem a\u00e7o<\/a><\/figcaption><\/figure>\n<\/td>\n<\/tr>\n<\/tbody>\n<\/table>\n<figure id=\"attachment_3767\" class=\"wp-caption aligncenter\" aria-describedby=\"caption-attachment-3767\"><\/figure>\n<p><strong>Tamb\u00e9m podemos personalizar v\u00e1rias malhas met\u00e1licas; entre em contacto connosco, se necess\u00e1rio.<\/strong><img loading=\"lazy\" decoding=\"async\" class=\"aligncenter size-full wp-image-3853\" title=\"99.99% High Purity Conductive Silver Mesh Corrosion-Resistant Silver Woven Net 3\" src=\"https:\/\/oqitop.com\/wp-content\/uploads\/2025\/12\/33333-11.jpg\" sizes=\"(max-width: 1024px) 100vw, 1024px\" srcset=\"https:\/\/oqitop.com\/wp-content\/uploads\/2025\/12\/33333-11.jpg 1024w, https:\/\/oqitop.com\/wp-content\/uploads\/2025\/12\/33333-11-300x155.jpg 300w, https:\/\/oqitop.com\/wp-content\/uploads\/2025\/12\/33333-11-768x397.jpg 768w\" alt=\"\" width=\"1024\" height=\"529\" \/><img loading=\"lazy\" decoding=\"async\" class=\"aligncenter size-full wp-image-3854\" title=\"99.99% High Purity Conductive Silver Mesh Corrosion-Resistant Silver Woven Net 4\" src=\"https:\/\/oqitop.com\/wp-content\/uploads\/2025\/12\/55555-11-23.jpg\" sizes=\"(max-width: 1024px) 100vw, 1024px\" srcset=\"https:\/\/oqitop.com\/wp-content\/uploads\/2025\/12\/55555-11-23.jpg 1024w, https:\/\/oqitop.com\/wp-content\/uploads\/2025\/12\/55555-11-23-300x198.jpg 300w, https:\/\/oqitop.com\/wp-content\/uploads\/2025\/12\/55555-11-23-768x508.jpg 768w\" alt=\"\" width=\"1024\" height=\"677\" \/><\/p>","protected":false},"featured_media":4780,"template":"","meta":{"_acf_changed":false,"site-sidebar-layout":"default","site-content-layout":"","ast-site-content-layout":"default","site-content-style":"default","site-sidebar-style":"default","ast-global-header-display":"","ast-banner-title-visibility":"","ast-main-header-display":"","ast-hfb-above-header-display":"","ast-hfb-below-header-display":"","ast-hfb-mobile-header-display":"","site-post-title":"","ast-breadcrumbs-content":"","ast-featured-img":"","footer-sml-layout":"","theme-transparent-header-meta":"default","adv-header-id-meta":"","stick-header-meta":"default","header-above-stick-meta":"","header-main-stick-meta":"","header-below-stick-meta":"","astra-migrate-meta-layouts":"set","ast-page-background-enabled":"default","ast-page-background-meta":{"desktop":{"background-color":"var(--ast-global-color-4)","background-image":"","background-repeat":"repeat","background-position":"center center","background-size":"auto","background-attachment":"scroll","background-type":"","background-media":"","overlay-type":"","overlay-color":"","overlay-opacity":"","overlay-gradient":""},"tablet":{"background-color":"","background-image":"","background-repeat":"repeat","background-position":"center center","background-size":"auto","background-attachment":"scroll","background-type":"","background-media":"","overlay-type":"","overlay-color":"","overlay-opacity":"","overlay-gradient":""},"mobile":{"background-color":"","background-image":"","background-repeat":"repeat","background-position":"center center","background-size":"auto","background-attachment":"scroll","background-type":"","background-media":"","overlay-type":"","overlay-color":"","overlay-opacity":"","overlay-gradient":""}},"ast-content-background-meta":{"desktop":{"background-color":"var(--ast-global-color-5)","background-image":"","background-repeat":"repeat","background-position":"center center","background-size":"auto","background-attachment":"scroll","background-type":"","background-media":"","overlay-type":"","overlay-color":"","overlay-opacity":"","overlay-gradient":""},"tablet":{"background-color":"var(--ast-global-color-5)","background-image":"","background-repeat":"repeat","background-position":"center center","background-size":"auto","background-attachment":"scroll","background-type":"","background-media":"","overlay-type":"","overlay-color":"","overlay-opacity":"","overlay-gradient":""},"mobile":{"background-color":"var(--ast-global-color-5)","background-image":"","background-repeat":"repeat","background-position":"center center","background-size":"auto","background-attachment":"scroll","background-type":"","background-media":"","overlay-type":"","overlay-color":"","overlay-opacity":"","overlay-gradient":""}}},"tags":[],"products":[231,237],"class_list":["post-4779","product","type-product","status-publish","has-post-thumbnail","hentry","products-metal-mesh","products-silver-mesh"],"acf":[],"_links":{"self":[{"href":"https:\/\/oqitop.com\/pt\/wp-json\/wp\/v2\/product\/4779","targetHints":{"allow":["GET"]}}],"collection":[{"href":"https:\/\/oqitop.com\/pt\/wp-json\/wp\/v2\/product"}],"about":[{"href":"https:\/\/oqitop.com\/pt\/wp-json\/wp\/v2\/types\/product"}],"wp:featuredmedia":[{"embeddable":true,"href":"https:\/\/oqitop.com\/pt\/wp-json\/wp\/v2\/media\/4780"}],"wp:attachment":[{"href":"https:\/\/oqitop.com\/pt\/wp-json\/wp\/v2\/media?parent=4779"}],"wp:term":[{"taxonomy":"post_tag","embeddable":true,"href":"https:\/\/oqitop.com\/pt\/wp-json\/wp\/v2\/tags?post=4779"},{"taxonomy":"products","embeddable":true,"href":"https:\/\/oqitop.com\/pt\/wp-json\/wp\/v2\/products?post=4779"}],"curies":[{"name":"wp","href":"https:\/\/api.w.org\/{rel}","templated":true}]}}