 {"id":4886,"date":"2026-01-05T17:45:23","date_gmt":"2026-01-05T09:45:23","guid":{"rendered":"https:\/\/oqitop.com\/?post_type=product&#038;p=4886"},"modified":"2026-01-15T16:53:26","modified_gmt":"2026-01-15T08:53:26","slug":"molybdenum-wire-mesh-alloy-metal-mesh-white-molybdenum-mesh","status":"publish","type":"product","link":"https:\/\/oqitop.com\/pt\/molybdenum-wire-mesh-alloy-metal-mesh-white-molybdenum-mesh\/","title":{"rendered":"Molybdenum Wire Mesh Alloy Metal Mesh White Molybdenum Mesh"},"content":{"rendered":"<h3 style=\"text-align: center;\"><span style=\"color: #ff0000;\">Molybdenum Wire Mesh Alloy Metal Mesh White Molybdenum Mesh <\/span><\/h3>\n<p><iframe src=\"https:\/\/www.youtube.com\/embed\/MAQTnJrwEKE?rel=0\" allowfullscreen=\"allowfullscreen\" data-mce-fragment=\"1\"><span data-mce-type=\"bookmark\" style=\"display: inline-block; width: 0px; overflow: hidden; line-height: 0;\" class=\"mce_SELRES_start\"><\/span><\/iframe><\/p>\n<p>&nbsp;<\/p>\n<p class=\"\"><b>Introdu\u00e7\u00e3o<\/b><b><\/b><\/p>\n<p class=\"\">Zopin provides\u00a0<strong><a href=\"https:\/\/oqitop.com\/pt\/produtos\/metal-mesh\/tungsten-mesh\/\" target=\"_blank\" rel=\"nofollow noopener\">tungst<\/a><\/strong><strong><a href=\"https:\/\/oqitop.com\/pt\/produtos\/metal-mesh\/tungsten-mesh\/\" target=\"_blank\" rel=\"nofollow noopener\">en wire mesh<\/a><\/strong>\u00a0purity of 99.95% or more, the product surface mesh uniformity, no broken wire, no holes, tungsten&#8217;s melting point of up to 3410 \u00b0, with a very high high temperature performance, so tungsten wire mesh is widely used in corrosion-resistant and high-temperature production of the connectors, high-temperature environment of the work of the structural components, heat generator, integrated circuits, aerospace, military and other aspects of the civilian use of the shielding in the microwave oven.<\/p>\n<p class=\"\"><strong>Feature<\/strong><\/p>\n<p class=\"\">Material: white tungsten wire, black tungsten wire<br \/>\nWire diameter: 0.045mm-5mm<br \/>\nAperture: 0.018-50mm<br \/>\nMesh: 1-200 mesh<br \/>\nWeave: plain weave twill weave<br \/>\nCharacteristics:\u00a0Black tungsten wire&#8211;pure tungsten with graphite coating on the surface.<br \/>\nWhite tungsten wire&#8211;remove the graphite coating on the surface of MO1, and have good surface<\/p>\n<p class=\"\"><strong>Especifica\u00e7\u00f5es<\/strong><\/p>\n<p class=\"\" align=\"justify\">Material Content: Cr20Ni80, Cr30Ni70, Cr15Ni60, Cr20Ni35, Cr20Ni30, and more<img fetchpriority=\"high\" decoding=\"async\" class=\"aligncenter size-full wp-image-3887\" src=\"https:\/\/oqitop.com\/wp-content\/uploads\/2025\/12\/11111-4-7.png\" alt=\"\" width=\"1024\" height=\"1201\" title=\"\" srcset=\"https:\/\/oqitop.com\/wp-content\/uploads\/2025\/12\/11111-4-7.png 1024w, https:\/\/oqitop.com\/wp-content\/uploads\/2025\/12\/11111-4-7-256x300.png 256w, https:\/\/oqitop.com\/wp-content\/uploads\/2025\/12\/11111-4-7-873x1024.png 873w, https:\/\/oqitop.com\/wp-content\/uploads\/2025\/12\/11111-4-7-768x901.png 768w\" sizes=\"(max-width: 1024px) 100vw, 1024px\" \/><img decoding=\"async\" class=\"aligncenter size-full wp-image-3888\" src=\"https:\/\/oqitop.com\/wp-content\/uploads\/2025\/12\/2222-8.jpg\" alt=\"\" width=\"1024\" height=\"857\" title=\"\" srcset=\"https:\/\/oqitop.com\/wp-content\/uploads\/2025\/12\/2222-8.jpg 1024w, https:\/\/oqitop.com\/wp-content\/uploads\/2025\/12\/2222-8-300x251.jpg 300w, https:\/\/oqitop.com\/wp-content\/uploads\/2025\/12\/2222-8-768x643.jpg 768w\" sizes=\"(max-width: 1024px) 100vw, 1024px\" \/><\/p>\n<p><b><strong>Para personalizar v\u00e1rias malhas met\u00e1licas, clique na imagem abaixo para obter mais detalhes:<\/strong><\/b><\/p>\n<table>\n<tbody>\n<tr>\n<td>&nbsp;<\/p>\n<figure id=\"attachment_3760\" class=\"wp-caption aligncenter\" aria-describedby=\"caption-attachment-3760\"><a href=\"https:\/\/oqitop.com\/pt\/produtos\/metal-mesh\/aluminum-mesh\/\"><img decoding=\"async\" class=\"size-thumbnail wp-image-3760\" title=\"Malha met\u00e1lica de tit\u00e2nio Malha met\u00e1lica de tit\u00e2nio para tratamento de \u00e1gua em eletrolisador 2\" src=\"https:\/\/oqitop.com\/wp-content\/uploads\/2025\/12\/Aluminium-Mesh-150x150.jpg\" sizes=\"(max-width: 150px) 100vw, 150px\" srcset=\"https:\/\/oqitop.com\/wp-content\/uploads\/2025\/12\/Aluminium-Mesh-150x150.jpg 150w, https:\/\/oqitop.com\/wp-content\/uploads\/2025\/12\/Aluminium-Mesh-300x300.jpg 300w, https:\/\/oqitop.com\/wp-content\/uploads\/2025\/12\/Aluminium-Mesh-768x768.jpg 768w, https:\/\/oqitop.com\/wp-content\/uploads\/2025\/12\/Aluminium-Mesh.jpg 1000w\" alt=\"\" width=\"150\" height=\"150\" \/><\/a><figcaption id=\"caption-attachment-3760\" class=\"wp-caption-text\"><a href=\"https:\/\/oqitop.com\/pt\/produtos\/metal-mesh\/aluminum-mesh\/\">Malha de alum\u00ednio<\/a><\/figcaption><\/figure>\n<\/td>\n<td>&nbsp;<\/p>\n<figure id=\"attachment_3761\" class=\"wp-caption aligncenter\" aria-describedby=\"caption-attachment-3761\"><a href=\"https:\/\/oqitop.com\/pt\/produtos\/metal-mesh\/copper-mesh\/\"><img loading=\"lazy\" decoding=\"async\" class=\"size-thumbnail wp-image-3761\" title=\"Malha met\u00e1lica de tit\u00e2nio Malha met\u00e1lica de tit\u00e2nio para tratamento de \u00e1gua com eletrolisador 3\" src=\"https:\/\/oqitop.com\/wp-content\/uploads\/2025\/12\/Copper-Mesh-150x150.jpg\" sizes=\"(max-width: 150px) 100vw, 150px\" srcset=\"https:\/\/oqitop.com\/wp-content\/uploads\/2025\/12\/Copper-Mesh-150x150.jpg 150w, https:\/\/oqitop.com\/wp-content\/uploads\/2025\/12\/Copper-Mesh-300x300.jpg 300w, https:\/\/oqitop.com\/wp-content\/uploads\/2025\/12\/Copper-Mesh-768x768.jpg 768w, https:\/\/oqitop.com\/wp-content\/uploads\/2025\/12\/Copper-Mesh.jpg 1000w\" alt=\"\" width=\"150\" height=\"150\" \/><\/a><figcaption id=\"caption-attachment-3761\" class=\"wp-caption-text\"><a href=\"https:\/\/oqitop.com\/pt\/produtos\/metal-mesh\/copper-mesh\/\">Malha de cobre<\/a><\/figcaption><\/figure>\n<\/td>\n<td>&nbsp;<\/p>\n<figure id=\"attachment_3762\" class=\"wp-caption aligncenter\" aria-describedby=\"caption-attachment-3762\"><a href=\"https:\/\/oqitop.com\/pt\/produtos\/metal-mesh\/tungsten-mesh\/\"><img loading=\"lazy\" decoding=\"async\" class=\"size-thumbnail wp-image-3762\" title=\"Malha met\u00e1lica de tit\u00e2nio Malha met\u00e1lica de tit\u00e2nio para tratamento de \u00e1gua com eletrolisador 4\" src=\"https:\/\/oqitop.com\/wp-content\/uploads\/2025\/12\/Tungsten-Mesh-150x150.jpg\" sizes=\"(max-width: 150px) 100vw, 150px\" srcset=\"https:\/\/oqitop.com\/wp-content\/uploads\/2025\/12\/Tungsten-Mesh-150x150.jpg 150w, https:\/\/oqitop.com\/wp-content\/uploads\/2025\/12\/Tungsten-Mesh-300x300.jpg 300w, https:\/\/oqitop.com\/wp-content\/uploads\/2025\/12\/Tungsten-Mesh.jpg 750w\" alt=\"\" width=\"150\" height=\"150\" \/><\/a><figcaption id=\"caption-attachment-3762\" class=\"wp-caption-text\"><a href=\"https:\/\/oqitop.com\/pt\/produtos\/metal-mesh\/tungsten-mesh\/\">Malha de tungst\u00e9nio<\/a><\/figcaption><\/figure>\n<\/td>\n<td>&nbsp;<\/p>\n<figure id=\"attachment_3763\" class=\"wp-caption aligncenter\" aria-describedby=\"caption-attachment-3763\"><a href=\"https:\/\/oqitop.com\/pt\/produtos\/metal-mesh\/malha-de-niquel\/\"><img loading=\"lazy\" decoding=\"async\" class=\"size-thumbnail wp-image-3763\" title=\"Malha met\u00e1lica de tit\u00e2nio Malha met\u00e1lica de tit\u00e2nio para tratamento de \u00e1gua com eletrolisador 5\" src=\"https:\/\/oqitop.com\/wp-content\/uploads\/2025\/12\/Nickel-Mesh-150x150.jpg\" sizes=\"(max-width: 150px) 100vw, 150px\" srcset=\"https:\/\/oqitop.com\/wp-content\/uploads\/2025\/12\/Nickel-Mesh-150x150.jpg 150w, https:\/\/oqitop.com\/wp-content\/uploads\/2025\/12\/Nickel-Mesh-300x300.jpg 300w, https:\/\/oqitop.com\/wp-content\/uploads\/2025\/12\/Nickel-Mesh-768x768.jpg 768w, https:\/\/oqitop.com\/wp-content\/uploads\/2025\/12\/Nickel-Mesh.jpg 800w\" alt=\"\" width=\"150\" height=\"150\" \/><\/a><figcaption id=\"caption-attachment-3763\" class=\"wp-caption-text\"><a href=\"https:\/\/oqitop.com\/pt\/produtos\/metal-mesh\/malha-de-niquel\/\">Malha de n\u00edquel<\/a><\/figcaption><\/figure>\n<\/td>\n<\/tr>\n<tr>\n<td>&nbsp;<\/p>\n<figure id=\"attachment_3764\" class=\"wp-caption aligncenter\" aria-describedby=\"caption-attachment-3764\"><a href=\"https:\/\/oqitop.com\/pt\/produtos\/metal-mesh\/titanium-mesh\/\"><img loading=\"lazy\" decoding=\"async\" class=\"size-thumbnail wp-image-3764\" title=\"Malha met\u00e1lica de tit\u00e2nio Malha met\u00e1lica de tit\u00e2nio para tratamento de \u00e1gua com eletrolisador 6\" src=\"https:\/\/oqitop.com\/wp-content\/uploads\/2025\/12\/Titanium-Mesh-150x150.jpg\" sizes=\"(max-width: 150px) 100vw, 150px\" srcset=\"https:\/\/oqitop.com\/wp-content\/uploads\/2025\/12\/Titanium-Mesh-150x150.jpg 150w, https:\/\/oqitop.com\/wp-content\/uploads\/2025\/12\/Titanium-Mesh-300x300.jpg 300w, https:\/\/oqitop.com\/wp-content\/uploads\/2025\/12\/Titanium-Mesh-768x768.jpg 768w, https:\/\/oqitop.com\/wp-content\/uploads\/2025\/12\/Titanium-Mesh.jpg 1001w\" alt=\"\" width=\"150\" height=\"150\" \/><\/a><figcaption id=\"caption-attachment-3764\" class=\"wp-caption-text\"><a href=\"https:\/\/oqitop.com\/pt\/produtos\/metal-mesh\/titanium-mesh\/\">Malha de tit\u00e2nio<\/a><\/figcaption><\/figure>\n<\/td>\n<td>&nbsp;<\/p>\n<figure id=\"attachment_3765\" class=\"wp-caption aligncenter\" aria-describedby=\"caption-attachment-3765\"><a href=\"https:\/\/oqitop.com\/pt\/produtos\/metal-mesh\/malha-de-prata\/\"><img loading=\"lazy\" decoding=\"async\" class=\"size-thumbnail wp-image-3765\" title=\"Malha met\u00e1lica de tit\u00e2nio Malha met\u00e1lica de tit\u00e2nio para tratamento de \u00e1gua com eletrolisador 7\" src=\"https:\/\/oqitop.com\/wp-content\/uploads\/2025\/12\/Silver-Mesh-150x150.png\" sizes=\"(max-width: 150px) 100vw, 150px\" srcset=\"https:\/\/oqitop.com\/wp-content\/uploads\/2025\/12\/Silver-Mesh-150x150.png 150w, https:\/\/oqitop.com\/wp-content\/uploads\/2025\/12\/Silver-Mesh-300x300.png 300w, https:\/\/oqitop.com\/wp-content\/uploads\/2025\/12\/Silver-Mesh-768x768.png 768w, https:\/\/oqitop.com\/wp-content\/uploads\/2025\/12\/Silver-Mesh.png 800w\" alt=\"\" width=\"150\" height=\"150\" \/><\/a><figcaption id=\"caption-attachment-3765\" class=\"wp-caption-text\"><a href=\"https:\/\/oqitop.com\/pt\/produtos\/metal-mesh\/malha-de-prata\/\">Malha Prateada<\/a><\/figcaption><\/figure>\n<\/td>\n<td>&nbsp;<\/p>\n<figure id=\"attachment_3766\" class=\"wp-caption aligncenter\" aria-describedby=\"caption-attachment-3766\"><a href=\"https:\/\/oqitop.com\/pt\/produtos\/metal-mesh\/molybdenum-mesh\/\"><img loading=\"lazy\" decoding=\"async\" class=\"size-thumbnail wp-image-3766\" title=\"Malha met\u00e1lica de tit\u00e2nio Malha met\u00e1lica de tit\u00e2nio para tratamento de \u00e1gua com eletrolisador 8\" src=\"https:\/\/oqitop.com\/wp-content\/uploads\/2025\/12\/Molybdenum-Mesh-150x150.jpg\" sizes=\"(max-width: 150px) 100vw, 150px\" srcset=\"https:\/\/oqitop.com\/wp-content\/uploads\/2025\/12\/Molybdenum-Mesh-150x150.jpg 150w, https:\/\/oqitop.com\/wp-content\/uploads\/2025\/12\/Molybdenum-Mesh-300x300.jpg 300w, https:\/\/oqitop.com\/wp-content\/uploads\/2025\/12\/Molybdenum-Mesh-1024x1024.jpg 1024w, https:\/\/oqitop.com\/wp-content\/uploads\/2025\/12\/Molybdenum-Mesh-768x768.jpg 768w, https:\/\/oqitop.com\/wp-content\/uploads\/2025\/12\/Molybdenum-Mesh.jpg 1500w\" alt=\"\" width=\"150\" height=\"150\" \/><\/a><figcaption id=\"caption-attachment-3766\" class=\"wp-caption-text\"><a href=\"https:\/\/oqitop.com\/pt\/produtos\/metal-mesh\/molybdenum-mesh\/\">Malha de molibd\u00e9nio<\/a><\/figcaption><\/figure>\n<\/td>\n<td>&nbsp;<\/p>\n<figure id=\"attachment_3767\" class=\"wp-caption aligncenter\" aria-describedby=\"caption-attachment-3767\"><a href=\"https:\/\/oqitop.com\/pt\/produtos\/metal-mesh\/stainless-steel-mesh\/\"><img loading=\"lazy\" decoding=\"async\" class=\"size-thumbnail wp-image-3767\" title=\"Malha met\u00e1lica de tit\u00e2nio Malha met\u00e1lica de tit\u00e2nio para tratamento de \u00e1gua com eletrolisador 9\" src=\"https:\/\/oqitop.com\/wp-content\/uploads\/2025\/12\/Steeless-Mesh-150x150.png\" sizes=\"(max-width: 150px) 100vw, 150px\" srcset=\"https:\/\/oqitop.com\/wp-content\/uploads\/2025\/12\/Steeless-Mesh-150x150.png 150w, https:\/\/oqitop.com\/wp-content\/uploads\/2025\/12\/Steeless-Mesh-300x300.png 300w, https:\/\/oqitop.com\/wp-content\/uploads\/2025\/12\/Steeless-Mesh-768x768.png 768w, https:\/\/oqitop.com\/wp-content\/uploads\/2025\/12\/Steeless-Mesh.png 800w\" alt=\"\" width=\"150\" height=\"150\" \/><\/a><figcaption id=\"caption-attachment-3767\" class=\"wp-caption-text\"><a href=\"https:\/\/oqitop.com\/pt\/produtos\/metal-mesh\/stainless-steel-mesh\/\">Malha sem a\u00e7o<\/a><\/figcaption><\/figure>\n<\/td>\n<\/tr>\n<\/tbody>\n<\/table>\n<figure id=\"attachment_3767\" class=\"wp-caption aligncenter\" aria-describedby=\"caption-attachment-3767\"><\/figure>\n<p><strong>Tamb\u00e9m podemos personalizar v\u00e1rias malhas met\u00e1licas; entre em contacto connosco, se necess\u00e1rio.<\/strong><img loading=\"lazy\" decoding=\"async\" class=\"aligncenter size-full wp-image-3889\" src=\"https:\/\/oqitop.com\/wp-content\/uploads\/2025\/12\/33333-13.jpg\" alt=\"\" width=\"1024\" height=\"529\" title=\"\" srcset=\"https:\/\/oqitop.com\/wp-content\/uploads\/2025\/12\/33333-13.jpg 1024w, https:\/\/oqitop.com\/wp-content\/uploads\/2025\/12\/33333-13-300x155.jpg 300w, https:\/\/oqitop.com\/wp-content\/uploads\/2025\/12\/33333-13-768x397.jpg 768w\" sizes=\"(max-width: 1024px) 100vw, 1024px\" \/><img loading=\"lazy\" decoding=\"async\" class=\"aligncenter size-full wp-image-3890\" src=\"https:\/\/oqitop.com\/wp-content\/uploads\/2025\/12\/55555-11-25.jpg\" alt=\"\" width=\"1024\" height=\"677\" title=\"\" srcset=\"https:\/\/oqitop.com\/wp-content\/uploads\/2025\/12\/55555-11-25.jpg 1024w, https:\/\/oqitop.com\/wp-content\/uploads\/2025\/12\/55555-11-25-300x198.jpg 300w, https:\/\/oqitop.com\/wp-content\/uploads\/2025\/12\/55555-11-25-768x508.jpg 768w\" sizes=\"(max-width: 1024px) 100vw, 1024px\" \/><\/p>","protected":false},"featured_media":4887,"template":"","meta":{"_acf_changed":false,"site-sidebar-layout":"default","site-content-layout":"","ast-site-content-layout":"default","site-content-style":"default","site-sidebar-style":"default","ast-global-header-display":"","ast-banner-title-visibility":"","ast-main-header-display":"","ast-hfb-above-header-display":"","ast-hfb-below-header-display":"","ast-hfb-mobile-header-display":"","site-post-title":"","ast-breadcrumbs-content":"","ast-featured-img":"","footer-sml-layout":"","theme-transparent-header-meta":"default","adv-header-id-meta":"","stick-header-meta":"default","header-above-stick-meta":"","header-main-stick-meta":"","header-below-stick-meta":"","astra-migrate-meta-layouts":"set","ast-page-background-enabled":"default","ast-page-background-meta":{"desktop":{"background-color":"var(--ast-global-color-4)","background-image":"","background-repeat":"repeat","background-position":"center center","background-size":"auto","background-attachment":"scroll","background-type":"","background-media":"","overlay-type":"","overlay-color":"","overlay-opacity":"","overlay-gradient":""},"tablet":{"background-color":"","background-image":"","background-repeat":"repeat","background-position":"center center","background-size":"auto","background-attachment":"scroll","background-type":"","background-media":"","overlay-type":"","overlay-color":"","overlay-opacity":"","overlay-gradient":""},"mobile":{"background-color":"","background-image":"","background-repeat":"repeat","background-position":"center center","background-size":"auto","background-attachment":"scroll","background-type":"","background-media":"","overlay-type":"","overlay-color":"","overlay-opacity":"","overlay-gradient":""}},"ast-content-background-meta":{"desktop":{"background-color":"var(--ast-global-color-5)","background-image":"","background-repeat":"repeat","background-position":"center center","background-size":"auto","background-attachment":"scroll","background-type":"","background-media":"","overlay-type":"","overlay-color":"","overlay-opacity":"","overlay-gradient":""},"tablet":{"background-color":"var(--ast-global-color-5)","background-image":"","background-repeat":"repeat","background-position":"center center","background-size":"auto","background-attachment":"scroll","background-type":"","background-media":"","overlay-type":"","overlay-color":"","overlay-opacity":"","overlay-gradient":""},"mobile":{"background-color":"var(--ast-global-color-5)","background-image":"","background-repeat":"repeat","background-position":"center center","background-size":"auto","background-attachment":"scroll","background-type":"","background-media":"","overlay-type":"","overlay-color":"","overlay-opacity":"","overlay-gradient":""}}},"tags":[],"products":[231,238],"class_list":["post-4886","product","type-product","status-publish","has-post-thumbnail","hentry","products-metal-mesh","products-molybdenum-mesh"],"acf":[],"_links":{"self":[{"href":"https:\/\/oqitop.com\/pt\/wp-json\/wp\/v2\/product\/4886","targetHints":{"allow":["GET"]}}],"collection":[{"href":"https:\/\/oqitop.com\/pt\/wp-json\/wp\/v2\/product"}],"about":[{"href":"https:\/\/oqitop.com\/pt\/wp-json\/wp\/v2\/types\/product"}],"wp:featuredmedia":[{"embeddable":true,"href":"https:\/\/oqitop.com\/pt\/wp-json\/wp\/v2\/media\/4887"}],"wp:attachment":[{"href":"https:\/\/oqitop.com\/pt\/wp-json\/wp\/v2\/media?parent=4886"}],"wp:term":[{"taxonomy":"post_tag","embeddable":true,"href":"https:\/\/oqitop.com\/pt\/wp-json\/wp\/v2\/tags?post=4886"},{"taxonomy":"products","embeddable":true,"href":"https:\/\/oqitop.com\/pt\/wp-json\/wp\/v2\/products?post=4886"}],"curies":[{"name":"wp","href":"https:\/\/api.w.org\/{rel}","templated":true}]}}