 {"id":5007,"date":"2026-01-06T16:48:57","date_gmt":"2026-01-06T08:48:57","guid":{"rendered":"https:\/\/oqitop.com\/?post_type=product&#038;p=5007"},"modified":"2026-01-15T17:45:45","modified_gmt":"2026-01-15T09:45:45","slug":"304-316-stainless-steel-foil-for-lithium-battery-research","status":"publish","type":"product","link":"https:\/\/oqitop.com\/pt\/304-316-stainless-steel-foil-for-lithium-battery-research\/","title":{"rendered":"304\/316 Stainless Steel Foil for Lithium Battery Research"},"content":{"rendered":"<h3 style=\"text-align: center;\"><span style=\"color: #ff0000;\">304\/316 Stainless Steel Foil for Lithium Battery Research<\/span><\/h3>\n<p><iframe src=\"https:\/\/www.youtube.com\/embed\/0o0wpRKgdZE?rel=0\" allowfullscreen=\"allowfullscreen\" data-mce-fragment=\"1\"><\/iframe><\/p>\n<p><strong>Introdu\u00e7\u00e3o<\/strong><strong>:<\/strong><br \/>\nA folha de a\u00e7o inoxid\u00e1vel 304 oferece uma versatilidade e durabilidade excepcionais para v\u00e1rias aplica\u00e7\u00f5es.<\/p>\n<p><strong>Carater\u00edsticas principais:<\/strong><br \/>\nMaterial: A\u00e7o inoxid\u00e1vel 304 de qualidade superior<br \/>\nEspessura: Dispon\u00edvel em v\u00e1rias espessuras para se adaptar \u00e0s suas necessidades espec\u00edficas<br \/>\nResist\u00eancia \u00e0 corros\u00e3o: Boa resist\u00eancia \u00e0 corros\u00e3o, adequada para aplica\u00e7\u00f5es de uso geral<br \/>\nToler\u00e2ncia \u00e0 temperatura: Pode suportar temperaturas entre -20\u00b0C e 900\u00b0C<br \/>\nOp\u00e7\u00f5es de acabamento: Escolha entre uma gama de acabamentos para corresponder \u00e0s suas necessidades<br \/>\nAplica\u00e7\u00f5es: Ideal para o fabrico de equipamento de processamento de alimentos, utens\u00edlios de cozinha, aparelhos qu\u00edmicos e materiais de constru\u00e7\u00e3o<br \/>\nOp\u00e7\u00f5es de tamanho: Dispon\u00edvel em tamanhos padr\u00e3o ou dimens\u00f5es personaliz\u00e1veis<\/p>\n<p><strong>Especifica\u00e7\u00e3o<\/strong><\/p>\n<table border=\"1\" width=\"583\" cellspacing=\"0\" cellpadding=\"0\">\n<tbody>\n<tr>\n<td width=\"167\">\n<p align=\"center\">Item<\/p>\n<\/td>\n<td width=\"409\">\n<p align=\"center\">Valor<\/p>\n<\/td>\n<\/tr>\n<tr>\n<td width=\"167\">\n<p align=\"center\">Espessura<\/p>\n<\/td>\n<td width=\"409\">\n<p align=\"center\">0.01mm (0.01~2mm pode ser personalizado)<\/p>\n<\/td>\n<\/tr>\n<tr>\n<td width=\"167\">\n<p align=\"center\">Largura<\/p>\n<\/td>\n<td width=\"409\">\n<p align=\"center\">\u00a0\u00a0\u00a0\u00a0\u00a030mm (3,5mm~1550mm podem ser personalizados)<\/p>\n<\/td>\n<\/tr>\n<tr>\n<td>\n<p align=\"center\">Material<\/p>\n<\/td>\n<td>\n<p align=\"center\">\u00a0A\u00e7o inoxid\u00e1vel 304\/316<\/p>\n<\/td>\n<\/tr>\n<\/tbody>\n<\/table>\n<p><b><strong>Para personalizar v\u00e1rias folhas de metal, por favor clique na imagem abaixo para obter detalhes\uff1a<\/strong><\/b><\/p>\n<table>\n<tbody>\n<tr>\n<td>&nbsp;<\/p>\n<figure id=\"attachment_3927\" class=\"wp-caption aligncenter\" aria-describedby=\"caption-attachment-3927\"><a href=\"https:\/\/oqitop.com\/pt\/produtos\/folha-metalica\/copper-foil\/\"><img decoding=\"async\" class=\"size-thumbnail wp-image-3927\" title=\"Folha de prata de alto desempenho Condutividade Folha de metal Ag Folha de prata de alto desempenho Condutividade Folha de metal Ag 1\" src=\"https:\/\/oqitop.com\/wp-content\/uploads\/2025\/12\/Copper-Foil-1-150x150.jpg\" sizes=\"(max-width: 150px) 100vw, 150px\" srcset=\"https:\/\/oqitop.com\/wp-content\/uploads\/2025\/12\/Copper-Foil-1-150x150.jpg 150w, https:\/\/oqitop.com\/wp-content\/uploads\/2025\/12\/Copper-Foil-1.jpg 300w\" alt=\"\" width=\"150\" height=\"150\" \/><\/a><figcaption id=\"caption-attachment-3927\" class=\"wp-caption-text\"><a href=\"https:\/\/oqitop.com\/pt\/produtos\/folha-metalica\/copper-foil\/\">Folha de cobre<\/a><\/figcaption><\/figure>\n<\/td>\n<td>&nbsp;<\/p>\n<figure id=\"attachment_3928\" class=\"wp-caption aligncenter\" aria-describedby=\"caption-attachment-3928\"><a href=\"https:\/\/oqitop.com\/pt\/produtos\/folha-metalica\/aluminum-foil\/\"><img decoding=\"async\" class=\"size-thumbnail wp-image-3928\" title=\"Folha de prata de alto desempenho Condutividade Folha de metal Ag Folha de prata de alto desempenho Condutividade Folha de metal Ag 2\" src=\"https:\/\/oqitop.com\/wp-content\/uploads\/2025\/12\/Aluminum-Foil-1-150x150.jpg\" sizes=\"(max-width: 150px) 100vw, 150px\" srcset=\"https:\/\/oqitop.com\/wp-content\/uploads\/2025\/12\/Aluminum-Foil-1-150x150.jpg 150w, https:\/\/oqitop.com\/wp-content\/uploads\/2025\/12\/Aluminum-Foil-1.jpg 300w\" alt=\"\" width=\"150\" height=\"150\" \/><\/a><figcaption id=\"caption-attachment-3928\" class=\"wp-caption-text\"><a href=\"https:\/\/oqitop.com\/pt\/produtos\/folha-metalica\/aluminum-foil\/\">Folha de alum\u00ednio<\/a><\/figcaption><\/figure>\n<\/td>\n<td>&nbsp;<\/p>\n<figure id=\"attachment_3929\" class=\"wp-caption aligncenter\" aria-describedby=\"caption-attachment-3929\"><a href=\"https:\/\/oqitop.com\/pt\/produtos\/folha-metalica\/stainless-steel-foil\/\"><img decoding=\"async\" class=\"size-thumbnail wp-image-3929\" title=\"Folha de prata de alto desempenho Condutividade Folha de metal Ag Folha de prata de alto desempenho Condutividade Folha de metal Ag 3\" src=\"https:\/\/oqitop.com\/wp-content\/uploads\/2025\/12\/Stainless-Steel-Foil-150x150.jpg\" sizes=\"(max-width: 150px) 100vw, 150px\" srcset=\"https:\/\/oqitop.com\/wp-content\/uploads\/2025\/12\/Stainless-Steel-Foil-150x150.jpg 150w, https:\/\/oqitop.com\/wp-content\/uploads\/2025\/12\/Stainless-Steel-Foil.jpg 300w\" alt=\"\" width=\"150\" height=\"150\" \/><\/a><figcaption id=\"caption-attachment-3929\" class=\"wp-caption-text\"><a href=\"https:\/\/oqitop.com\/pt\/produtos\/folha-metalica\/stainless-steel-foil\/\">Folha de a\u00e7o inoxid\u00e1vel<\/a><\/figcaption><\/figure>\n<\/td>\n<td>&nbsp;<\/p>\n<figure id=\"attachment_3930\" class=\"wp-caption aligncenter\" aria-describedby=\"caption-attachment-3930\"><a href=\"https:\/\/oqitop.com\/pt\/produtos\/folha-metalica\/tin-foil\/\"><img loading=\"lazy\" decoding=\"async\" class=\"size-thumbnail wp-image-3930\" title=\"Folha de prata de alto desempenho Condutividade Folha de metal Ag Folha de prata de alto desempenho Condutividade Folha de metal Ag 4\" src=\"https:\/\/oqitop.com\/wp-content\/uploads\/2025\/12\/Tin-Foil-150x150.jpg\" sizes=\"(max-width: 150px) 100vw, 150px\" srcset=\"https:\/\/oqitop.com\/wp-content\/uploads\/2025\/12\/Tin-Foil-150x150.jpg 150w, https:\/\/oqitop.com\/wp-content\/uploads\/2025\/12\/Tin-Foil.jpg 300w\" alt=\"\" width=\"150\" height=\"150\" \/><\/a><figcaption id=\"caption-attachment-3930\" class=\"wp-caption-text\"><a href=\"https:\/\/oqitop.com\/pt\/produtos\/folha-metalica\/tin-foil\/\">Papel alum\u00ednio<\/a><\/figcaption><\/figure>\n<\/td>\n<\/tr>\n<tr>\n<td>&nbsp;<\/p>\n<figure id=\"attachment_3931\" class=\"wp-caption aligncenter\" aria-describedby=\"caption-attachment-3931\"><a href=\"https:\/\/oqitop.com\/pt\/produtos\/folha-metalica\/titanium-foil\/\"><img loading=\"lazy\" decoding=\"async\" class=\"size-thumbnail wp-image-3931\" title=\"Folha de prata de alto desempenho Condutividade Folha de metal Ag Folha de prata de alto desempenho Condutividade Folha de metal Ag 5\" src=\"https:\/\/oqitop.com\/wp-content\/uploads\/2025\/12\/Titanium-Foil-150x150.jpg\" sizes=\"(max-width: 150px) 100vw, 150px\" srcset=\"https:\/\/oqitop.com\/wp-content\/uploads\/2025\/12\/Titanium-Foil-150x150.jpg 150w, https:\/\/oqitop.com\/wp-content\/uploads\/2025\/12\/Titanium-Foil.jpg 300w\" alt=\"\" width=\"150\" height=\"150\" \/><\/a><figcaption id=\"caption-attachment-3931\" class=\"wp-caption-text\"><a href=\"https:\/\/oqitop.com\/pt\/produtos\/folha-metalica\/titanium-foil\/\">Folha de tit\u00e2nio<\/a><\/figcaption><\/figure>\n<\/td>\n<td>&nbsp;<\/p>\n<figure id=\"attachment_3932\" class=\"wp-caption aligncenter\" aria-describedby=\"caption-attachment-3932\"><a href=\"https:\/\/oqitop.com\/pt\/produtos\/folha-metalica\/folha-de-niquel\/\"><img loading=\"lazy\" decoding=\"async\" class=\"size-thumbnail wp-image-3932\" title=\"Folha de prata de alto desempenho Condutividade Folha de metal Ag Folha de prata de alto desempenho Condutividade Folha de metal Ag 6\" src=\"https:\/\/oqitop.com\/wp-content\/uploads\/2025\/12\/Nickel-Foil-150x150.jpg\" sizes=\"(max-width: 150px) 100vw, 150px\" srcset=\"https:\/\/oqitop.com\/wp-content\/uploads\/2025\/12\/Nickel-Foil-150x150.jpg 150w, https:\/\/oqitop.com\/wp-content\/uploads\/2025\/12\/Nickel-Foil.jpg 300w\" alt=\"\" width=\"150\" height=\"150\" \/><\/a><figcaption id=\"caption-attachment-3932\" class=\"wp-caption-text\"><a href=\"https:\/\/oqitop.com\/pt\/produtos\/folha-metalica\/folha-de-niquel\/\">Folha de n\u00edquel<\/a><\/figcaption><\/figure>\n<\/td>\n<td>&nbsp;<\/p>\n<figure id=\"attachment_3933\" class=\"wp-caption aligncenter\" aria-describedby=\"caption-attachment-3933\"><a href=\"https:\/\/oqitop.com\/pt\/produtos\/folha-metalica\/folha-de-niquel\/\"><img loading=\"lazy\" decoding=\"async\" class=\"size-thumbnail wp-image-3933\" title=\"Folha de prata de alto desempenho Condutividade Folha de metal Ag Folha de prata de alto desempenho Condutividade Folha de metal Ag 7\" src=\"https:\/\/oqitop.com\/wp-content\/uploads\/2025\/12\/Silver-Foil-150x150.jpg\" sizes=\"(max-width: 150px) 100vw, 150px\" srcset=\"https:\/\/oqitop.com\/wp-content\/uploads\/2025\/12\/Silver-Foil-150x150.jpg 150w, https:\/\/oqitop.com\/wp-content\/uploads\/2025\/12\/Silver-Foil.jpg 300w\" alt=\"\" width=\"150\" height=\"150\" \/><\/a><figcaption id=\"caption-attachment-3933\" class=\"wp-caption-text\"><a href=\"https:\/\/oqitop.com\/pt\/produtos\/folha-metalica\/folha-de-niquel\/\">Folha de prata<\/a><\/figcaption><\/figure>\n<\/td>\n<td>&nbsp;<\/p>\n<figure id=\"attachment_3934\" class=\"wp-caption aligncenter\" aria-describedby=\"caption-attachment-3934\"><figcaption id=\"caption-attachment-3934\" class=\"wp-caption-text\"><a href=\"https:\/\/oqitop.com\/pt\/tungsten-foil\/\"><img loading=\"lazy\" decoding=\"async\" class=\"aligncenter wp-image-4981 size-thumbnail\" title=\"Bobina de alum\u00ednio puro 99.99% de alta qualidade Folha de alum\u00ednio 1\" src=\"https:\/\/oqitop.com\/wp-content\/uploads\/2026\/01\/123-150x150.jpg\" sizes=\"(max-width: 150px) 100vw, 150px\" srcset=\"https:\/\/oqitop.com\/wp-content\/uploads\/2026\/01\/123-150x150.jpg 150w, https:\/\/oqitop.com\/wp-content\/uploads\/2026\/01\/123-12x12.jpg 12w, https:\/\/oqitop.com\/wp-content\/uploads\/2026\/01\/123.jpg 300w\" alt=\"\" width=\"150\" height=\"150\" \/><\/a><a href=\"https:\/\/oqitop.com\/pt\/produtos\/folha-metalica\/tungsten-foil\/\">Folha de tungst\u00e9nio<\/a><\/figcaption><\/figure>\n<\/td>\n<\/tr>\n<\/tbody>\n<\/table>\n<p>&nbsp;<\/p>\n<p><img loading=\"lazy\" decoding=\"async\" class=\"aligncenter size-full wp-image-3677\" title=\"Folha met\u00e1lica de a\u00e7o inoxid\u00e1vel para materiais de laborat\u00f3rio 1\" src=\"https:\/\/oqitop.com\/wp-content\/uploads\/2025\/12\/6-16.jpg\" sizes=\"(max-width: 1024px) 100vw, 1024px\" srcset=\"https:\/\/oqitop.com\/wp-content\/uploads\/2025\/12\/6-16.jpg 1024w, https:\/\/oqitop.com\/wp-content\/uploads\/2025\/12\/6-16-300x167.jpg 300w, https:\/\/oqitop.com\/wp-content\/uploads\/2025\/12\/6-16-768x427.jpg 768w\" alt=\"\" width=\"1024\" height=\"569\" \/><img loading=\"lazy\" decoding=\"async\" class=\"aligncenter size-full wp-image-3678\" title=\"Folha met\u00e1lica de a\u00e7o inoxid\u00e1vel para materiais de laborat\u00f3rio 2\" src=\"https:\/\/oqitop.com\/wp-content\/uploads\/2025\/12\/55555-11-13.jpg\" sizes=\"(max-width: 1024px) 100vw, 1024px\" srcset=\"https:\/\/oqitop.com\/wp-content\/uploads\/2025\/12\/55555-11-13.jpg 1024w, https:\/\/oqitop.com\/wp-content\/uploads\/2025\/12\/55555-11-13-300x198.jpg 300w, https:\/\/oqitop.com\/wp-content\/uploads\/2025\/12\/55555-11-13-768x508.jpg 768w\" alt=\"\" width=\"1024\" height=\"677\" \/><\/p>","protected":false},"featured_media":5008,"template":"","meta":{"_acf_changed":false,"site-sidebar-layout":"default","site-content-layout":"","ast-site-content-layout":"default","site-content-style":"default","site-sidebar-style":"default","ast-global-header-display":"","ast-banner-title-visibility":"","ast-main-header-display":"","ast-hfb-above-header-display":"","ast-hfb-below-header-display":"","ast-hfb-mobile-header-display":"","site-post-title":"","ast-breadcrumbs-content":"","ast-featured-img":"","footer-sml-layout":"","theme-transparent-header-meta":"default","adv-header-id-meta":"","stick-header-meta":"default","header-above-stick-meta":"","header-main-stick-meta":"","header-below-stick-meta":"","astra-migrate-meta-layouts":"set","ast-page-background-enabled":"default","ast-page-background-meta":{"desktop":{"background-color":"var(--ast-global-color-4)","background-image":"","background-repeat":"repeat","background-position":"center center","background-size":"auto","background-attachment":"scroll","background-type":"","background-media":"","overlay-type":"","overlay-color":"","overlay-opacity":"","overlay-gradient":""},"tablet":{"background-color":"","background-image":"","background-repeat":"repeat","background-position":"center center","background-size":"auto","background-attachment":"scroll","background-type":"","background-media":"","overlay-type":"","overlay-color":"","overlay-opacity":"","overlay-gradient":""},"mobile":{"background-color":"","background-image":"","background-repeat":"repeat","background-position":"center center","background-size":"auto","background-attachment":"scroll","background-type":"","background-media":"","overlay-type":"","overlay-color":"","overlay-opacity":"","overlay-gradient":""}},"ast-content-background-meta":{"desktop":{"background-color":"var(--ast-global-color-5)","background-image":"","background-repeat":"repeat","background-position":"center center","background-size":"auto","background-attachment":"scroll","background-type":"","background-media":"","overlay-type":"","overlay-color":"","overlay-opacity":"","overlay-gradient":""},"tablet":{"background-color":"var(--ast-global-color-5)","background-image":"","background-repeat":"repeat","background-position":"center center","background-size":"auto","background-attachment":"scroll","background-type":"","background-media":"","overlay-type":"","overlay-color":"","overlay-opacity":"","overlay-gradient":""},"mobile":{"background-color":"var(--ast-global-color-5)","background-image":"","background-repeat":"repeat","background-position":"center center","background-size":"auto","background-attachment":"scroll","background-type":"","background-media":"","overlay-type":"","overlay-color":"","overlay-opacity":"","overlay-gradient":""}}},"tags":[],"products":[223,226],"class_list":["post-5007","product","type-product","status-publish","has-post-thumbnail","hentry","products-metal-foil","products-stainless-steel-foil"],"acf":[],"_links":{"self":[{"href":"https:\/\/oqitop.com\/pt\/wp-json\/wp\/v2\/product\/5007","targetHints":{"allow":["GET"]}}],"collection":[{"href":"https:\/\/oqitop.com\/pt\/wp-json\/wp\/v2\/product"}],"about":[{"href":"https:\/\/oqitop.com\/pt\/wp-json\/wp\/v2\/types\/product"}],"wp:featuredmedia":[{"embeddable":true,"href":"https:\/\/oqitop.com\/pt\/wp-json\/wp\/v2\/media\/5008"}],"wp:attachment":[{"href":"https:\/\/oqitop.com\/pt\/wp-json\/wp\/v2\/media?parent=5007"}],"wp:term":[{"taxonomy":"post_tag","embeddable":true,"href":"https:\/\/oqitop.com\/pt\/wp-json\/wp\/v2\/tags?post=5007"},{"taxonomy":"products","embeddable":true,"href":"https:\/\/oqitop.com\/pt\/wp-json\/wp\/v2\/products?post=5007"}],"curies":[{"name":"wp","href":"https:\/\/api.w.org\/{rel}","templated":true}]}}