 {"id":5124,"date":"2026-01-07T15:18:48","date_gmt":"2026-01-07T07:18:48","guid":{"rendered":"https:\/\/oqitop.com\/?post_type=product&#038;p=5124"},"modified":"2026-01-15T20:13:20","modified_gmt":"2026-01-15T12:13:20","slug":"ag-99-9-silver-plate-sheet-material-silver-foil-for-scientific-research","status":"publish","type":"product","link":"https:\/\/oqitop.com\/pt\/ag-99-9-silver-plate-sheet-material-silver-foil-for-scientific-research\/","title":{"rendered":"AG 99.9% Silver Plate Sheet Material\/ Silver Foil for Scientific Research"},"content":{"rendered":"<h3 style=\"text-align: center;\"><span style=\"color: #ff0000;\">AG 99.9% Silver Plate Sheet Material\/ Silver Foil for Scientific Research<\/span><\/h3>\n<p><iframe src=\"https:\/\/www.youtube.com\/embed\/3Id5-0pUIG4?rel=0\" allowfullscreen=\"allowfullscreen\" data-mce-fragment=\"1\"><span data-mce-type=\"bookmark\" style=\"display: inline-block; width: 0px; overflow: hidden; line-height: 0;\" class=\"mce_SELRES_start\"><\/span><\/iframe><\/p>\n<h5 style=\"font-style: inherit; font-weight: inherit;\"><\/h5>\n<p>A folha de tungst\u00e9nio \u00e9 produzida por laminagem a frio da folha de tungst\u00e9nio para uma espessura inferior. A folha estampada e estirada \u00e9 muito adequada para utiliza\u00e7\u00e3o nas aplica\u00e7\u00f5es de forno de v\u00e1cuo de alta temperatura, revestimento, componentes electr\u00f3nicos e semicondutores. A folha de tungst\u00e9nio \u00e9 utilizada para fazer prote\u00e7\u00e3o t\u00e9rmica, elemento de aquecimento e suporte do forno de v\u00e1cuo. \u00c9 porque as folhas de tungst\u00e9nio processam uma elevada resist\u00eancia ao calor no ambiente de alta temperatura.<\/p>\n<p>Al\u00e9m disso, a folha de tungst\u00e9nio possui uma press\u00e3o de vapor extremamente baixa e um ponto de fus\u00e3o elevado, pelo que \u00e9 ideal para a aplica\u00e7\u00e3o de revestimento como barco de evapora\u00e7\u00e3o. Al\u00e9m disso, o material ideal para semicondutores precisa de ter um baixo coeficiente de expans\u00e3o t\u00e9rmica e baixa resistividade el\u00e9ctrica. O tungst\u00e9nio pode satisfazer estes requisitos. Por conseguinte, \u00e9 um material muito adequado para componentes da ind\u00fastria de semicondutores. O tungst\u00e9nio foi tamb\u00e9m aprovado como um material promissor a explorar em aplica\u00e7\u00f5es m\u00e9dicas e de pulveriza\u00e7\u00e3o cat\u00f3dica.<\/p>\n<h3>INFORMA\u00c7\u00d5ES SOBRE A PLACA DE TUNGST\u00c9NIO<\/h3>\n<div class=\"row\">\n<table class=\"blue_gray\" border=\"1\" cellspacing=\"0\" cellpadding=\"0\">\n<tbody>\n<tr>\n<th>Padr\u00e3o<\/th>\n<th>Pureza<\/th>\n<th>Densidade<\/th>\n<th>Ponto de fus\u00e3o<\/th>\n<th>Gama de espessuras<\/th>\n<th>Tamanho<\/th>\n<\/tr>\n<tr>\n<td>ASTM B760, GB\/T 3975<\/td>\n<td>\u226599.95%<\/td>\n<td>19,3 g\/cm3<\/td>\n<td>3410 \u2103<\/td>\n<td>&gt; 4,75 mm<\/td>\n<td>Largura e comprimento personalizados<\/td>\n<\/tr>\n<\/tbody>\n<\/table>\n<h3>COMPOSI\u00c7\u00c3O QU\u00cdMICA DA PLACA DE TUNGST\u00c9NIO<\/h3>\n<table class=\"blue_gray\" border=\"1\" cellspacing=\"0\" cellpadding=\"0\">\n<tbody>\n<tr>\n<th>W (\u2265%\uff09<\/th>\n<th colspan=\"8\" rowspan=\"1\">Conte\u00fado qu\u00edmico (\u2264 %\uff09<\/th>\n<\/tr>\n<tr>\n<td colspan=\"1\" rowspan=\"6\">99.95<\/td>\n<td>K<\/td>\n<td>Fe<\/td>\n<td>Al<\/td>\n<td>Mo<\/td>\n<td>Si<\/td>\n<td>Como<\/td>\n<td>Ca<\/td>\n<td>Cr<\/td>\n<\/tr>\n<tr>\n<td>0.0015<\/td>\n<td>0.003<\/td>\n<td>0.003<\/td>\n<td>0.003<\/td>\n<td>0.0015<\/td>\n<td>0.001<\/td>\n<td>0.001<\/td>\n<td>0.001<\/td>\n<\/tr>\n<tr>\n<td>Mg<\/td>\n<td>Mn<\/td>\n<td>Na<\/td>\n<td>Ni<\/td>\n<td>Bi<\/td>\n<td>Cd<\/td>\n<td>Cu<\/td>\n<td>Pb<\/td>\n<\/tr>\n<tr>\n<td>0.001<\/td>\n<td>0.001<\/td>\n<td>0.001<\/td>\n<td>0.001<\/td>\n<td>0.0005<\/td>\n<td>0.0005<\/td>\n<td>0.0005<\/td>\n<td>0.0005<\/td>\n<\/tr>\n<tr>\n<td>Sb<\/td>\n<td>Co<\/td>\n<td>Ti<\/td>\n<td>Sn<\/td>\n<td><\/td>\n<td><\/td>\n<td><\/td>\n<td><\/td>\n<\/tr>\n<tr>\n<td>0.0005<\/td>\n<td>0.0005<\/td>\n<td>0.0005<\/td>\n<td>0.0005<\/td>\n<td><\/td>\n<td><\/td>\n<td><\/td>\n<\/tr>\n<\/tbody>\n<\/table>\n<\/div>\n<div class=\"ife-detail-decorate-table\"><\/div>\n<h5 style=\"font-weight: inherit;\" data-section=\"AliMagic-0ao2x7\" data-section-title=\"Product Advantages\"><strong>Vantagens do produto<\/strong><\/h5>\n<p style=\"font-style: inherit; font-weight: inherit;\"><b><strong>1. desempenho incompar\u00e1vel a altas temperaturas:<\/strong><\/b><br \/>\nCarater\u00edsticas: As placas de tungst\u00e9nio t\u00eam um ponto de fus\u00e3o de at\u00e9 3422\u00b0C e podem manter um funcionamento est\u00e1vel a temperaturas que variam entre 1800\u00b0C e 2600\u00b0C. A resist\u00eancia a altas temperaturas e a resist\u00eancia \u00e0 flacidez excedem largamente as da maioria dos materiais met\u00e1licos.<br \/>\nVantagens: Servindo como escudos t\u00e9rmicos, placas de aquecimento e leitos de forno em fornos de v\u00e1cuo de alta temperatura, as placas de tungst\u00e9nio podem concentrar eficazmente o calor enquanto suportam os pesos das pe\u00e7as de trabalho. Esta capacidade gera um ambiente de alta temperatura puro e est\u00e1vel, garantindo uma vida \u00fatil prolongada e uma elevada fiabilidade.<\/p>\n<p><b><strong>2. propriedades excepcionais de blindagem f\u00edsica:<\/strong><\/b><br \/>\nCarater\u00edsticas: Gra\u00e7as \u00e0 sua elevada densidade, as placas de tungst\u00e9nio proporcionam uma excelente efic\u00e1cia de prote\u00e7\u00e3o contra os raios X e os raios gama.<br \/>\nVantagens: Ideais para o fabrico de colimadores para tomografia computorizada m\u00e9dica, blocos de prote\u00e7\u00e3o contra radia\u00e7\u00f5es, contentores para manuseamento de combust\u00edvel nuclear e componentes de prote\u00e7\u00e3o para equipamento industrial de ensaios n\u00e3o destrutivos, as placas de tungst\u00e9nio proporcionam um excelente desempenho de prote\u00e7\u00e3o, mesmo em calibres mais finos.<\/p>\n<p><b><strong>3.Resist\u00eancia estrutural e estabilidade superiores:<\/strong><\/b><br \/>\nCarater\u00edsticas: As placas de tungst\u00e9nio apresentam uma excelente resist\u00eancia e dureza tanto a altas temperaturas como \u00e0 temperatura ambiente, juntamente com uma excelente resist\u00eancia \u00e0 flu\u00eancia.<br \/>\nVantagens: Como componentes em barcos de evapora\u00e7\u00e3o de feixes electr\u00f3nicos e portadores em c\u00e2maras de processamento de semicondutores, as placas de tungst\u00e9nio mant\u00eam a estabilidade dimensional em condi\u00e7\u00f5es de processo dif\u00edceis, minimizando a deforma\u00e7\u00e3o e assegurando a repetibilidade do processo e a consist\u00eancia do produto.<\/p>\n<p><b><strong>4.Boa condutividade t\u00e9rmica e el\u00e9ctrica:<\/strong><\/b><br \/>\nCarater\u00edsticas: As placas de tungst\u00e9nio possuem uma boa condutividade t\u00e9rmica e el\u00e9ctrica.<br \/>\nVantagens: S\u00e3o adequados para utiliza\u00e7\u00e3o como dissipadores de calor em dispositivos semicondutores de alta pot\u00eancia, permitindo uma r\u00e1pida dissipa\u00e7\u00e3o de calor. Al\u00e9m disso, o tungst\u00e9nio pode ser um substrato para el\u00e9ctrodos de soldadura por resist\u00eancia, melhorando o desempenho das aplica\u00e7\u00f5es de soldadura.<br \/>\n<b><strong>5. alta pureza e personaliza\u00e7\u00e3o flex\u00edvel:<\/strong><\/b><br \/>\nCarater\u00edsticas: As placas de tungst\u00e9nio dispon\u00edveis s\u00e3o de alta qualidade. S\u00e3o fornecidas em v\u00e1rias espessuras e larguras, adaptadas \u00e0s necessidades espec\u00edficas dos clientes.<\/p>\n<p><b><strong>Para personalizar v\u00e1rias folhas de metal, por favor clique na imagem abaixo para obter detalhes\uff1a<\/strong><\/b><\/p>\n<table>\n<tbody>\n<tr>\n<td>&nbsp;<\/p>\n<figure id=\"attachment_3927\" class=\"wp-caption aligncenter\" aria-describedby=\"caption-attachment-3927\"><a href=\"https:\/\/oqitop.com\/pt\/produtos\/folha-metalica\/copper-foil\/\"><img decoding=\"async\" class=\"size-thumbnail wp-image-3927\" title=\"Folha de prata de alto desempenho Condutividade Folha de metal Ag Folha de prata de alto desempenho Condutividade Folha de metal Ag 1\" src=\"https:\/\/oqitop.com\/wp-content\/uploads\/2025\/12\/Copper-Foil-1-150x150.jpg\" sizes=\"(max-width: 150px) 100vw, 150px\" srcset=\"https:\/\/oqitop.com\/wp-content\/uploads\/2025\/12\/Copper-Foil-1-150x150.jpg 150w, https:\/\/oqitop.com\/wp-content\/uploads\/2025\/12\/Copper-Foil-1.jpg 300w\" alt=\"\" width=\"150\" height=\"150\" \/><\/a><figcaption id=\"caption-attachment-3927\" class=\"wp-caption-text\"><a href=\"https:\/\/oqitop.com\/pt\/produtos\/folha-metalica\/copper-foil\/\">Folha de cobre<\/a><\/figcaption><\/figure>\n<\/td>\n<td>&nbsp;<\/p>\n<figure id=\"attachment_3928\" class=\"wp-caption aligncenter\" aria-describedby=\"caption-attachment-3928\"><a href=\"https:\/\/oqitop.com\/pt\/produtos\/folha-metalica\/aluminum-foil\/\"><img decoding=\"async\" class=\"size-thumbnail wp-image-3928\" title=\"Folha de prata de alto desempenho Condutividade Folha de metal Ag Folha de prata de alto desempenho Condutividade Folha de metal Ag 2\" src=\"https:\/\/oqitop.com\/wp-content\/uploads\/2025\/12\/Aluminum-Foil-1-150x150.jpg\" sizes=\"(max-width: 150px) 100vw, 150px\" srcset=\"https:\/\/oqitop.com\/wp-content\/uploads\/2025\/12\/Aluminum-Foil-1-150x150.jpg 150w, https:\/\/oqitop.com\/wp-content\/uploads\/2025\/12\/Aluminum-Foil-1.jpg 300w\" alt=\"\" width=\"150\" height=\"150\" \/><\/a><figcaption id=\"caption-attachment-3928\" class=\"wp-caption-text\"><a href=\"https:\/\/oqitop.com\/pt\/produtos\/folha-metalica\/aluminum-foil\/\">Folha de alum\u00ednio<\/a><\/figcaption><\/figure>\n<\/td>\n<td>&nbsp;<\/p>\n<figure id=\"attachment_3929\" class=\"wp-caption aligncenter\" aria-describedby=\"caption-attachment-3929\"><a href=\"https:\/\/oqitop.com\/pt\/produtos\/folha-metalica\/stainless-steel-foil\/\"><img decoding=\"async\" class=\"size-thumbnail wp-image-3929\" title=\"Folha de prata de alto desempenho Condutividade Folha de metal Ag Folha de prata de alto desempenho Condutividade Folha de metal Ag 3\" src=\"https:\/\/oqitop.com\/wp-content\/uploads\/2025\/12\/Stainless-Steel-Foil-150x150.jpg\" sizes=\"(max-width: 150px) 100vw, 150px\" srcset=\"https:\/\/oqitop.com\/wp-content\/uploads\/2025\/12\/Stainless-Steel-Foil-150x150.jpg 150w, https:\/\/oqitop.com\/wp-content\/uploads\/2025\/12\/Stainless-Steel-Foil.jpg 300w\" alt=\"\" width=\"150\" height=\"150\" \/><\/a><figcaption id=\"caption-attachment-3929\" class=\"wp-caption-text\"><a href=\"https:\/\/oqitop.com\/pt\/produtos\/folha-metalica\/stainless-steel-foil\/\">Folha de a\u00e7o inoxid\u00e1vel<\/a><\/figcaption><\/figure>\n<\/td>\n<td>&nbsp;<\/p>\n<figure id=\"attachment_3930\" class=\"wp-caption aligncenter\" aria-describedby=\"caption-attachment-3930\"><a href=\"https:\/\/oqitop.com\/pt\/produtos\/folha-metalica\/tin-foil\/\"><img loading=\"lazy\" decoding=\"async\" class=\"size-thumbnail wp-image-3930\" title=\"Folha de prata de alto desempenho Condutividade Folha de metal Ag Folha de prata de alto desempenho Condutividade Folha de metal Ag 4\" src=\"https:\/\/oqitop.com\/wp-content\/uploads\/2025\/12\/Tin-Foil-150x150.jpg\" sizes=\"(max-width: 150px) 100vw, 150px\" srcset=\"https:\/\/oqitop.com\/wp-content\/uploads\/2025\/12\/Tin-Foil-150x150.jpg 150w, https:\/\/oqitop.com\/wp-content\/uploads\/2025\/12\/Tin-Foil.jpg 300w\" alt=\"\" width=\"150\" height=\"150\" \/><\/a><figcaption id=\"caption-attachment-3930\" class=\"wp-caption-text\"><a href=\"https:\/\/oqitop.com\/pt\/produtos\/folha-metalica\/tin-foil\/\">Papel alum\u00ednio<\/a><\/figcaption><\/figure>\n<\/td>\n<\/tr>\n<tr>\n<td>&nbsp;<\/p>\n<figure id=\"attachment_3931\" class=\"wp-caption aligncenter\" aria-describedby=\"caption-attachment-3931\"><a href=\"https:\/\/oqitop.com\/pt\/produtos\/folha-metalica\/titanium-foil\/\"><img loading=\"lazy\" decoding=\"async\" class=\"size-thumbnail wp-image-3931\" title=\"Folha de prata de alto desempenho Condutividade Folha de metal Ag Folha de prata de alto desempenho Condutividade Folha de metal Ag 5\" src=\"https:\/\/oqitop.com\/wp-content\/uploads\/2025\/12\/Titanium-Foil-150x150.jpg\" sizes=\"(max-width: 150px) 100vw, 150px\" srcset=\"https:\/\/oqitop.com\/wp-content\/uploads\/2025\/12\/Titanium-Foil-150x150.jpg 150w, https:\/\/oqitop.com\/wp-content\/uploads\/2025\/12\/Titanium-Foil.jpg 300w\" alt=\"\" width=\"150\" height=\"150\" \/><\/a><figcaption id=\"caption-attachment-3931\" class=\"wp-caption-text\"><a href=\"https:\/\/oqitop.com\/pt\/produtos\/folha-metalica\/titanium-foil\/\">Folha de tit\u00e2nio<\/a><\/figcaption><\/figure>\n<\/td>\n<td>&nbsp;<\/p>\n<figure id=\"attachment_3932\" class=\"wp-caption aligncenter\" aria-describedby=\"caption-attachment-3932\"><a href=\"https:\/\/oqitop.com\/pt\/produtos\/folha-metalica\/folha-de-niquel\/\"><img loading=\"lazy\" decoding=\"async\" class=\"size-thumbnail wp-image-3932\" title=\"Folha de prata de alto desempenho Condutividade Folha de metal Ag Folha de prata de alto desempenho Condutividade Folha de metal Ag 6\" src=\"https:\/\/oqitop.com\/wp-content\/uploads\/2025\/12\/Nickel-Foil-150x150.jpg\" sizes=\"(max-width: 150px) 100vw, 150px\" srcset=\"https:\/\/oqitop.com\/wp-content\/uploads\/2025\/12\/Nickel-Foil-150x150.jpg 150w, https:\/\/oqitop.com\/wp-content\/uploads\/2025\/12\/Nickel-Foil.jpg 300w\" alt=\"\" width=\"150\" height=\"150\" \/><\/a><figcaption id=\"caption-attachment-3932\" class=\"wp-caption-text\"><a href=\"https:\/\/oqitop.com\/pt\/produtos\/folha-metalica\/folha-de-niquel\/\">Folha de n\u00edquel<\/a><\/figcaption><\/figure>\n<\/td>\n<td>&nbsp;<\/p>\n<figure id=\"attachment_3933\" class=\"wp-caption aligncenter\" aria-describedby=\"caption-attachment-3933\"><a href=\"https:\/\/oqitop.com\/pt\/produtos\/folha-metalica\/folha-de-niquel\/\"><img loading=\"lazy\" decoding=\"async\" class=\"size-thumbnail wp-image-3933\" title=\"Folha de prata de alto desempenho Condutividade Folha de metal Ag Folha de prata de alto desempenho Condutividade Folha de metal Ag 7\" src=\"https:\/\/oqitop.com\/wp-content\/uploads\/2025\/12\/Silver-Foil-150x150.jpg\" sizes=\"(max-width: 150px) 100vw, 150px\" srcset=\"https:\/\/oqitop.com\/wp-content\/uploads\/2025\/12\/Silver-Foil-150x150.jpg 150w, https:\/\/oqitop.com\/wp-content\/uploads\/2025\/12\/Silver-Foil.jpg 300w\" alt=\"\" width=\"150\" height=\"150\" \/><\/a><figcaption id=\"caption-attachment-3933\" class=\"wp-caption-text\"><a href=\"https:\/\/oqitop.com\/pt\/produtos\/folha-metalica\/folha-de-niquel\/\">Folha de prata<\/a><\/figcaption><\/figure>\n<\/td>\n<td>&nbsp;<\/p>\n<figure id=\"attachment_3934\" class=\"wp-caption aligncenter\" aria-describedby=\"caption-attachment-3934\"><figcaption id=\"caption-attachment-3934\" class=\"wp-caption-text\"><a href=\"https:\/\/oqitop.com\/pt\/tungsten-foil\/\"><img loading=\"lazy\" decoding=\"async\" class=\"aligncenter wp-image-4981 size-thumbnail\" title=\"Bobina de alum\u00ednio puro 99.99% de alta qualidade Folha de alum\u00ednio 1\" src=\"https:\/\/oqitop.com\/wp-content\/uploads\/2026\/01\/123-150x150.jpg\" sizes=\"(max-width: 150px) 100vw, 150px\" srcset=\"https:\/\/oqitop.com\/wp-content\/uploads\/2026\/01\/123-150x150.jpg 150w, https:\/\/oqitop.com\/wp-content\/uploads\/2026\/01\/123-12x12.jpg 12w, https:\/\/oqitop.com\/wp-content\/uploads\/2026\/01\/123.jpg 300w\" alt=\"\" width=\"150\" height=\"150\" \/><\/a><a href=\"https:\/\/oqitop.com\/pt\/produtos\/folha-metalica\/tungsten-foil\/\">Folha de tungst\u00e9nio<\/a><\/figcaption><\/figure>\n<\/td>\n<\/tr>\n<\/tbody>\n<\/table>\n<p>&nbsp;<\/p>\n<p><img loading=\"lazy\" decoding=\"async\" class=\"aligncenter size-full wp-image-4569\" src=\"https:\/\/oqitop.com\/wp-content\/uploads\/2025\/12\/33333-16.jpg\" alt=\"\" width=\"1024\" height=\"1802\" title=\"\" srcset=\"https:\/\/oqitop.com\/wp-content\/uploads\/2025\/12\/33333-16.jpg 1024w, https:\/\/oqitop.com\/wp-content\/uploads\/2025\/12\/33333-16-170x300.jpg 170w, https:\/\/oqitop.com\/wp-content\/uploads\/2025\/12\/33333-16-582x1024.jpg 582w, https:\/\/oqitop.com\/wp-content\/uploads\/2025\/12\/33333-16-768x1352.jpg 768w, https:\/\/oqitop.com\/wp-content\/uploads\/2025\/12\/33333-16-873x1536.jpg 873w, https:\/\/oqitop.com\/wp-content\/uploads\/2025\/12\/33333-16-7x12.jpg 7w\" sizes=\"(max-width: 1024px) 100vw, 1024px\" \/><img loading=\"lazy\" decoding=\"async\" class=\"aligncenter size-full wp-image-4571\" src=\"https:\/\/oqitop.com\/wp-content\/uploads\/2025\/12\/55555-11-35.jpg\" alt=\"\" width=\"1024\" height=\"677\" title=\"\" srcset=\"https:\/\/oqitop.com\/wp-content\/uploads\/2025\/12\/55555-11-35.jpg 1024w, https:\/\/oqitop.com\/wp-content\/uploads\/2025\/12\/55555-11-35-300x198.jpg 300w, https:\/\/oqitop.com\/wp-content\/uploads\/2025\/12\/55555-11-35-768x508.jpg 768w, https:\/\/oqitop.com\/wp-content\/uploads\/2025\/12\/55555-11-35-18x12.jpg 18w\" sizes=\"(max-width: 1024px) 100vw, 1024px\" \/><\/p>","protected":false},"featured_media":5125,"template":"","meta":{"_acf_changed":false,"site-sidebar-layout":"default","site-content-layout":"","ast-site-content-layout":"default","site-content-style":"default","site-sidebar-style":"default","ast-global-header-display":"","ast-banner-title-visibility":"","ast-main-header-display":"","ast-hfb-above-header-display":"","ast-hfb-below-header-display":"","ast-hfb-mobile-header-display":"","site-post-title":"","ast-breadcrumbs-content":"","ast-featured-img":"","footer-sml-layout":"","theme-transparent-header-meta":"default","adv-header-id-meta":"","stick-header-meta":"default","header-above-stick-meta":"","header-main-stick-meta":"","header-below-stick-meta":"","astra-migrate-meta-layouts":"set","ast-page-background-enabled":"default","ast-page-background-meta":{"desktop":{"background-color":"var(--ast-global-color-4)","background-image":"","background-repeat":"repeat","background-position":"center center","background-size":"auto","background-attachment":"scroll","background-type":"","background-media":"","overlay-type":"","overlay-color":"","overlay-opacity":"","overlay-gradient":""},"tablet":{"background-color":"","background-image":"","background-repeat":"repeat","background-position":"center center","background-size":"auto","background-attachment":"scroll","background-type":"","background-media":"","overlay-type":"","overlay-color":"","overlay-opacity":"","overlay-gradient":""},"mobile":{"background-color":"","background-image":"","background-repeat":"repeat","background-position":"center center","background-size":"auto","background-attachment":"scroll","background-type":"","background-media":"","overlay-type":"","overlay-color":"","overlay-opacity":"","overlay-gradient":""}},"ast-content-background-meta":{"desktop":{"background-color":"var(--ast-global-color-5)","background-image":"","background-repeat":"repeat","background-position":"center center","background-size":"auto","background-attachment":"scroll","background-type":"","background-media":"","overlay-type":"","overlay-color":"","overlay-opacity":"","overlay-gradient":""},"tablet":{"background-color":"var(--ast-global-color-5)","background-image":"","background-repeat":"repeat","background-position":"center center","background-size":"auto","background-attachment":"scroll","background-type":"","background-media":"","overlay-type":"","overlay-color":"","overlay-opacity":"","overlay-gradient":""},"mobile":{"background-color":"var(--ast-global-color-5)","background-image":"","background-repeat":"repeat","background-position":"center center","background-size":"auto","background-attachment":"scroll","background-type":"","background-media":"","overlay-type":"","overlay-color":"","overlay-opacity":"","overlay-gradient":""}}},"tags":[],"products":[230,223],"class_list":["post-5124","product","type-product","status-publish","has-post-thumbnail","hentry","products-ag-foil","products-metal-foil"],"acf":[],"_links":{"self":[{"href":"https:\/\/oqitop.com\/pt\/wp-json\/wp\/v2\/product\/5124","targetHints":{"allow":["GET"]}}],"collection":[{"href":"https:\/\/oqitop.com\/pt\/wp-json\/wp\/v2\/product"}],"about":[{"href":"https:\/\/oqitop.com\/pt\/wp-json\/wp\/v2\/types\/product"}],"wp:featuredmedia":[{"embeddable":true,"href":"https:\/\/oqitop.com\/pt\/wp-json\/wp\/v2\/media\/5125"}],"wp:attachment":[{"href":"https:\/\/oqitop.com\/pt\/wp-json\/wp\/v2\/media?parent=5124"}],"wp:term":[{"taxonomy":"post_tag","embeddable":true,"href":"https:\/\/oqitop.com\/pt\/wp-json\/wp\/v2\/tags?post=5124"},{"taxonomy":"products","embeddable":true,"href":"https:\/\/oqitop.com\/pt\/wp-json\/wp\/v2\/products?post=5124"}],"curies":[{"name":"wp","href":"https:\/\/api.w.org\/{rel}","templated":true}]}}